{"id":2922,"date":"2021-08-27T10:37:22","date_gmt":"2021-08-27T08:37:22","guid":{"rendered":"https:\/\/www.termevenezia.it\/?page_id=2922"},"modified":"2021-11-23T17:52:08","modified_gmt":"2021-11-23T16:52:08","slug":"firmenmeetings","status":"publish","type":"page","link":"https:\/\/www.termevenezia.it\/de\/firmenmeetings\/","title":{"rendered":"Business- und Spa-Hotel in Abano Terme"},"content":{"rendered":"<div  class=\"grids-section grids-is-advanced\" style=\"--_gs-gap-desktop:0px 0px;--_gs-m-desktop:0 0 0 0;--_gs-p-desktop:0 0 0 0;--_gs-bg-desktop:transparent none;--_gs-bg-xp-desktop:0px;--_gs-zi-desktop:auto;--_gs-d-desktop:block;--_gs-mw-desktop:calc(100% - 0 - 0);--_gs-gap-tablet:0px 0px;--_gs-m-tablet:0 0 0 0;--_gs-p-tablet:0 0 0 0;--_gs-bg-tablet:transparent none;--_gs-bg-xp-tablet:0px;--_gs-zi-tablet:auto;--_gs-d-tablet:block;--_gs-mw-tablet:calc(100% - 0 - 0);--_gs-gap-mobile:0px 0px;--_gs-m-mobile:0 0 0 0;--_gs-p-mobile:0 0 0 0;--_gs-bg-mobile:transparent none;--_gs-bg-xp-mobile:0px;--_gs-zi-mobile:auto;--_gs-d-mobile:block;--_gs-mw-mobile:calc(100% - 0 - 0);--_gs-columns:12;--_gs-rows:6\"><div class=\"grids-s-w_i\">\n<div class=\"grids-area text-align-left-mobile\" style=\"--_ga-column:3\/11;--_ga-row:1\/2;--_ga-m-desktop:20px 0 0 0;--_ga-p-desktop:0 0 0 0;--_ga-bg-desktop:transparent none;--_ga-zi-desktop:auto;--_ga-d-desktop:flex;--_ga-mw-desktop:calc(100% - 0 - 0);--_ga-m-tablet:20px 0 0 0;--_ga-p-tablet:0 0 0 0;--_ga-bg-tablet:transparent none;--_ga-zi-tablet:auto;--_ga-d-tablet:flex;--_ga-mw-tablet:calc(100% - 0 - 0);--_ga-m-mobile:20px 0 0 0;--_ga-p-mobile:0 0 0 0;--_ga-bg-mobile:transparent none;--_ga-zi-mobile:auto;--_ga-d-mobile:flex;--_ga-mw-mobile:calc(100% - 0 - 0)\">\n\n<p class=\"has-text-align-center\">Der <strong>Konferenzraum <\/strong>des<strong> Hotels Terme Venezia<\/strong> ist ideal f\u00fcr Tagungen, Kongresse, Veranstaltungen, Schulungen, Fortbildungen und Firmenbesprechungen.<\/p>\n\n\n\n<p class=\"has-text-align-center\">Ein einzigartiger und exklusiver Ort im Herzen Abanos f\u00fcr Unternehmen, die ihren Veranstaltungen einen Hauch von Originalit\u00e4t und Exklusivit\u00e4t verleihen und Gesch\u00e4ft und Entspannung verbinden m\u00f6chten.<\/p>\n\n<\/div>\n<\/div><\/div>\n\n<div  class=\"grids-section grids-is-advanced alignfull\" style=\"--_gs-gap-desktop:0px 0px;--_gs-m-desktop:0 0 0 0;--_gs-p-desktop:0 0 0 0;--_gs-bg-desktop:transparent none;--_gs-bg-xp-desktop:0px;--_gs-zi-desktop:auto;--_gs-d-desktop:block;--_gs-mw-desktop:calc(100% - 0 - 0);--_gs-gap-tablet:0px 0px;--_gs-m-tablet:0 0 0 0;--_gs-p-tablet:0 0 0 0;--_gs-bg-tablet:transparent none;--_gs-bg-xp-tablet:0px;--_gs-zi-tablet:auto;--_gs-d-tablet:block;--_gs-mw-tablet:calc(100% - 0 - 0);--_gs-gap-mobile:0px 0px;--_gs-m-mobile:20px 0 20px 0;--_gs-p-mobile:0 0 0 0;--_gs-bg-mobile:transparent none;--_gs-bg-xp-mobile:0px;--_gs-zi-mobile:auto;--_gs-d-mobile:block;--_gs-mw-mobile:calc(100% - 0 - 0);--_gs-columns:12;--_gs-rows:6\"><div class=\"grids-s-w_i\">\n<div class=\"grids-area\" style=\"--_ga-column:2\/5;--_ga-row:1\/7;--_ga-va:center;--_ga-m-desktop:0 0 0 0;--_ga-p-desktop:0 0 0 0;--_ga-bg-desktop:transparent none;--_ga-zi-desktop:auto;--_ga-d-desktop:flex;--_ga-mw-desktop:calc(100% - 0 - 0);--_ga-m-tablet:0 0 0 0;--_ga-p-tablet:0 0 0 0;--_ga-bg-tablet:transparent none;--_ga-zi-tablet:auto;--_ga-d-tablet:flex;--_ga-mw-tablet:calc(100% - 0 - 0);--_ga-m-mobile:0 0 0 0;--_ga-p-mobile:0 0 0 0;--_ga-bg-mobile:transparent none;--_ga-zi-mobile:auto;--_ga-d-mobile:flex;--_ga-mw-mobile:calc(100% - 0 - 0)\">\n\n<h2 class=\"wp-block-heading\">Konferenzraum<\/h2>\n\n\n\n<h3 class=\"wp-block-heading\">Business-Hotel Terme Venezia<\/h3>\n\n\n\n<hr class=\"wp-block-separator is-style-default\"\/>\n\n\n\n<p>Unser 300 Quadratmeter gro\u00dfer Saal mit eigenem Zugang und einem gro\u00dfen Foyer bietet bis zu 130 Personen Platz.<\/p>\n\n\n\n<p>Ein komplett ausgestatteter Veranstaltungsort mit allem N\u00f6tigen, damit Ihr Event ein voller Erfolg wird:<\/p>\n\n\n\n<ul class=\"wp-block-list\"><li>Kostenloses WLAN<\/li><li>10-Mega-Bandbreite<\/li><li>Videoprojektor, an PC anschlie\u00dfbar<\/li><li>Audioanlage<\/li><li>K\u00fcnstliche Beleuchtung<\/li><li>Leinwand<\/li><\/ul>\n\n\n\n\n\n\n\n<\/div>\n\n<div class=\"grids-area\" style=\"--_ga-column:6\/12;--_ga-row:1\/7;--_ga-va:center;--_ga-m-desktop:0 0 0 0;--_ga-p-desktop:0 0 0 0;--_ga-bg-desktop:transparent none;--_ga-zi-desktop:auto;--_ga-d-desktop:flex;--_ga-mw-desktop:calc(100% - 0 - 0);--_ga-m-tablet:0 0 0 0;--_ga-p-tablet:0 0 0 0;--_ga-bg-tablet:transparent none;--_ga-zi-tablet:auto;--_ga-d-tablet:flex;--_ga-mw-tablet:calc(100% - 0 - 0);--_ga-m-mobile:0 0 0 0;--_ga-p-mobile:0 0 0 0;--_ga-bg-mobile:transparent none;--_ga-zi-mobile:auto;--_ga-d-mobile:flex;--_ga-mw-mobile:calc(100% - 0 - 0)\">\n\n<figure class=\"wp-block-image size-large border-rounded\"><img style=\"background-color: #9a9483;\" decoding=\"async\" width=\"1024\" height=\"683\" src=\"https:\/\/www.termevenezia.it\/wp-content\/uploads\/2021\/10\/sale-meeting-hotel-venezia-abano-1024x683.jpg\" alt=\"\" class=\"wp-image-7608\" srcset=\"https:\/\/www.termevenezia.it\/wp-content\/uploads\/2021\/10\/sale-meeting-hotel-venezia-abano-1024x683.jpg 1024w, https:\/\/www.termevenezia.it\/wp-content\/uploads\/2021\/10\/sale-meeting-hotel-venezia-abano-300x200.jpg 300w, https:\/\/www.termevenezia.it\/wp-content\/uploads\/2021\/10\/sale-meeting-hotel-venezia-abano-768x512.jpg 768w, https:\/\/www.termevenezia.it\/wp-content\/uploads\/2021\/10\/sale-meeting-hotel-venezia-abano-1536x1024.jpg 1536w, https:\/\/www.termevenezia.it\/wp-content\/uploads\/2021\/10\/sale-meeting-hotel-venezia-abano-1568x1045.jpg 1568w, https:\/\/www.termevenezia.it\/wp-content\/uploads\/2021\/10\/sale-meeting-hotel-venezia-abano.jpg 1800w\" sizes=\"(max-width: 1024px) 100vw, 1024px\" \/><\/figure>\n\n<\/div>\n<\/div><\/div>\n\n<div  class=\"grids-section grids-is-advanced alignfull\" style=\"--_gs-gap-desktop:0px 0px;--_gs-m-desktop:0 0 0 0;--_gs-p-desktop:0 0 0 0;--_gs-bg-desktop:transparent none;--_gs-bg-xp-desktop:0px;--_gs-zi-desktop:auto;--_gs-d-desktop:block;--_gs-mw-desktop:calc(100% - 0 - 0);--_gs-gap-tablet:0px 0px;--_gs-m-tablet:0 0 0 0;--_gs-p-tablet:0 0 0 0;--_gs-bg-tablet:transparent none;--_gs-bg-xp-tablet:0px;--_gs-zi-tablet:auto;--_gs-d-tablet:block;--_gs-mw-tablet:calc(100% - 0 - 0);--_gs-gap-mobile:0px 0px;--_gs-m-mobile:20px 0 20px 0;--_gs-p-mobile:0 0 0 0;--_gs-bg-mobile:transparent none;--_gs-bg-xp-mobile:0px;--_gs-zi-mobile:auto;--_gs-d-mobile:block;--_gs-mw-mobile:calc(100% - 0 - 0);--_gs-columns:12;--_gs-rows:6\"><div class=\"grids-s-w_i\">\n<div class=\"grids-area\" style=\"--_ga-column:2\/8;--_ga-row:1\/7;--_ga-va:center;--_ga-m-desktop:0 0 0 0;--_ga-p-desktop:0 0 0 0;--_ga-bg-desktop:transparent none;--_ga-zi-desktop:auto;--_ga-d-desktop:flex;--_ga-mw-desktop:calc(100% - 0 - 0);--_ga-m-tablet:0 0 0 0;--_ga-p-tablet:0 0 0 0;--_ga-bg-tablet:transparent none;--_ga-zi-tablet:auto;--_ga-d-tablet:flex;--_ga-mw-tablet:calc(100% - 0 - 0);--_ga-m-mobile:20px 0 20px 0;--_ga-p-mobile:0 0 0 0;--_ga-bg-mobile:transparent none;--_ga-zi-mobile:auto;--_ga-d-mobile:flex;--_ga-mw-mobile:calc(100% - 0 - 0)\">\n\n<h3 class=\"wp-block-heading\"><strong>Ausgestatteter Raum f\u00fcr Veranstaltungen und Konferenzen<\/strong><\/h3>\n\n\n\n<hr class=\"wp-block-separator is-style-default\"\/>\n\n\n\n<p>Damit Sie auch wirklich alles haben, was f\u00fcr Ihr Meeting notwendig ist, k\u00f6nnen Sie auf die qualifizierte Unterst\u00fctzung unserer Mitarbeiter z\u00e4hlen. Sie stehen unseren G\u00e4sten bei der Vorbereitung und Durchf\u00fchrung der Veranstaltung hilf- und tatenreich zur Seite.<\/p>\n\n<\/div>\n<\/div><\/div>\n\n<div  class=\"grids-section grids-is-advanced\" style=\"--_gs-gap-desktop:0px 0px;--_gs-m-desktop:0 0 0 0;--_gs-p-desktop:0 0 0 0;--_gs-bg-desktop:transparent none;--_gs-bg-xp-desktop:0px;--_gs-zi-desktop:auto;--_gs-d-desktop:block;--_gs-mw-desktop:calc(100% - 0 - 0);--_gs-gap-tablet:0px 0px;--_gs-m-tablet:0 0 0 0;--_gs-p-tablet:0 0 0 0;--_gs-bg-tablet:transparent none;--_gs-bg-xp-tablet:0px;--_gs-zi-tablet:auto;--_gs-d-tablet:block;--_gs-mw-tablet:calc(100% - 0 - 0);--_gs-gap-mobile:0px 0px;--_gs-m-mobile:0 0 0 0;--_gs-p-mobile:0 0 0 0;--_gs-bg-mobile:transparent none;--_gs-bg-xp-mobile:0px;--_gs-zi-mobile:auto;--_gs-d-mobile:block;--_gs-mw-mobile:calc(100% - 0 - 0);--_gs-columns:12;--_gs-rows:6\"><div class=\"grids-s-w_i\">\n<div class=\"grids-area\" style=\"--_ga-column:1\/13;--_ga-row:1\/2;--_ga-m-desktop:0 0 0 0;--_ga-p-desktop:0 0 0 0;--_ga-bg-desktop:transparent none;--_ga-zi-desktop:auto;--_ga-d-desktop:flex;--_ga-mw-desktop:calc(100% - 0 - 0);--_ga-m-tablet:0 0 0 0;--_ga-p-tablet:0 0 0 0;--_ga-bg-tablet:transparent none;--_ga-zi-tablet:auto;--_ga-d-tablet:flex;--_ga-mw-tablet:calc(100% - 0 - 0);--_ga-m-mobile:20px 0 20px 0;--_ga-p-mobile:0 0 0 0;--_ga-bg-mobile:transparent none;--_ga-zi-mobile:auto;--_ga-d-mobile:flex;--_ga-mw-mobile:calc(100% - 0 - 0)\">\n<div  class=\"grids-section grids-is-advanced\" style=\"--_gs-gap-desktop:0px 0px;--_gs-m-desktop:0 0 0 0;--_gs-p-desktop:0 0 0 0;--_gs-bg-desktop:#f6f7f8 none;--_gs-bg-xp-desktop:0px;--_gs-zi-desktop:auto;--_gs-d-desktop:block;--_gs-mw-desktop:calc(100% - 0 - 0);--_gs-gap-tablet:0px 0px;--_gs-m-tablet:0 0 0 0;--_gs-p-tablet:0 0 0 0;--_gs-bg-tablet:#f6f7f8 none;--_gs-bg-xp-tablet:0px;--_gs-zi-tablet:auto;--_gs-d-tablet:block;--_gs-mw-tablet:calc(100% - 0 - 0);--_gs-gap-mobile:0px 0px;--_gs-m-mobile:0 0 0 0;--_gs-p-mobile:20px 0 20px 0;--_gs-bg-mobile:#f6f7f8 none;--_gs-bg-xp-mobile:0px;--_gs-zi-mobile:auto;--_gs-d-mobile:block;--_gs-mw-mobile:calc(100% - 0 - 0);--_gs-columns:12;--_gs-rows:6\"><div class=\"grids-s-w_i\">\n<div class=\"grids-area text-align-left-mobile\" style=\"--_ga-column:2\/12;--_ga-row:1\/2;--_ga-m-desktop:0 0 0 0;--_ga-p-desktop:0 0 0 0;--_ga-bg-desktop:transparent none;--_ga-zi-desktop:auto;--_ga-d-desktop:flex;--_ga-mw-desktop:calc(100% - 0 - 0);--_ga-m-tablet:0 0 0 0;--_ga-p-tablet:0 0 0 0;--_ga-bg-tablet:transparent none;--_ga-zi-tablet:auto;--_ga-d-tablet:flex;--_ga-mw-tablet:calc(100% - 0 - 0);--_ga-m-mobile:0 0 0 0;--_ga-p-mobile:0 0 0 0;--_ga-bg-mobile:transparent none;--_ga-zi-mobile:auto;--_ga-d-mobile:flex;--_ga-mw-mobile:calc(100% - 0 - 0)\">\n\n<h2 class=\"has-text-align-center wp-block-heading\">Hotel Terme Venezia f\u00fcr Tagungen und Veranstaltungen in Abano Terme<\/h2>\n\n\n\n<h3 class=\"has-text-align-center wp-block-heading\">Business-Bereich mit allen Vorz\u00fcgen des Thermalwassers<\/h3>\n\n\n\n<p class=\"has-text-align-center\">Wenn Sie sich f\u00fcr das Hotel Terme Venezia entscheiden, stehen Ihnen zahlreiche <strong>Serviceleistungen f\u00fcr gesch\u00e4ftliche Veranstaltungen<\/strong> zur Verf\u00fcgung, darunter die raffinierte K\u00fcche des <a href=\"\/de\/gastronomie\/\"><strong>Restaurants Rialto<\/strong><\/a>, das Ihnen anlassgerechte Men\u00fcs bietet, ein <strong>gro\u00dfer privater Park<\/strong>, der sich hervorragend f\u00fcr Kaffeepausen, Aperitifs und Mittagsbuffets eignet. <\/p>\n\n\n\n<p class=\"has-text-align-center\">Am Ende der Veranstaltung haben diejenigen, die sich in einem der besten Thermalzentren im Herzen der Euganeischen H\u00fcgel entspannen m\u00f6chten, <strong>freien Zugang zu den Pools<\/strong> und dem <strong>Spa Venezia<\/strong>.<\/p>\n\n<\/div>\n<\/div><\/div>\n<\/div>\n<\/div><\/div>\n\n<div  class=\"grids-section grids-is-advanced alignfull\" style=\"--_gs-gap-desktop:0px 0px;--_gs-m-desktop:0 0 0 0;--_gs-p-desktop:0 0 0 0;--_gs-bg-desktop:transparent none;--_gs-bg-xp-desktop:0px;--_gs-zi-desktop:auto;--_gs-d-desktop:block;--_gs-mw-desktop:calc(100% - 0 - 0);--_gs-gap-tablet:0px 0px;--_gs-m-tablet:0 0 0 0;--_gs-p-tablet:0 0 0 0;--_gs-bg-tablet:transparent none;--_gs-bg-xp-tablet:0px;--_gs-zi-tablet:auto;--_gs-d-tablet:block;--_gs-mw-tablet:calc(100% - 0 - 0);--_gs-gap-mobile:0px 0px;--_gs-m-mobile:20px 0 20px 0;--_gs-p-mobile:0 0 0 0;--_gs-bg-mobile:transparent none;--_gs-bg-xp-mobile:0px;--_gs-zi-mobile:auto;--_gs-d-mobile:block;--_gs-mw-mobile:calc(100% - 0 - 0);--_gs-columns:12;--_gs-rows:6\"><div class=\"grids-s-w_i\">\n<div class=\"grids-area\" style=\"--_ga-column:2\/5;--_ga-row:1\/7;--_ga-va:center;--_ga-m-desktop:0 0 0 0;--_ga-p-desktop:0 0 0 0;--_ga-bg-desktop:transparent none;--_ga-zi-desktop:auto;--_ga-d-desktop:flex;--_ga-mw-desktop:calc(100% - 0 - 0);--_ga-m-tablet:0 0 0 0;--_ga-p-tablet:0 0 0 0;--_ga-bg-tablet:transparent none;--_ga-zi-tablet:auto;--_ga-d-tablet:flex;--_ga-mw-tablet:calc(100% - 0 - 0);--_ga-m-mobile:0 0 0 0;--_ga-p-mobile:0 0 0 0;--_ga-bg-mobile:transparent none;--_ga-zi-mobile:auto;--_ga-d-mobile:flex;--_ga-mw-mobile:calc(100% - 0 - 0)\">\n\n<h2 class=\"wp-block-heading\">Spa-Business-Pakete f\u00fcr Unternehmen<\/h2>\n\n\n\n<h3 class=\"wp-block-heading\">Spezielle Pakete Business &amp; Spa Hotel<\/h3>\n\n\n\n<hr class=\"wp-block-separator is-style-default\"\/>\n\n\n\n<p>Im Hotel Terme Venezia finden Gesch\u00e4ftsreisende in einer gastfreundlichen und unbeschwerten Atmosph\u00e4re einen dem Wohlbefinden und der Pflege von K\u00f6rper und Geist gewidmeten Bereich.<\/p>\n\n\n\n<p>Am Ende des Firmenevents erwarten Sie unsere Wellness-Profis und helfen Ihnen dabei, einen Gesch\u00e4ftsaufenthalt in ein angenehmes Erlebnis zu verwandeln.<\/p>\n\n\n\n\n\n\n\n<\/div>\n\n<div class=\"grids-area\" style=\"--_ga-column:6\/12;--_ga-row:1\/7;--_ga-va:center;--_ga-m-desktop:0 0 0 0;--_ga-p-desktop:0 0 0 0;--_ga-bg-desktop:transparent none;--_ga-zi-desktop:auto;--_ga-d-desktop:flex;--_ga-mw-desktop:calc(100% - 0 - 0);--_ga-m-tablet:0 0 0 0;--_ga-p-tablet:0 0 0 0;--_ga-bg-tablet:transparent none;--_ga-zi-tablet:auto;--_ga-d-tablet:flex;--_ga-mw-tablet:calc(100% - 0 - 0);--_ga-m-mobile:0 0 0 0;--_ga-p-mobile:0 0 0 0;--_ga-bg-mobile:transparent none;--_ga-zi-mobile:auto;--_ga-d-mobile:flex;--_ga-mw-mobile:calc(100% - 0 - 0)\">\n\n<figure class=\"wp-block-image size-large border-rounded\"><img style=\"background-color: #575349;\" decoding=\"async\" width=\"1024\" height=\"683\" src=\"https:\/\/www.termevenezia.it\/wp-content\/uploads\/2021\/08\/piscina-esterna-hotel-venezia-abano_02-1024x683.jpg\" alt=\"\" class=\"wp-image-2110\" srcset=\"https:\/\/www.termevenezia.it\/wp-content\/uploads\/2021\/08\/piscina-esterna-hotel-venezia-abano_02-1024x683.jpg 1024w, https:\/\/www.termevenezia.it\/wp-content\/uploads\/2021\/08\/piscina-esterna-hotel-venezia-abano_02-300x200.jpg 300w, https:\/\/www.termevenezia.it\/wp-content\/uploads\/2021\/08\/piscina-esterna-hotel-venezia-abano_02-768x512.jpg 768w, https:\/\/www.termevenezia.it\/wp-content\/uploads\/2021\/08\/piscina-esterna-hotel-venezia-abano_02-1536x1024.jpg 1536w, https:\/\/www.termevenezia.it\/wp-content\/uploads\/2021\/08\/piscina-esterna-hotel-venezia-abano_02-1568x1045.jpg 1568w, https:\/\/www.termevenezia.it\/wp-content\/uploads\/2021\/08\/piscina-esterna-hotel-venezia-abano_02.jpg 1800w\" sizes=\"(max-width: 1024px) 100vw, 1024px\" \/><\/figure>\n\n<\/div>\n<\/div><\/div>","protected":false},"excerpt":{"rendered":"","protected":false},"author":1,"featured_media":7603,"parent":0,"menu_order":0,"comment_status":"closed","ping_status":"closed","template":"","meta":{"_acf_changed":false,"advgb_blocks_editor_width":"","advgb_blocks_columns_visual_guide":"","footnotes":""},"class_list":["post-2922","page","type-page","status-publish","has-post-thumbnail","hentry","entry"],"acf":[],"yoast_head":"<!-- This site is optimized with the Yoast SEO plugin v25.7 - https:\/\/yoast.com\/wordpress\/plugins\/seo\/ -->\n<title>Business- und Spa-Hotel in Abano Terme - Terme Venezia<\/title>\n<meta name=\"description\" content=\"Der Konferenzraum des Hotels Terme Venezia ist ideal f\u00fcr Tagungen, Kongresse, Fortbildungen und Firmenbesprechungen.\" \/>\n<meta name=\"robots\" content=\"index, follow, max-snippet:-1, max-image-preview:large, max-video-preview:-1\" \/>\n<link rel=\"canonical\" href=\"https:\/\/www.termevenezia.it\/de\/firmenmeetings\/\" \/>\n<meta property=\"og:locale\" content=\"de_DE\" \/>\n<meta property=\"og:type\" content=\"article\" \/>\n<meta property=\"og:title\" content=\"Business- und Spa-Hotel in Abano Terme - Terme Venezia\" \/>\n<meta property=\"og:description\" content=\"Der Konferenzraum des Hotels Terme Venezia ist ideal f\u00fcr Tagungen, Kongresse, Fortbildungen und Firmenbesprechungen.\" \/>\n<meta property=\"og:url\" content=\"https:\/\/www.termevenezia.it\/de\/firmenmeetings\/\" \/>\n<meta property=\"og:site_name\" content=\"Terme Venezia\" \/>\n<meta property=\"article:modified_time\" content=\"2021-11-23T16:52:08+00:00\" \/>\n<meta property=\"og:image\" content=\"https:\/\/www.termevenezia.it\/wp-content\/uploads\/2021\/10\/silde-facciata-Hotel-Venezia-Abano.jpg\" \/>\n\t<meta property=\"og:image:width\" content=\"2000\" \/>\n\t<meta property=\"og:image:height\" content=\"714\" \/>\n\t<meta property=\"og:image:type\" content=\"image\/jpeg\" \/>\n<meta name=\"twitter:card\" content=\"summary_large_image\" \/>\n<meta name=\"twitter:label1\" content=\"Gesch\u00e4tzte Lesezeit\" \/>\n\t<meta name=\"twitter:data1\" content=\"2\u00a0Minuten\" \/>\n<script type=\"application\/ld+json\" class=\"yoast-schema-graph\">{\"@context\":\"https:\/\/schema.org\",\"@graph\":[{\"@type\":\"WebPage\",\"@id\":\"https:\/\/www.termevenezia.it\/de\/firmenmeetings\/\",\"url\":\"https:\/\/www.termevenezia.it\/de\/firmenmeetings\/\",\"name\":\"Business- und Spa-Hotel in Abano Terme - Terme Venezia\",\"isPartOf\":{\"@id\":\"https:\/\/www.termevenezia.it\/de\/#website\"},\"primaryImageOfPage\":{\"@id\":\"https:\/\/www.termevenezia.it\/de\/firmenmeetings\/#primaryimage\"},\"image\":{\"@id\":\"https:\/\/www.termevenezia.it\/de\/firmenmeetings\/#primaryimage\"},\"thumbnailUrl\":\"https:\/\/www.termevenezia.it\/wp-content\/uploads\/2021\/10\/silde-facciata-Hotel-Venezia-Abano.jpg\",\"datePublished\":\"2021-08-27T08:37:22+00:00\",\"dateModified\":\"2021-11-23T16:52:08+00:00\",\"description\":\"Der Konferenzraum des Hotels Terme Venezia ist ideal f\u00fcr Tagungen, Kongresse, Fortbildungen und Firmenbesprechungen.\",\"breadcrumb\":{\"@id\":\"https:\/\/www.termevenezia.it\/de\/firmenmeetings\/#breadcrumb\"},\"inLanguage\":\"de\",\"potentialAction\":[{\"@type\":\"ReadAction\",\"target\":[\"https:\/\/www.termevenezia.it\/de\/firmenmeetings\/\"]}]},{\"@type\":\"ImageObject\",\"inLanguage\":\"de\",\"@id\":\"https:\/\/www.termevenezia.it\/de\/firmenmeetings\/#primaryimage\",\"url\":\"https:\/\/www.termevenezia.it\/wp-content\/uploads\/2021\/10\/silde-facciata-Hotel-Venezia-Abano.jpg\",\"contentUrl\":\"https:\/\/www.termevenezia.it\/wp-content\/uploads\/2021\/10\/silde-facciata-Hotel-Venezia-Abano.jpg\",\"width\":2000,\"height\":714},{\"@type\":\"BreadcrumbList\",\"@id\":\"https:\/\/www.termevenezia.it\/de\/firmenmeetings\/#breadcrumb\",\"itemListElement\":[{\"@type\":\"ListItem\",\"position\":1,\"name\":\"\",\"item\":\"https:\/\/www.termevenezia.it\/de\/\"},{\"@type\":\"ListItem\",\"position\":2,\"name\":\"Business- und Spa-Hotel in Abano Terme\"}]},{\"@type\":\"WebSite\",\"@id\":\"https:\/\/www.termevenezia.it\/de\/#website\",\"url\":\"https:\/\/www.termevenezia.it\/de\/\",\"name\":\"Terme Venezia\",\"description\":\"\",\"potentialAction\":[{\"@type\":\"SearchAction\",\"target\":{\"@type\":\"EntryPoint\",\"urlTemplate\":\"https:\/\/www.termevenezia.it\/de\/?s={search_term_string}\"},\"query-input\":{\"@type\":\"PropertyValueSpecification\",\"valueRequired\":true,\"valueName\":\"search_term_string\"}}],\"inLanguage\":\"de\"}]}<\/script>\n<!-- \/ Yoast SEO plugin. -->","yoast_head_json":{"title":"Business- und Spa-Hotel in Abano Terme - Terme Venezia","description":"Der Konferenzraum des Hotels Terme Venezia ist ideal f\u00fcr Tagungen, Kongresse, Fortbildungen und Firmenbesprechungen.","robots":{"index":"index","follow":"follow","max-snippet":"max-snippet:-1","max-image-preview":"max-image-preview:large","max-video-preview":"max-video-preview:-1"},"canonical":"https:\/\/www.termevenezia.it\/de\/firmenmeetings\/","og_locale":"de_DE","og_type":"article","og_title":"Business- und Spa-Hotel in Abano Terme - Terme Venezia","og_description":"Der Konferenzraum des Hotels Terme Venezia ist ideal f\u00fcr Tagungen, Kongresse, Fortbildungen und Firmenbesprechungen.","og_url":"https:\/\/www.termevenezia.it\/de\/firmenmeetings\/","og_site_name":"Terme Venezia","article_modified_time":"2021-11-23T16:52:08+00:00","og_image":[{"width":2000,"height":714,"url":"https:\/\/www.termevenezia.it\/wp-content\/uploads\/2021\/10\/silde-facciata-Hotel-Venezia-Abano.jpg","type":"image\/jpeg"}],"twitter_card":"summary_large_image","twitter_misc":{"Gesch\u00e4tzte Lesezeit":"2\u00a0Minuten"},"schema":{"@context":"https:\/\/schema.org","@graph":[{"@type":"WebPage","@id":"https:\/\/www.termevenezia.it\/de\/firmenmeetings\/","url":"https:\/\/www.termevenezia.it\/de\/firmenmeetings\/","name":"Business- und Spa-Hotel in Abano Terme - Terme Venezia","isPartOf":{"@id":"https:\/\/www.termevenezia.it\/de\/#website"},"primaryImageOfPage":{"@id":"https:\/\/www.termevenezia.it\/de\/firmenmeetings\/#primaryimage"},"image":{"@id":"https:\/\/www.termevenezia.it\/de\/firmenmeetings\/#primaryimage"},"thumbnailUrl":"https:\/\/www.termevenezia.it\/wp-content\/uploads\/2021\/10\/silde-facciata-Hotel-Venezia-Abano.jpg","datePublished":"2021-08-27T08:37:22+00:00","dateModified":"2021-11-23T16:52:08+00:00","description":"Der Konferenzraum des Hotels Terme Venezia ist ideal f\u00fcr Tagungen, Kongresse, Fortbildungen und Firmenbesprechungen.","breadcrumb":{"@id":"https:\/\/www.termevenezia.it\/de\/firmenmeetings\/#breadcrumb"},"inLanguage":"de","potentialAction":[{"@type":"ReadAction","target":["https:\/\/www.termevenezia.it\/de\/firmenmeetings\/"]}]},{"@type":"ImageObject","inLanguage":"de","@id":"https:\/\/www.termevenezia.it\/de\/firmenmeetings\/#primaryimage","url":"https:\/\/www.termevenezia.it\/wp-content\/uploads\/2021\/10\/silde-facciata-Hotel-Venezia-Abano.jpg","contentUrl":"https:\/\/www.termevenezia.it\/wp-content\/uploads\/2021\/10\/silde-facciata-Hotel-Venezia-Abano.jpg","width":2000,"height":714},{"@type":"BreadcrumbList","@id":"https:\/\/www.termevenezia.it\/de\/firmenmeetings\/#breadcrumb","itemListElement":[{"@type":"ListItem","position":1,"name":"","item":"https:\/\/www.termevenezia.it\/de\/"},{"@type":"ListItem","position":2,"name":"Business- und Spa-Hotel in Abano Terme"}]},{"@type":"WebSite","@id":"https:\/\/www.termevenezia.it\/de\/#website","url":"https:\/\/www.termevenezia.it\/de\/","name":"Terme Venezia","description":"","potentialAction":[{"@type":"SearchAction","target":{"@type":"EntryPoint","urlTemplate":"https:\/\/www.termevenezia.it\/de\/?s={search_term_string}"},"query-input":{"@type":"PropertyValueSpecification","valueRequired":true,"valueName":"search_term_string"}}],"inLanguage":"de"}]}},"coauthors":[],"author_meta":{"author_link":"https:\/\/www.termevenezia.it\/de\/author\/t3mr4-v84ka0\/","display_name":"t3mr4-v84ka0"},"relative_dates":{"created":"Posted 5\u00a0Jahren ago","modified":"Updated 4\u00a0Jahren ago"},"absolute_dates":{"created":"Posted on August 27, 2021","modified":"Updated on November 23, 2021"},"absolute_dates_time":{"created":"Posted on August 27, 2021 10:37 a.m.","modified":"Updated on November 23, 2021 5:52 p.m."},"featured_img_caption":"","featured_img":"https:\/\/www.termevenezia.it\/wp-content\/uploads\/2021\/10\/silde-facciata-Hotel-Venezia-Abano-1568x560.jpg","series_order":"","_links":{"self":[{"href":"https:\/\/www.termevenezia.it\/de\/wp-json\/wp\/v2\/pages\/2922","targetHints":{"allow":["GET"]}}],"collection":[{"href":"https:\/\/www.termevenezia.it\/de\/wp-json\/wp\/v2\/pages"}],"about":[{"href":"https:\/\/www.termevenezia.it\/de\/wp-json\/wp\/v2\/types\/page"}],"author":[{"embeddable":true,"href":"https:\/\/www.termevenezia.it\/de\/wp-json\/wp\/v2\/users\/1"}],"replies":[{"embeddable":true,"href":"https:\/\/www.termevenezia.it\/de\/wp-json\/wp\/v2\/comments?post=2922"}],"version-history":[{"count":22,"href":"https:\/\/www.termevenezia.it\/de\/wp-json\/wp\/v2\/pages\/2922\/revisions"}],"predecessor-version":[{"id":8341,"href":"https:\/\/www.termevenezia.it\/de\/wp-json\/wp\/v2\/pages\/2922\/revisions\/8341"}],"wp:featuredmedia":[{"embeddable":true,"href":"https:\/\/www.termevenezia.it\/de\/wp-json\/wp\/v2\/media\/7603"}],"wp:attachment":[{"href":"https:\/\/www.termevenezia.it\/de\/wp-json\/wp\/v2\/media?parent=2922"}],"curies":[{"name":"wp","href":"https:\/\/api.w.org\/{rel}","templated":true}]}}