{"id":2973,"date":"2021-08-27T11:05:25","date_gmt":"2021-08-27T09:05:25","guid":{"rendered":"https:\/\/www.termevenezia.it\/?page_id=2973"},"modified":"2021-11-24T15:37:10","modified_gmt":"2021-11-24T14:37:10","slug":"unterwasserbewegung-und-rehabilitation","status":"publish","type":"page","link":"https:\/\/www.termevenezia.it\/de\/unterwasserbewegung-und-rehabilitation\/","title":{"rendered":"Rehabilitation und Unterwasserbewegung"},"content":{"rendered":"<div  class=\"grids-section grids-is-advanced\" style=\"--_gs-gap-desktop:0px 0px;--_gs-m-desktop:0 0 0 0;--_gs-p-desktop:0 0 0 0;--_gs-bg-desktop:transparent none;--_gs-bg-xp-desktop:0px;--_gs-zi-desktop:auto;--_gs-d-desktop:block;--_gs-mw-desktop:calc(100% - 0 - 0);--_gs-gap-tablet:0px 0px;--_gs-m-tablet:0 0 0 0;--_gs-p-tablet:0 0 0 0;--_gs-bg-tablet:transparent none;--_gs-bg-xp-tablet:0px;--_gs-zi-tablet:auto;--_gs-d-tablet:block;--_gs-mw-tablet:calc(100% - 0 - 0);--_gs-gap-mobile:0px 0px;--_gs-m-mobile:0 0 0 0;--_gs-p-mobile:0 0 0 0;--_gs-bg-mobile:transparent none;--_gs-bg-xp-mobile:0px;--_gs-zi-mobile:auto;--_gs-d-mobile:block;--_gs-mw-mobile:calc(100% - 0 - 0);--_gs-columns:12;--_gs-rows:6\"><div class=\"grids-s-w_i\">\n<div class=\"grids-area text-align-left-mobile\" style=\"--_ga-column:3\/11;--_ga-row:1\/2;--_ga-m-desktop:20px 0 0 0;--_ga-p-desktop:0 0 0 0;--_ga-bg-desktop:transparent none;--_ga-zi-desktop:auto;--_ga-d-desktop:flex;--_ga-mw-desktop:calc(100% - 0 - 0);--_ga-m-tablet:20px 0 0 0;--_ga-p-tablet:0 0 0 0;--_ga-bg-tablet:transparent none;--_ga-zi-tablet:auto;--_ga-d-tablet:flex;--_ga-mw-tablet:calc(100% - 0 - 0);--_ga-m-mobile:20px 0 0 0;--_ga-p-mobile:0 0 0 0;--_ga-bg-mobile:transparent none;--_ga-zi-mobile:auto;--_ga-d-mobile:flex;--_ga-mw-mobile:calc(100% - 0 - 0)\">\n\n<p class=\"has-text-align-center\">Das Hotel Terme Venezia bietet eine gro\u00dfe Auswahl von Behandlungen und Rehabilitations\u00fcbungen f\u00fcr Gelenke und Muskeln, die darauf abzielen, das k\u00f6rperliche und motorische Potenzial wiederherzustellen oder zu erhalten.<\/p>\n\n<\/div>\n<\/div><\/div>\n\n<div  class=\"grids-section grids-is-advanced alignfull\" style=\"--_gs-gap-desktop:0px 0px;--_gs-m-desktop:0 0 0 0;--_gs-p-desktop:0 0 0 0;--_gs-bg-desktop:transparent none;--_gs-bg-xp-desktop:0px;--_gs-zi-desktop:auto;--_gs-d-desktop:block;--_gs-mw-desktop:calc(100% - 0 - 0);--_gs-gap-tablet:0px 0px;--_gs-m-tablet:0 0 0 0;--_gs-p-tablet:0 0 0 0;--_gs-bg-tablet:transparent none;--_gs-bg-xp-tablet:0px;--_gs-zi-tablet:auto;--_gs-d-tablet:block;--_gs-mw-tablet:calc(100% - 0 - 0);--_gs-gap-mobile:0px 0px;--_gs-m-mobile:0 0 0 0;--_gs-p-mobile:0 0 0 0;--_gs-bg-mobile:transparent none;--_gs-bg-xp-mobile:0px;--_gs-zi-mobile:auto;--_gs-d-mobile:block;--_gs-mw-mobile:calc(100% - 0 - 0);--_gs-columns:12;--_gs-rows:6\"><div class=\"grids-s-w_i\">\n<div class=\"grids-area\" style=\"--_ga-column:9\/12;--_ga-row:1\/7;--_ga-va:center;--_ga-m-desktop:0 0 0 0;--_ga-p-desktop:0 0 0 0;--_ga-bg-desktop:transparent none;--_ga-zi-desktop:auto;--_ga-d-desktop:flex;--_ga-mw-desktop:calc(100% - 0 - 0);--_ga-m-tablet:0 0 0 0;--_ga-p-tablet:0 0 0 0;--_ga-bg-tablet:transparent none;--_ga-zi-tablet:auto;--_ga-d-tablet:flex;--_ga-mw-tablet:calc(100% - 0 - 0);--_ga-m-mobile:0 0 0 0;--_ga-p-mobile:0 0 0 0;--_ga-bg-mobile:transparent none;--_ga-zi-mobile:auto;--_ga-d-mobile:flex;--_ga-mw-mobile:calc(100% - 0 - 0)\">\n\n<h2 class=\"wp-block-heading\">Bewegungstherapie im Thermalwasser<\/h2>\n\n\n\n<h3 class=\"wp-block-heading\">Rehabilitation in Abano<\/h3>\n\n\n\n<hr class=\"wp-block-separator\"\/>\n\n\n\n<p>Eine der beliebtesten Behandlungen zur Rehabilitation von Gelenken und Muskeln ist die <strong>Bewegungstherapie im Thermalwasser.<\/strong><\/p>\n\n\n\n<p>Das Wasser macht den K\u00f6rper leichter und die thermale W\u00e4rme f\u00f6rdert die Beweglichkeit durch Dehnung und Entspannung des Organismus. So k\u00f6nnen die motorischen Funktionen in kurzer Zeit wiederhergestellt werden.<\/p>\n\n\n\n<p>Die<strong> Bewegungstherapie <\/strong>im Thermalwasser von Abano eignet sich insbesondere f\u00fcr die Wiederherstellung der Muskeln nach einer Operation, f\u00fcr \u00fcberlastete Gelenke oder f\u00fcr \u00e4ltere Menschen, die sich nur schwer fortbewegen k\u00f6nnen. Sie unterst\u00fctzt die sanfte und schrittweise Wiederaufnahme der nat\u00fcrlichen Bewegungen.<\/p>\n\n\n\n<\/div>\n\n<div class=\"grids-area\" style=\"--_ga-column:2\/8;--_ga-row:1\/7;--_ga-va:center;--_ga-m-desktop:0 0 0 0;--_ga-p-desktop:0 0 0 0;--_ga-bg-desktop:transparent none;--_ga-zi-desktop:auto;--_ga-d-desktop:flex;--_ga-mw-desktop:calc(100% - 0 - 0);--_ga-m-tablet:0 0 0 0;--_ga-p-tablet:0 0 0 0;--_ga-bg-tablet:transparent none;--_ga-zi-tablet:auto;--_ga-d-tablet:flex;--_ga-mw-tablet:calc(100% - 0 - 0);--_ga-m-mobile:0 0 0 0;--_ga-p-mobile:0 0 0 0;--_ga-bg-mobile:transparent none;--_ga-zi-mobile:auto;--_ga-d-mobile:flex;--_ga-mw-mobile:calc(100% - 0 - 0)\">\n\n<figure class=\"wp-block-image size-large border-rounded\"><img style=\"background-color: #beb274;\" decoding=\"async\" width=\"1024\" height=\"683\" src=\"https:\/\/www.termevenezia.it\/wp-content\/uploads\/2021\/08\/idrokinesi-hotel-venezia-abano_01-1024x683.jpg\" alt=\"\" class=\"wp-image-990\" srcset=\"https:\/\/www.termevenezia.it\/wp-content\/uploads\/2021\/08\/idrokinesi-hotel-venezia-abano_01-1024x683.jpg 1024w, https:\/\/www.termevenezia.it\/wp-content\/uploads\/2021\/08\/idrokinesi-hotel-venezia-abano_01-300x200.jpg 300w, https:\/\/www.termevenezia.it\/wp-content\/uploads\/2021\/08\/idrokinesi-hotel-venezia-abano_01-768x512.jpg 768w, https:\/\/www.termevenezia.it\/wp-content\/uploads\/2021\/08\/idrokinesi-hotel-venezia-abano_01-1536x1024.jpg 1536w, https:\/\/www.termevenezia.it\/wp-content\/uploads\/2021\/08\/idrokinesi-hotel-venezia-abano_01-1568x1045.jpg 1568w, https:\/\/www.termevenezia.it\/wp-content\/uploads\/2021\/08\/idrokinesi-hotel-venezia-abano_01.jpg 1800w\" sizes=\"(max-width: 1024px) 100vw, 1024px\" \/><\/figure>\n\n<\/div>\n<\/div><\/div>\n\n<div  class=\"grids-section grids-is-advanced alignfull\" style=\"--_gs-gap-desktop:0px 0px;--_gs-m-desktop:0 0 0 0;--_gs-p-desktop:0 0 0 0;--_gs-bg-desktop:transparent none;--_gs-bg-xp-desktop:0px;--_gs-zi-desktop:auto;--_gs-d-desktop:block;--_gs-mw-desktop:calc(100% - 0 - 0);--_gs-gap-tablet:0px 0px;--_gs-m-tablet:0 0 0 0;--_gs-p-tablet:0 0 0 0;--_gs-bg-tablet:transparent none;--_gs-bg-xp-tablet:0px;--_gs-zi-tablet:auto;--_gs-d-tablet:block;--_gs-mw-tablet:calc(100% - 0 - 0);--_gs-gap-mobile:0px 0px;--_gs-m-mobile:0 0 0 0;--_gs-p-mobile:0 0 0 0;--_gs-bg-mobile:transparent none;--_gs-bg-xp-mobile:0px;--_gs-zi-mobile:auto;--_gs-d-mobile:block;--_gs-mw-mobile:calc(100% - 0 - 0);--_gs-columns:12;--_gs-rows:6\"><div class=\"grids-s-w_i\">\n<div class=\"grids-area\" style=\"--_ga-column:2\/5;--_ga-row:1\/7;--_ga-va:center;--_ga-m-desktop:0 0 0 0;--_ga-p-desktop:0 0 0 0;--_ga-bg-desktop:transparent none;--_ga-zi-desktop:auto;--_ga-d-desktop:flex;--_ga-mw-desktop:calc(100% - 0 - 0);--_ga-m-tablet:0 0 0 0;--_ga-p-tablet:0 0 0 0;--_ga-bg-tablet:transparent none;--_ga-zi-tablet:auto;--_ga-d-tablet:flex;--_ga-mw-tablet:calc(100% - 0 - 0);--_ga-m-mobile:0 0 0 0;--_ga-p-mobile:0 0 0 0;--_ga-bg-mobile:transparent none;--_ga-zi-mobile:auto;--_ga-d-mobile:flex;--_ga-mw-mobile:calc(100% - 0 - 0)\">\n\n<h2 class=\"wp-block-heading\">Bewegungstherapie<\/h2>\n\n\n\n<h3 class=\"wp-block-heading\">Bewegungsrehabilitation<\/h3>\n\n\n\n<hr class=\"wp-block-separator is-style-default\"\/>\n\n\n\n<p>Motorische Rehabilitation, wie es die Bewegungstherapie (Kinesiotherapie) ist, zielt darauf ab, die normale Funktion der Muskeln, der Myofaszien, der Gelenke und die Bewegungskoordination einer oder mehrerer Gliedma\u00dfen wiederherzustellen.<\/p>\n\n\n\n<\/div>\n\n<div class=\"grids-area\" style=\"--_ga-column:6\/12;--_ga-row:1\/7;--_ga-va:center;--_ga-m-desktop:0 0 0 0;--_ga-p-desktop:0 0 0 0;--_ga-bg-desktop:transparent none;--_ga-zi-desktop:auto;--_ga-d-desktop:flex;--_ga-mw-desktop:calc(100% - 0 - 0);--_ga-m-tablet:0 0 0 0;--_ga-p-tablet:0 0 0 0;--_ga-bg-tablet:transparent none;--_ga-zi-tablet:auto;--_ga-d-tablet:flex;--_ga-mw-tablet:calc(100% - 0 - 0);--_ga-m-mobile:0 0 0 0;--_ga-p-mobile:0 0 0 0;--_ga-bg-mobile:transparent none;--_ga-zi-mobile:auto;--_ga-d-mobile:flex;--_ga-mw-mobile:calc(100% - 0 - 0)\">\n\n<figure class=\"wp-block-image size-large border-rounded\"><img style=\"background-color: #5f9997;\" decoding=\"async\" width=\"1024\" height=\"683\" src=\"https:\/\/www.termevenezia.it\/wp-content\/uploads\/2021\/08\/idrokinesi-hotel-venezia-abano_02-1024x683.jpg\" alt=\"\" class=\"wp-image-992\" srcset=\"https:\/\/www.termevenezia.it\/wp-content\/uploads\/2021\/08\/idrokinesi-hotel-venezia-abano_02-1024x683.jpg 1024w, https:\/\/www.termevenezia.it\/wp-content\/uploads\/2021\/08\/idrokinesi-hotel-venezia-abano_02-300x200.jpg 300w, https:\/\/www.termevenezia.it\/wp-content\/uploads\/2021\/08\/idrokinesi-hotel-venezia-abano_02-768x512.jpg 768w, https:\/\/www.termevenezia.it\/wp-content\/uploads\/2021\/08\/idrokinesi-hotel-venezia-abano_02-1536x1024.jpg 1536w, https:\/\/www.termevenezia.it\/wp-content\/uploads\/2021\/08\/idrokinesi-hotel-venezia-abano_02-1568x1045.jpg 1568w, https:\/\/www.termevenezia.it\/wp-content\/uploads\/2021\/08\/idrokinesi-hotel-venezia-abano_02.jpg 1800w\" sizes=\"(max-width: 1024px) 100vw, 1024px\" \/><\/figure>\n\n<\/div>\n<\/div><\/div>\n\n<div  class=\"grids-section grids-is-advanced alignfull\" style=\"--_gs-gap-desktop:0px 0px;--_gs-m-desktop:0 0 0 0;--_gs-p-desktop:0 0 0 0;--_gs-bg-desktop:transparent none;--_gs-bg-xp-desktop:0px;--_gs-zi-desktop:auto;--_gs-d-desktop:block;--_gs-mw-desktop:calc(100% - 0 - 0);--_gs-gap-tablet:0px 0px;--_gs-m-tablet:0 0 0 0;--_gs-p-tablet:0 0 0 0;--_gs-bg-tablet:transparent none;--_gs-bg-xp-tablet:0px;--_gs-zi-tablet:auto;--_gs-d-tablet:block;--_gs-mw-tablet:calc(100% - 0 - 0);--_gs-gap-mobile:0px 0px;--_gs-m-mobile:0 0 0 0;--_gs-p-mobile:0 0 0 0;--_gs-bg-mobile:transparent none;--_gs-bg-xp-mobile:0px;--_gs-zi-mobile:auto;--_gs-d-mobile:block;--_gs-mw-mobile:calc(100% - 0 - 0);--_gs-columns:12;--_gs-rows:6\"><div class=\"grids-s-w_i\">\n<div class=\"grids-area\" style=\"--_ga-column:9\/12;--_ga-row:1\/7;--_ga-va:center;--_ga-m-desktop:0 0 0 0;--_ga-p-desktop:0 0 0 0;--_ga-bg-desktop:transparent none;--_ga-zi-desktop:auto;--_ga-d-desktop:flex;--_ga-mw-desktop:calc(100% - 0 - 0);--_ga-m-tablet:0 0 0 0;--_ga-p-tablet:0 0 0 0;--_ga-bg-tablet:transparent none;--_ga-zi-tablet:auto;--_ga-d-tablet:flex;--_ga-mw-tablet:calc(100% - 0 - 0);--_ga-m-mobile:0 0 0 0;--_ga-p-mobile:0 0 0 0;--_ga-bg-mobile:transparent none;--_ga-zi-mobile:auto;--_ga-d-mobile:flex;--_ga-mw-mobile:calc(100% - 0 - 0)\">\n\n<h2 class=\"wp-block-heading\">Cranio-Sacral-Therapie<\/h2>\n\n\n\n<h3 class=\"wp-block-heading\">Osteopathische Technik<\/h3>\n\n\n\n<hr class=\"wp-block-separator is-style-default\"\/>\n\n\n\n<p>Die&nbsp;<strong>Cranio-Sacral-Therapie<\/strong>&nbsp;ist eine osteopathische Technik, bei der der Behandler durch leichte Ber\u00fchrungen der Sch\u00e4delknochen und der Wirbels\u00e4ule das Cranio-Sacral-System unterst\u00fctzt und stimuliert, um den gesamten Organismus wieder ins Gleichgewicht zu bringen.<\/p>\n\n\n\n<\/div>\n\n<div class=\"grids-area\" style=\"--_ga-column:2\/8;--_ga-row:1\/7;--_ga-va:center;--_ga-m-desktop:0 0 0 0;--_ga-p-desktop:0 0 0 0;--_ga-bg-desktop:transparent none;--_ga-zi-desktop:auto;--_ga-d-desktop:flex;--_ga-mw-desktop:calc(100% - 0 - 0);--_ga-m-tablet:0 0 0 0;--_ga-p-tablet:0 0 0 0;--_ga-bg-tablet:transparent none;--_ga-zi-tablet:auto;--_ga-d-tablet:flex;--_ga-mw-tablet:calc(100% - 0 - 0);--_ga-m-mobile:0 0 0 0;--_ga-p-mobile:0 0 0 0;--_ga-bg-mobile:transparent none;--_ga-zi-mobile:auto;--_ga-d-mobile:flex;--_ga-mw-mobile:calc(100% - 0 - 0)\">\n\n<figure class=\"wp-block-image size-large border-rounded\"><img style=\"background-color: #806958;\" decoding=\"async\" width=\"1024\" height=\"683\" src=\"https:\/\/www.termevenezia.it\/wp-content\/uploads\/2021\/08\/trattamenti-viso-hotel-venezia-abano_02-1024x683.jpg\" alt=\"\" class=\"wp-image-900\" srcset=\"https:\/\/www.termevenezia.it\/wp-content\/uploads\/2021\/08\/trattamenti-viso-hotel-venezia-abano_02-1024x683.jpg 1024w, https:\/\/www.termevenezia.it\/wp-content\/uploads\/2021\/08\/trattamenti-viso-hotel-venezia-abano_02-300x200.jpg 300w, https:\/\/www.termevenezia.it\/wp-content\/uploads\/2021\/08\/trattamenti-viso-hotel-venezia-abano_02-768x512.jpg 768w, https:\/\/www.termevenezia.it\/wp-content\/uploads\/2021\/08\/trattamenti-viso-hotel-venezia-abano_02-1536x1024.jpg 1536w, https:\/\/www.termevenezia.it\/wp-content\/uploads\/2021\/08\/trattamenti-viso-hotel-venezia-abano_02-1568x1045.jpg 1568w, https:\/\/www.termevenezia.it\/wp-content\/uploads\/2021\/08\/trattamenti-viso-hotel-venezia-abano_02.jpg 1800w\" sizes=\"(max-width: 1024px) 100vw, 1024px\" \/><\/figure>\n\n<\/div>\n<\/div><\/div>","protected":false},"excerpt":{"rendered":"","protected":false},"author":1,"featured_media":5676,"parent":0,"menu_order":0,"comment_status":"closed","ping_status":"closed","template":"","meta":{"_acf_changed":false,"advgb_blocks_editor_width":"","advgb_blocks_columns_visual_guide":"","footnotes":""},"class_list":["post-2973","page","type-page","status-publish","has-post-thumbnail","hentry","entry"],"acf":[],"yoast_head":"<!-- This site is optimized with the Yoast SEO plugin v25.7 - https:\/\/yoast.com\/wordpress\/plugins\/seo\/ -->\n<title>Rehabilitation und Unterwasserbewegung - Terme Venezia<\/title>\n<meta name=\"description\" content=\"Das Hotel Terme Venezia bietet eine gro\u00dfe Auswahl von Behandlungen und Rehabilitations\u00fcbungen f\u00fcr Gelenke und Muskeln.\" \/>\n<meta name=\"robots\" content=\"index, follow, max-snippet:-1, max-image-preview:large, max-video-preview:-1\" \/>\n<link rel=\"canonical\" href=\"https:\/\/www.termevenezia.it\/de\/unterwasserbewegung-und-rehabilitation\/\" \/>\n<meta property=\"og:locale\" content=\"de_DE\" \/>\n<meta property=\"og:type\" content=\"article\" \/>\n<meta property=\"og:title\" content=\"Rehabilitation und Unterwasserbewegung - Terme Venezia\" \/>\n<meta property=\"og:description\" content=\"Das Hotel Terme Venezia bietet eine gro\u00dfe Auswahl von Behandlungen und Rehabilitations\u00fcbungen f\u00fcr Gelenke und Muskeln.\" \/>\n<meta property=\"og:url\" content=\"https:\/\/www.termevenezia.it\/de\/unterwasserbewegung-und-rehabilitation\/\" \/>\n<meta property=\"og:site_name\" content=\"Terme Venezia\" \/>\n<meta property=\"article:modified_time\" content=\"2021-11-24T14:37:10+00:00\" \/>\n<meta property=\"og:image\" content=\"https:\/\/www.termevenezia.it\/wp-content\/uploads\/2021\/09\/slide-idrokinesi-terme-vene.jpg\" \/>\n\t<meta property=\"og:image:width\" content=\"2000\" \/>\n\t<meta property=\"og:image:height\" content=\"714\" \/>\n\t<meta property=\"og:image:type\" content=\"image\/jpeg\" \/>\n<meta name=\"twitter:card\" content=\"summary_large_image\" \/>\n<meta name=\"twitter:label1\" content=\"Gesch\u00e4tzte Lesezeit\" \/>\n\t<meta name=\"twitter:data1\" content=\"2\u00a0Minuten\" \/>\n<script type=\"application\/ld+json\" class=\"yoast-schema-graph\">{\"@context\":\"https:\/\/schema.org\",\"@graph\":[{\"@type\":\"WebPage\",\"@id\":\"https:\/\/www.termevenezia.it\/de\/unterwasserbewegung-und-rehabilitation\/\",\"url\":\"https:\/\/www.termevenezia.it\/de\/unterwasserbewegung-und-rehabilitation\/\",\"name\":\"Rehabilitation und Unterwasserbewegung - Terme Venezia\",\"isPartOf\":{\"@id\":\"https:\/\/www.termevenezia.it\/de\/#website\"},\"primaryImageOfPage\":{\"@id\":\"https:\/\/www.termevenezia.it\/de\/unterwasserbewegung-und-rehabilitation\/#primaryimage\"},\"image\":{\"@id\":\"https:\/\/www.termevenezia.it\/de\/unterwasserbewegung-und-rehabilitation\/#primaryimage\"},\"thumbnailUrl\":\"https:\/\/www.termevenezia.it\/wp-content\/uploads\/2021\/09\/slide-idrokinesi-terme-vene.jpg\",\"datePublished\":\"2021-08-27T09:05:25+00:00\",\"dateModified\":\"2021-11-24T14:37:10+00:00\",\"description\":\"Das Hotel Terme Venezia bietet eine gro\u00dfe Auswahl von Behandlungen und Rehabilitations\u00fcbungen f\u00fcr Gelenke und Muskeln.\",\"breadcrumb\":{\"@id\":\"https:\/\/www.termevenezia.it\/de\/unterwasserbewegung-und-rehabilitation\/#breadcrumb\"},\"inLanguage\":\"de\",\"potentialAction\":[{\"@type\":\"ReadAction\",\"target\":[\"https:\/\/www.termevenezia.it\/de\/unterwasserbewegung-und-rehabilitation\/\"]}]},{\"@type\":\"ImageObject\",\"inLanguage\":\"de\",\"@id\":\"https:\/\/www.termevenezia.it\/de\/unterwasserbewegung-und-rehabilitation\/#primaryimage\",\"url\":\"https:\/\/www.termevenezia.it\/wp-content\/uploads\/2021\/09\/slide-idrokinesi-terme-vene.jpg\",\"contentUrl\":\"https:\/\/www.termevenezia.it\/wp-content\/uploads\/2021\/09\/slide-idrokinesi-terme-vene.jpg\",\"width\":2000,\"height\":714},{\"@type\":\"BreadcrumbList\",\"@id\":\"https:\/\/www.termevenezia.it\/de\/unterwasserbewegung-und-rehabilitation\/#breadcrumb\",\"itemListElement\":[{\"@type\":\"ListItem\",\"position\":1,\"name\":\"\",\"item\":\"https:\/\/www.termevenezia.it\/de\/\"},{\"@type\":\"ListItem\",\"position\":2,\"name\":\"Rehabilitation und Unterwasserbewegung\"}]},{\"@type\":\"WebSite\",\"@id\":\"https:\/\/www.termevenezia.it\/de\/#website\",\"url\":\"https:\/\/www.termevenezia.it\/de\/\",\"name\":\"Terme Venezia\",\"description\":\"\",\"potentialAction\":[{\"@type\":\"SearchAction\",\"target\":{\"@type\":\"EntryPoint\",\"urlTemplate\":\"https:\/\/www.termevenezia.it\/de\/?s={search_term_string}\"},\"query-input\":{\"@type\":\"PropertyValueSpecification\",\"valueRequired\":true,\"valueName\":\"search_term_string\"}}],\"inLanguage\":\"de\"}]}<\/script>\n<!-- \/ Yoast SEO plugin. -->","yoast_head_json":{"title":"Rehabilitation und Unterwasserbewegung - Terme Venezia","description":"Das Hotel Terme Venezia bietet eine gro\u00dfe Auswahl von Behandlungen und Rehabilitations\u00fcbungen f\u00fcr Gelenke und Muskeln.","robots":{"index":"index","follow":"follow","max-snippet":"max-snippet:-1","max-image-preview":"max-image-preview:large","max-video-preview":"max-video-preview:-1"},"canonical":"https:\/\/www.termevenezia.it\/de\/unterwasserbewegung-und-rehabilitation\/","og_locale":"de_DE","og_type":"article","og_title":"Rehabilitation und Unterwasserbewegung - Terme Venezia","og_description":"Das Hotel Terme Venezia bietet eine gro\u00dfe Auswahl von Behandlungen und Rehabilitations\u00fcbungen f\u00fcr Gelenke und Muskeln.","og_url":"https:\/\/www.termevenezia.it\/de\/unterwasserbewegung-und-rehabilitation\/","og_site_name":"Terme Venezia","article_modified_time":"2021-11-24T14:37:10+00:00","og_image":[{"width":2000,"height":714,"url":"https:\/\/www.termevenezia.it\/wp-content\/uploads\/2021\/09\/slide-idrokinesi-terme-vene.jpg","type":"image\/jpeg"}],"twitter_card":"summary_large_image","twitter_misc":{"Gesch\u00e4tzte Lesezeit":"2\u00a0Minuten"},"schema":{"@context":"https:\/\/schema.org","@graph":[{"@type":"WebPage","@id":"https:\/\/www.termevenezia.it\/de\/unterwasserbewegung-und-rehabilitation\/","url":"https:\/\/www.termevenezia.it\/de\/unterwasserbewegung-und-rehabilitation\/","name":"Rehabilitation und Unterwasserbewegung - Terme Venezia","isPartOf":{"@id":"https:\/\/www.termevenezia.it\/de\/#website"},"primaryImageOfPage":{"@id":"https:\/\/www.termevenezia.it\/de\/unterwasserbewegung-und-rehabilitation\/#primaryimage"},"image":{"@id":"https:\/\/www.termevenezia.it\/de\/unterwasserbewegung-und-rehabilitation\/#primaryimage"},"thumbnailUrl":"https:\/\/www.termevenezia.it\/wp-content\/uploads\/2021\/09\/slide-idrokinesi-terme-vene.jpg","datePublished":"2021-08-27T09:05:25+00:00","dateModified":"2021-11-24T14:37:10+00:00","description":"Das Hotel Terme Venezia bietet eine gro\u00dfe Auswahl von Behandlungen und Rehabilitations\u00fcbungen f\u00fcr Gelenke und Muskeln.","breadcrumb":{"@id":"https:\/\/www.termevenezia.it\/de\/unterwasserbewegung-und-rehabilitation\/#breadcrumb"},"inLanguage":"de","potentialAction":[{"@type":"ReadAction","target":["https:\/\/www.termevenezia.it\/de\/unterwasserbewegung-und-rehabilitation\/"]}]},{"@type":"ImageObject","inLanguage":"de","@id":"https:\/\/www.termevenezia.it\/de\/unterwasserbewegung-und-rehabilitation\/#primaryimage","url":"https:\/\/www.termevenezia.it\/wp-content\/uploads\/2021\/09\/slide-idrokinesi-terme-vene.jpg","contentUrl":"https:\/\/www.termevenezia.it\/wp-content\/uploads\/2021\/09\/slide-idrokinesi-terme-vene.jpg","width":2000,"height":714},{"@type":"BreadcrumbList","@id":"https:\/\/www.termevenezia.it\/de\/unterwasserbewegung-und-rehabilitation\/#breadcrumb","itemListElement":[{"@type":"ListItem","position":1,"name":"","item":"https:\/\/www.termevenezia.it\/de\/"},{"@type":"ListItem","position":2,"name":"Rehabilitation und Unterwasserbewegung"}]},{"@type":"WebSite","@id":"https:\/\/www.termevenezia.it\/de\/#website","url":"https:\/\/www.termevenezia.it\/de\/","name":"Terme Venezia","description":"","potentialAction":[{"@type":"SearchAction","target":{"@type":"EntryPoint","urlTemplate":"https:\/\/www.termevenezia.it\/de\/?s={search_term_string}"},"query-input":{"@type":"PropertyValueSpecification","valueRequired":true,"valueName":"search_term_string"}}],"inLanguage":"de"}]}},"coauthors":[],"author_meta":{"author_link":"https:\/\/www.termevenezia.it\/de\/author\/t3mr4-v84ka0\/","display_name":"t3mr4-v84ka0"},"relative_dates":{"created":"Posted 5\u00a0Jahren ago","modified":"Updated 4\u00a0Jahren ago"},"absolute_dates":{"created":"Posted on August 27, 2021","modified":"Updated on November 24, 2021"},"absolute_dates_time":{"created":"Posted on August 27, 2021 11:05 a.m.","modified":"Updated on November 24, 2021 3:37 p.m."},"featured_img_caption":"","featured_img":"https:\/\/www.termevenezia.it\/wp-content\/uploads\/2021\/09\/slide-idrokinesi-terme-vene-1568x560.jpg","series_order":"","_links":{"self":[{"href":"https:\/\/www.termevenezia.it\/de\/wp-json\/wp\/v2\/pages\/2973","targetHints":{"allow":["GET"]}}],"collection":[{"href":"https:\/\/www.termevenezia.it\/de\/wp-json\/wp\/v2\/pages"}],"about":[{"href":"https:\/\/www.termevenezia.it\/de\/wp-json\/wp\/v2\/types\/page"}],"author":[{"embeddable":true,"href":"https:\/\/www.termevenezia.it\/de\/wp-json\/wp\/v2\/users\/1"}],"replies":[{"embeddable":true,"href":"https:\/\/www.termevenezia.it\/de\/wp-json\/wp\/v2\/comments?post=2973"}],"version-history":[{"count":12,"href":"https:\/\/www.termevenezia.it\/de\/wp-json\/wp\/v2\/pages\/2973\/revisions"}],"predecessor-version":[{"id":8419,"href":"https:\/\/www.termevenezia.it\/de\/wp-json\/wp\/v2\/pages\/2973\/revisions\/8419"}],"wp:featuredmedia":[{"embeddable":true,"href":"https:\/\/www.termevenezia.it\/de\/wp-json\/wp\/v2\/media\/5676"}],"wp:attachment":[{"href":"https:\/\/www.termevenezia.it\/de\/wp-json\/wp\/v2\/media?parent=2973"}],"curies":[{"name":"wp","href":"https:\/\/api.w.org\/{rel}","templated":true}]}}