{"id":5251,"date":"2021-09-15T12:51:00","date_gmt":"2021-09-15T10:51:00","guid":{"rendered":"https:\/\/www.termevenezia.it\/?page_id=5251"},"modified":"2025-04-09T14:26:19","modified_gmt":"2025-04-09T12:26:19","slug":"angebot-anfordern","status":"publish","type":"page","link":"https:\/\/www.termevenezia.it\/de\/angebot-anfordern\/","title":{"rendered":"Angebot anfordern"},"content":{"rendered":"<div  class=\"grids-section grids-is-advanced alignfull\" style=\"--_gs-gap-desktop:0px 0px;--_gs-m-desktop:0 0 0 0;--_gs-p-desktop:0 0 0 0;--_gs-bg-desktop:transparent none;--_gs-bg-xp-desktop:0px;--_gs-zi-desktop:auto;--_gs-d-desktop:block;--_gs-mw-desktop:calc(100% - 0 - 0);--_gs-gap-tablet:0px 0px;--_gs-m-tablet:0 0 0 0;--_gs-p-tablet:0 0 0 0;--_gs-bg-tablet:transparent none;--_gs-bg-xp-tablet:0px;--_gs-zi-tablet:auto;--_gs-d-tablet:block;--_gs-mw-tablet:calc(100% - 0 - 0);--_gs-gap-mobile:0px 0px;--_gs-m-mobile:0 0 0 0;--_gs-p-mobile:0 0 0 0;--_gs-bg-mobile:transparent none;--_gs-bg-xp-mobile:0px;--_gs-zi-mobile:auto;--_gs-d-mobile:block;--_gs-mw-mobile:calc(100% - 0 - 0);--_gs-columns:12;--_gs-rows:6\"><div class=\"grids-s-w_i\">\n<div class=\"grids-area\" style=\"--_ga-column:2\/5;--_ga-row:1\/7;--_ga-m-desktop:0 0 0 0;--_ga-p-desktop:0 0 0 0;--_ga-bg-desktop:transparent none;--_ga-zi-desktop:auto;--_ga-d-desktop:flex;--_ga-mw-desktop:calc(100% - 0 - 0);--_ga-m-tablet:0 0 0 0;--_ga-p-tablet:0 0 0 0;--_ga-bg-tablet:transparent none;--_ga-zi-tablet:auto;--_ga-d-tablet:flex;--_ga-mw-tablet:calc(100% - 0 - 0);--_ga-m-mobile:0 0 0 0;--_ga-p-mobile:0 0 0 0;--_ga-bg-mobile:transparent none;--_ga-zi-mobile:auto;--_ga-d-mobile:flex;--_ga-mw-mobile:calc(100% - 0 - 0)\">\n\n<h3 class=\"wp-block-heading\">Nehmen Sie mit uns Kontakt auf, schnell, einfach und effektiv<\/h3>\n\n\n\n<div class=\"single-icon\">\n    <a href=\"tel:+390498669800\"><i class=\"fas fa-phone-alt\"><\/i>  +39.049.8669800<\/a>\n<\/div>\n\n\n\n<div class=\"single-icon\">\n    <a href=\"https:\/\/api.whatsapp.com\/send?phone=393899529155\" target=\"_blank\" rel=\"noopener\"><i class=\"fab fa-whatsapp\"><\/i>  +39.389.9529155<\/a>\n<\/div>\n\n\n\n<div class=\"single-icon\">\n    <a href=\"mailto:venezia@termevenezia.it\"><i class=\"fas fa-envelope\"><\/i>  venezia@termevenezia.it<\/a>\n<\/div>\n\n\n\n<div class=\"single-icon\">\n    <a href=\"skype:abanohotelvenezia?call\"><i class=\"fab fa-skype\"><\/i>  abanohotelvenezia<\/a>\n<\/div>\n\n\n\n<div class=\"single-icon\">\n    <a href=\"https:\/\/www.facebook.com\/Hotel.Terme.Venezia\" target=\"_blank\" rel=\"noopener\"><i class=\"fab fa-facebook-square\"><\/i>  Besuchen Sie unsere Seite<\/a>\n<\/div>\n\n<\/div>\n\n<div class=\"grids-area\" style=\"--_ga-column:6\/12;--_ga-row:1\/7;--_ga-m-desktop:0 0 0 0;--_ga-p-desktop:0 0 0 0;--_ga-bg-desktop:transparent none;--_ga-zi-desktop:auto;--_ga-d-desktop:flex;--_ga-mw-desktop:calc(100% - 0 - 0);--_ga-m-tablet:0 0 0 0;--_ga-p-tablet:0 0 0 0;--_ga-bg-tablet:transparent none;--_ga-zi-tablet:auto;--_ga-d-tablet:flex;--_ga-mw-tablet:calc(100% - 0 - 0);--_ga-m-mobile:0 0 0 0;--_ga-p-mobile:0 0 0 0;--_ga-bg-mobile:transparent none;--_ga-zi-mobile:auto;--_ga-d-mobile:flex;--_ga-mw-mobile:calc(100% - 0 - 0)\">\n\n<h3 class=\"wp-block-heading\">Oder f\u00fcllen Sie das folgende Formular aus:  <\/h3>\n\n\n\n<!-- Simplebooking quote form -->\n<div id=\"simplebookingQuote\"><\/div>\n<!-- Simplebooking quote form -->\n\n<\/div>\n<\/div><\/div><div  class=\"grids-section image-boxed-blue grids-is-advanced alignfull\" style=\"--_gs-gap-desktop:0px 0px;--_gs-m-desktop:0 0 0 0;--_gs-p-desktop:0 0 0 0;--_gs-bg-desktop:transparent url(https:\/\/www.termevenezia.it\/wp-content\/uploads\/2021\/07\/terme-venezia-webapp.jpg) no-repeat 50% 50%;--_gs-bg-xp-desktop:0px;--_gs-zi-desktop:auto;--_gs-d-desktop:none;--_gs-mw-desktop:calc(100% - 0 - 0);--_gs-gap-tablet:0px 0px;--_gs-m-tablet:0 0 0 0;--_gs-p-tablet:0 0 0 0;--_gs-bg-tablet:transparent url(https:\/\/www.termevenezia.it\/wp-content\/uploads\/2021\/07\/terme-venezia-webapp.jpg) no-repeat 50% 50%;--_gs-bg-xp-tablet:0px;--_gs-zi-tablet:auto;--_gs-d-tablet:none;--_gs-mw-tablet:calc(100% - 0 - 0);--_gs-gap-mobile:0px 0px;--_gs-m-mobile:0 0 0 0;--_gs-p-mobile:0 0 0 0;--_gs-bg-mobile:transparent url(https:\/\/www.termevenezia.it\/wp-content\/uploads\/2021\/07\/terme-venezia-webapp.jpg) no-repeat 50% 50%;--_gs-bg-xp-mobile:0px;--_gs-zi-mobile:auto;--_gs-d-mobile:none;--_gs-mw-mobile:calc(100% - 0 - 0);--_gs-columns:12;--_gs-rows:6\"><div class=\"grids-s-w_i\">\n<div class=\"grids-area\" style=\"--_ga-column:5\/9;--_ga-row:1\/4;--_ga-m-desktop:0 0 0 0;--_ga-p-desktop:0 0 0 0;--_ga-bg-desktop:transparent none;--_ga-zi-desktop:auto;--_ga-d-desktop:flex;--_ga-mw-desktop:calc(100% - 0 - 0);--_ga-m-tablet:0 0 0 0;--_ga-p-tablet:0 0 0 0;--_ga-bg-tablet:transparent none;--_ga-zi-tablet:auto;--_ga-d-tablet:flex;--_ga-mw-tablet:calc(100% - 0 - 0);--_ga-m-mobile:0 0 0 0;--_ga-p-mobile:0 0 0 0;--_ga-bg-mobile:transparent none;--_ga-zi-mobile:auto;--_ga-d-mobile:flex;--_ga-mw-mobile:calc(100% - 0 - 0)\">\n\n<h2 class=\"wp-block-heading has-text-align-center\">Venedig-App<\/h2>\n\n\n\n<hr class=\"wp-block-separator has-css-opacity is-style-default\"\/>\n\n\n\n<p class=\"has-text-align-center\">Entdecken Sie unsere fantastische App und genie\u00dfen Sie Ihren Aufenthalt in vollen Z\u00fcgen.<\/p>\n\n\n\n<p class=\"has-text-align-center\">Hier finden Sie unsere Men\u00fcs, alle Vorschl\u00e4ge und Preislisten f\u00fcr Ihr Wohlbefinden und Ihre Entspannung in unserem SPA.<\/p>\n\n\n\n<p class=\"has-text-align-center\">Sie brauchen nichts auf Ihrem Ger\u00e4t zu installieren, es ist alles online!<\/p>\n\n\n\n<a href=\"#\" class=\"btn btn-center\">Weitere Informationen<\/a>\n\n<\/div>\n<\/div><\/div>","protected":false},"excerpt":{"rendered":"","protected":false},"author":1,"featured_media":3050,"parent":0,"menu_order":0,"comment_status":"closed","ping_status":"closed","template":"","meta":{"_acf_changed":false,"advgb_blocks_editor_width":"","advgb_blocks_columns_visual_guide":"","footnotes":""},"class_list":["post-5251","page","type-page","status-publish","has-post-thumbnail","hentry","entry"],"acf":[],"yoast_head":"<!-- This site is optimized with the Yoast SEO plugin v25.7 - https:\/\/yoast.com\/wordpress\/plugins\/seo\/ -->\n<title>Angebot anfordern - Terme Venezia<\/title>\n<meta name=\"description\" content=\"Nehmen Sie schnell Kontakt mit dem Hotel Venezia in Abano Terme auf oder fordern Sie ein Angebot f\u00fcr Ihren Aufenthalt an.\" \/>\n<meta name=\"robots\" content=\"index, follow, max-snippet:-1, max-image-preview:large, max-video-preview:-1\" \/>\n<link rel=\"canonical\" href=\"https:\/\/www.termevenezia.it\/de\/angebot-anfordern\/\" \/>\n<meta property=\"og:locale\" content=\"de_DE\" \/>\n<meta property=\"og:type\" content=\"article\" \/>\n<meta property=\"og:title\" content=\"Angebot anfordern - Terme Venezia\" \/>\n<meta property=\"og:description\" content=\"Nehmen Sie schnell Kontakt mit dem Hotel Venezia in Abano Terme auf oder fordern Sie ein Angebot f\u00fcr Ihren Aufenthalt an.\" \/>\n<meta property=\"og:url\" content=\"https:\/\/www.termevenezia.it\/de\/angebot-anfordern\/\" \/>\n<meta property=\"og:site_name\" content=\"Terme Venezia\" \/>\n<meta property=\"article:modified_time\" content=\"2025-04-09T12:26:19+00:00\" \/>\n<meta property=\"og:image\" content=\"https:\/\/www.termevenezia.it\/wp-content\/uploads\/2021\/08\/slide-spa-venezia-terme-aba.jpg\" \/>\n\t<meta property=\"og:image:width\" content=\"2000\" \/>\n\t<meta property=\"og:image:height\" content=\"714\" \/>\n\t<meta property=\"og:image:type\" content=\"image\/jpeg\" \/>\n<meta name=\"twitter:card\" content=\"summary_large_image\" \/>\n<meta name=\"twitter:label1\" content=\"Gesch\u00e4tzte Lesezeit\" \/>\n\t<meta name=\"twitter:data1\" content=\"1\u00a0Minute\" \/>\n<script type=\"application\/ld+json\" class=\"yoast-schema-graph\">{\"@context\":\"https:\/\/schema.org\",\"@graph\":[{\"@type\":\"WebPage\",\"@id\":\"https:\/\/www.termevenezia.it\/de\/angebot-anfordern\/\",\"url\":\"https:\/\/www.termevenezia.it\/de\/angebot-anfordern\/\",\"name\":\"Angebot anfordern - Terme Venezia\",\"isPartOf\":{\"@id\":\"https:\/\/www.termevenezia.it\/de\/#website\"},\"primaryImageOfPage\":{\"@id\":\"https:\/\/www.termevenezia.it\/de\/angebot-anfordern\/#primaryimage\"},\"image\":{\"@id\":\"https:\/\/www.termevenezia.it\/de\/angebot-anfordern\/#primaryimage\"},\"thumbnailUrl\":\"https:\/\/www.termevenezia.it\/wp-content\/uploads\/2021\/08\/slide-spa-venezia-terme-aba.jpg\",\"datePublished\":\"2021-09-15T10:51:00+00:00\",\"dateModified\":\"2025-04-09T12:26:19+00:00\",\"description\":\"Nehmen Sie schnell Kontakt mit dem Hotel Venezia in Abano Terme auf oder fordern Sie ein Angebot f\u00fcr Ihren Aufenthalt an.\",\"breadcrumb\":{\"@id\":\"https:\/\/www.termevenezia.it\/de\/angebot-anfordern\/#breadcrumb\"},\"inLanguage\":\"de\",\"potentialAction\":[{\"@type\":\"ReadAction\",\"target\":[\"https:\/\/www.termevenezia.it\/de\/angebot-anfordern\/\"]}]},{\"@type\":\"ImageObject\",\"inLanguage\":\"de\",\"@id\":\"https:\/\/www.termevenezia.it\/de\/angebot-anfordern\/#primaryimage\",\"url\":\"https:\/\/www.termevenezia.it\/wp-content\/uploads\/2021\/08\/slide-spa-venezia-terme-aba.jpg\",\"contentUrl\":\"https:\/\/www.termevenezia.it\/wp-content\/uploads\/2021\/08\/slide-spa-venezia-terme-aba.jpg\",\"width\":2000,\"height\":714},{\"@type\":\"BreadcrumbList\",\"@id\":\"https:\/\/www.termevenezia.it\/de\/angebot-anfordern\/#breadcrumb\",\"itemListElement\":[{\"@type\":\"ListItem\",\"position\":1,\"name\":\"\",\"item\":\"https:\/\/www.termevenezia.it\/de\/\"},{\"@type\":\"ListItem\",\"position\":2,\"name\":\"Angebot anfordern\"}]},{\"@type\":\"WebSite\",\"@id\":\"https:\/\/www.termevenezia.it\/de\/#website\",\"url\":\"https:\/\/www.termevenezia.it\/de\/\",\"name\":\"Terme Venezia\",\"description\":\"\",\"potentialAction\":[{\"@type\":\"SearchAction\",\"target\":{\"@type\":\"EntryPoint\",\"urlTemplate\":\"https:\/\/www.termevenezia.it\/de\/?s={search_term_string}\"},\"query-input\":{\"@type\":\"PropertyValueSpecification\",\"valueRequired\":true,\"valueName\":\"search_term_string\"}}],\"inLanguage\":\"de\"}]}<\/script>\n<!-- \/ Yoast SEO plugin. -->","yoast_head_json":{"title":"Angebot anfordern - Terme Venezia","description":"Nehmen Sie schnell Kontakt mit dem Hotel Venezia in Abano Terme auf oder fordern Sie ein Angebot f\u00fcr Ihren Aufenthalt an.","robots":{"index":"index","follow":"follow","max-snippet":"max-snippet:-1","max-image-preview":"max-image-preview:large","max-video-preview":"max-video-preview:-1"},"canonical":"https:\/\/www.termevenezia.it\/de\/angebot-anfordern\/","og_locale":"de_DE","og_type":"article","og_title":"Angebot anfordern - Terme Venezia","og_description":"Nehmen Sie schnell Kontakt mit dem Hotel Venezia in Abano Terme auf oder fordern Sie ein Angebot f\u00fcr Ihren Aufenthalt an.","og_url":"https:\/\/www.termevenezia.it\/de\/angebot-anfordern\/","og_site_name":"Terme Venezia","article_modified_time":"2025-04-09T12:26:19+00:00","og_image":[{"width":2000,"height":714,"url":"https:\/\/www.termevenezia.it\/wp-content\/uploads\/2021\/08\/slide-spa-venezia-terme-aba.jpg","type":"image\/jpeg"}],"twitter_card":"summary_large_image","twitter_misc":{"Gesch\u00e4tzte Lesezeit":"1\u00a0Minute"},"schema":{"@context":"https:\/\/schema.org","@graph":[{"@type":"WebPage","@id":"https:\/\/www.termevenezia.it\/de\/angebot-anfordern\/","url":"https:\/\/www.termevenezia.it\/de\/angebot-anfordern\/","name":"Angebot anfordern - Terme Venezia","isPartOf":{"@id":"https:\/\/www.termevenezia.it\/de\/#website"},"primaryImageOfPage":{"@id":"https:\/\/www.termevenezia.it\/de\/angebot-anfordern\/#primaryimage"},"image":{"@id":"https:\/\/www.termevenezia.it\/de\/angebot-anfordern\/#primaryimage"},"thumbnailUrl":"https:\/\/www.termevenezia.it\/wp-content\/uploads\/2021\/08\/slide-spa-venezia-terme-aba.jpg","datePublished":"2021-09-15T10:51:00+00:00","dateModified":"2025-04-09T12:26:19+00:00","description":"Nehmen Sie schnell Kontakt mit dem Hotel Venezia in Abano Terme auf oder fordern Sie ein Angebot f\u00fcr Ihren Aufenthalt an.","breadcrumb":{"@id":"https:\/\/www.termevenezia.it\/de\/angebot-anfordern\/#breadcrumb"},"inLanguage":"de","potentialAction":[{"@type":"ReadAction","target":["https:\/\/www.termevenezia.it\/de\/angebot-anfordern\/"]}]},{"@type":"ImageObject","inLanguage":"de","@id":"https:\/\/www.termevenezia.it\/de\/angebot-anfordern\/#primaryimage","url":"https:\/\/www.termevenezia.it\/wp-content\/uploads\/2021\/08\/slide-spa-venezia-terme-aba.jpg","contentUrl":"https:\/\/www.termevenezia.it\/wp-content\/uploads\/2021\/08\/slide-spa-venezia-terme-aba.jpg","width":2000,"height":714},{"@type":"BreadcrumbList","@id":"https:\/\/www.termevenezia.it\/de\/angebot-anfordern\/#breadcrumb","itemListElement":[{"@type":"ListItem","position":1,"name":"","item":"https:\/\/www.termevenezia.it\/de\/"},{"@type":"ListItem","position":2,"name":"Angebot anfordern"}]},{"@type":"WebSite","@id":"https:\/\/www.termevenezia.it\/de\/#website","url":"https:\/\/www.termevenezia.it\/de\/","name":"Terme Venezia","description":"","potentialAction":[{"@type":"SearchAction","target":{"@type":"EntryPoint","urlTemplate":"https:\/\/www.termevenezia.it\/de\/?s={search_term_string}"},"query-input":{"@type":"PropertyValueSpecification","valueRequired":true,"valueName":"search_term_string"}}],"inLanguage":"de"}]}},"coauthors":[],"author_meta":{"author_link":"https:\/\/www.termevenezia.it\/de\/author\/t3mr4-v84ka0\/","display_name":"t3mr4-v84ka0"},"relative_dates":{"created":"Posted 5\u00a0Jahren ago","modified":"Updated 12\u00a0Monaten ago"},"absolute_dates":{"created":"Posted on September 15, 2021","modified":"Updated on April 9, 2025"},"absolute_dates_time":{"created":"Posted on September 15, 2021 12:51 p.m.","modified":"Updated on April 9, 2025 2:26 p.m."},"featured_img_caption":"","featured_img":"https:\/\/www.termevenezia.it\/wp-content\/uploads\/2021\/08\/slide-spa-venezia-terme-aba-1568x560.jpg","series_order":"","_links":{"self":[{"href":"https:\/\/www.termevenezia.it\/de\/wp-json\/wp\/v2\/pages\/5251","targetHints":{"allow":["GET"]}}],"collection":[{"href":"https:\/\/www.termevenezia.it\/de\/wp-json\/wp\/v2\/pages"}],"about":[{"href":"https:\/\/www.termevenezia.it\/de\/wp-json\/wp\/v2\/types\/page"}],"author":[{"embeddable":true,"href":"https:\/\/www.termevenezia.it\/de\/wp-json\/wp\/v2\/users\/1"}],"replies":[{"embeddable":true,"href":"https:\/\/www.termevenezia.it\/de\/wp-json\/wp\/v2\/comments?post=5251"}],"version-history":[{"count":5,"href":"https:\/\/www.termevenezia.it\/de\/wp-json\/wp\/v2\/pages\/5251\/revisions"}],"predecessor-version":[{"id":16960,"href":"https:\/\/www.termevenezia.it\/de\/wp-json\/wp\/v2\/pages\/5251\/revisions\/16960"}],"wp:featuredmedia":[{"embeddable":true,"href":"https:\/\/www.termevenezia.it\/de\/wp-json\/wp\/v2\/media\/3050"}],"wp:attachment":[{"href":"https:\/\/www.termevenezia.it\/de\/wp-json\/wp\/v2\/media?parent=5251"}],"curies":[{"name":"wp","href":"https:\/\/api.w.org\/{rel}","templated":true}]}}