{"id":11777,"date":"2024-01-30T08:17:51","date_gmt":"2024-01-30T07:17:51","guid":{"rendered":"https:\/\/www.termevenezia.it\/points-dinteret\/"},"modified":"2024-01-30T08:17:52","modified_gmt":"2024-01-30T07:17:52","slug":"points-dinteret","status":"publish","type":"page","link":"https:\/\/www.termevenezia.it\/fr\/points-dinteret\/","title":{"rendered":"Points d&rsquo;int\u00e9r\u00eat"},"content":{"rendered":"<div  class=\"grids-section grids-is-advanced\" style=\"--_gs-gap-desktop:0px 0px;--_gs-m-desktop:0 0 40px 0;--_gs-p-desktop:0 0 0 0;--_gs-bg-desktop:transparent none;--_gs-bg-xp-desktop:0px;--_gs-zi-desktop:auto;--_gs-d-desktop:block;--_gs-mw-desktop:calc(100% - 0 - 0);--_gs-gap-tablet:0px 0px;--_gs-m-tablet:0 0 40px 0;--_gs-p-tablet:0 0 0 0;--_gs-bg-tablet:transparent none;--_gs-bg-xp-tablet:0px;--_gs-zi-tablet:auto;--_gs-d-tablet:block;--_gs-mw-tablet:calc(100% - 0 - 0);--_gs-gap-mobile:0px 0px;--_gs-m-mobile:0 0 40px 0;--_gs-p-mobile:0 0 0 0;--_gs-bg-mobile:transparent none;--_gs-bg-xp-mobile:0px;--_gs-zi-mobile:auto;--_gs-d-mobile:block;--_gs-mw-mobile:calc(100% - 0 - 0);--_gs-columns:12;--_gs-rows:6\"><div class=\"grids-s-w_i\">\n<div class=\"grids-area\" style=\"--_ga-column:2\/12;--_ga-row:1\/2;--_ga-m-desktop:0 0 0 0;--_ga-p-desktop:0 10px 0 10px;--_ga-bg-desktop:transparent none;--_ga-zi-desktop:auto;--_ga-d-desktop:flex;--_ga-mw-desktop:calc(100% - 0 - 0);--_ga-m-tablet:0 0 0 0;--_ga-p-tablet:0 10px 0 10px;--_ga-bg-tablet:transparent none;--_ga-zi-tablet:auto;--_ga-d-tablet:flex;--_ga-mw-tablet:calc(100% - 0 - 0);--_ga-m-mobile:0 0 0 0;--_ga-p-mobile:0 10px 0 10px;--_ga-bg-mobile:transparent none;--_ga-zi-mobile:auto;--_ga-d-mobile:flex;--_ga-mw-mobile:calc(100% - 0 - 0)\">\n\n<h2 class=\"wp-block-heading has-text-align-center\">D\u00e9couvrez les tr\u00e9sors cach\u00e9s des collines eugan\u00e9ennes<\/h2>\n\n\n\n<p class=\"has-text-align-center\">Depuis l&rsquo;h\u00f4tel Terme Venezia, partez \u00e0 la d\u00e9couverte des collines eugan\u00e9ennes ! Des <strong>sites historiques aux beaut\u00e9s naturelles<\/strong>, chaque recoin de ce territoire raconte des histoires fascinantes. Commencez votre aventure ici !<\/p>\n\n<\/div>\n<\/div><\/div><div  class=\"grids-section grids-is-advanced alignfull\" style=\"--_gs-gap-desktop:0px 0px;--_gs-m-desktop:0 0 0 0;--_gs-p-desktop:0 0 0 0;--_gs-bg-desktop:transparent none;--_gs-bg-xp-desktop:0px;--_gs-zi-desktop:auto;--_gs-d-desktop:block;--_gs-mw-desktop:calc(100% - 0 - 0);--_gs-gap-tablet:0px 0px;--_gs-m-tablet:0 0 0 0;--_gs-p-tablet:0 0 0 0;--_gs-bg-tablet:transparent none;--_gs-bg-xp-tablet:0px;--_gs-zi-tablet:auto;--_gs-d-tablet:block;--_gs-mw-tablet:calc(100% - 0 - 0);--_gs-gap-mobile:0px 0px;--_gs-m-mobile:0 0 0 0;--_gs-p-mobile:0 0 0 0;--_gs-bg-mobile:transparent none;--_gs-bg-xp-mobile:0px;--_gs-zi-mobile:auto;--_gs-d-mobile:block;--_gs-mw-mobile:calc(100% - 0 - 0);--_gs-columns:12;--_gs-rows:6\"><div class=\"grids-s-w_i\">\n<div class=\"grids-area\" style=\"--_ga-column:2\/12;--_ga-row:1\/7;--_ga-m-desktop:0 0 0 0;--_ga-p-desktop:0 0 0 0;--_ga-bg-desktop:transparent none;--_ga-zi-desktop:auto;--_ga-d-desktop:flex;--_ga-mw-desktop:calc(100% - 0 - 0);--_ga-m-tablet:0 0 0 0;--_ga-p-tablet:0 0 0 0;--_ga-bg-tablet:transparent none;--_ga-zi-tablet:auto;--_ga-d-tablet:flex;--_ga-mw-tablet:calc(100% - 0 - 0);--_ga-m-mobile:0 0 0 0;--_ga-p-mobile:0 0 0 0;--_ga-bg-mobile:transparent none;--_ga-zi-mobile:auto;--_ga-d-mobile:flex;--_ga-mw-mobile:calc(100% - 0 - 0)\">\n\r\n<div id=\"dmsContainer_2\" style=\"min-height:250px\"><\/div>\r\n\r\n<script>\r\n    window.dw = window.dw ||    function () { (dw.q = dw.q || []).push(arguments) };\r\n    dw('settings','efe60096-f808-412f-9097-ec9e7ffd920a',\r\n    {\r\n        \"context\": {\r\n            \"targetRoute\":[\"\/punti-di-interesse\",\"\/points-of-interest\",\"\/infrastrukturen\"]\r\n        },\r\n        \"lang\": 'en',\r\n        \"allowScrollOnApplicationStart\" : true,\r\n        \"target\": \"dmsContainer_2\",\r\n        \"loadingAnimationColor\": {\r\n            \"main\": '#f5bc41',\r\n            \"alt\": '#2B71BC'\r\n        }\r\n    });\r\n    dw('onPageChange', 'efe60096-f808-412f-9097-ec9e7ffd920a', () => {\r\n        \/\/console.log('page changed event');\r\n    });\r\n<\/script>\r\n<script async src=\"https:\/\/resc.deskline.net\/DW5\/start\/TERMECOLLI\/efe60096-f808-412f-9097-ec9e7ffd920a\/index.js\"><\/script>\n\n<\/div>\n<\/div><\/div>","protected":false},"excerpt":{"rendered":"","protected":false},"author":9,"featured_media":11745,"parent":0,"menu_order":0,"comment_status":"closed","ping_status":"closed","template":"","meta":{"_acf_changed":false,"advgb_blocks_editor_width":"","advgb_blocks_columns_visual_guide":"","footnotes":""},"class_list":["post-11777","page","type-page","status-publish","has-post-thumbnail","hentry","entry"],"acf":[],"yoast_head":"<!-- This site is optimized with the Yoast SEO plugin v25.7 - https:\/\/yoast.com\/wordpress\/plugins\/seo\/ -->\n<title>Points d&#039;int\u00e9r\u00eat - Terme Venezia<\/title>\n<meta name=\"robots\" content=\"index, follow, max-snippet:-1, max-image-preview:large, max-video-preview:-1\" \/>\n<link rel=\"canonical\" href=\"https:\/\/www.termevenezia.it\/fr\/points-dinteret\/\" \/>\n<meta property=\"og:locale\" content=\"fr_FR\" \/>\n<meta property=\"og:type\" content=\"article\" \/>\n<meta property=\"og:title\" content=\"Points d&#039;int\u00e9r\u00eat - Terme Venezia\" \/>\n<meta property=\"og:url\" content=\"https:\/\/www.termevenezia.it\/fr\/points-dinteret\/\" \/>\n<meta property=\"og:site_name\" content=\"Terme Venezia\" \/>\n<meta property=\"article:modified_time\" content=\"2024-01-30T07:17:52+00:00\" \/>\n<meta property=\"og:image\" content=\"https:\/\/www.termevenezia.it\/wp-content\/uploads\/2024\/01\/collieuganei-terme-venezia.jpg\" \/>\n\t<meta property=\"og:image:width\" content=\"2000\" \/>\n\t<meta property=\"og:image:height\" content=\"1333\" \/>\n\t<meta property=\"og:image:type\" content=\"image\/jpeg\" \/>\n<meta name=\"twitter:card\" content=\"summary_large_image\" \/>\n<script type=\"application\/ld+json\" class=\"yoast-schema-graph\">{\"@context\":\"https:\/\/schema.org\",\"@graph\":[{\"@type\":\"WebPage\",\"@id\":\"https:\/\/www.termevenezia.it\/fr\/points-dinteret\/\",\"url\":\"https:\/\/www.termevenezia.it\/fr\/points-dinteret\/\",\"name\":\"Points d'int\u00e9r\u00eat - Terme Venezia\",\"isPartOf\":{\"@id\":\"https:\/\/www.termevenezia.it\/fr\/#website\"},\"primaryImageOfPage\":{\"@id\":\"https:\/\/www.termevenezia.it\/fr\/points-dinteret\/#primaryimage\"},\"image\":{\"@id\":\"https:\/\/www.termevenezia.it\/fr\/points-dinteret\/#primaryimage\"},\"thumbnailUrl\":\"https:\/\/www.termevenezia.it\/wp-content\/uploads\/2024\/01\/collieuganei-terme-venezia.jpg\",\"datePublished\":\"2024-01-30T07:17:51+00:00\",\"dateModified\":\"2024-01-30T07:17:52+00:00\",\"breadcrumb\":{\"@id\":\"https:\/\/www.termevenezia.it\/fr\/points-dinteret\/#breadcrumb\"},\"inLanguage\":\"fr-FR\",\"potentialAction\":[{\"@type\":\"ReadAction\",\"target\":[\"https:\/\/www.termevenezia.it\/fr\/points-dinteret\/\"]}]},{\"@type\":\"ImageObject\",\"inLanguage\":\"fr-FR\",\"@id\":\"https:\/\/www.termevenezia.it\/fr\/points-dinteret\/#primaryimage\",\"url\":\"https:\/\/www.termevenezia.it\/wp-content\/uploads\/2024\/01\/collieuganei-terme-venezia.jpg\",\"contentUrl\":\"https:\/\/www.termevenezia.it\/wp-content\/uploads\/2024\/01\/collieuganei-terme-venezia.jpg\",\"width\":2000,\"height\":1333},{\"@type\":\"BreadcrumbList\",\"@id\":\"https:\/\/www.termevenezia.it\/fr\/points-dinteret\/#breadcrumb\",\"itemListElement\":[{\"@type\":\"ListItem\",\"position\":1,\"name\":\"\",\"item\":\"https:\/\/www.termevenezia.it\/fr\/\"},{\"@type\":\"ListItem\",\"position\":2,\"name\":\"Points d&rsquo;int\u00e9r\u00eat\"}]},{\"@type\":\"WebSite\",\"@id\":\"https:\/\/www.termevenezia.it\/fr\/#website\",\"url\":\"https:\/\/www.termevenezia.it\/fr\/\",\"name\":\"Terme Venezia\",\"description\":\"\",\"potentialAction\":[{\"@type\":\"SearchAction\",\"target\":{\"@type\":\"EntryPoint\",\"urlTemplate\":\"https:\/\/www.termevenezia.it\/fr\/?s={search_term_string}\"},\"query-input\":{\"@type\":\"PropertyValueSpecification\",\"valueRequired\":true,\"valueName\":\"search_term_string\"}}],\"inLanguage\":\"fr-FR\"}]}<\/script>\n<!-- \/ Yoast SEO plugin. -->","yoast_head_json":{"title":"Points d'int\u00e9r\u00eat - Terme Venezia","robots":{"index":"index","follow":"follow","max-snippet":"max-snippet:-1","max-image-preview":"max-image-preview:large","max-video-preview":"max-video-preview:-1"},"canonical":"https:\/\/www.termevenezia.it\/fr\/points-dinteret\/","og_locale":"fr_FR","og_type":"article","og_title":"Points d'int\u00e9r\u00eat - Terme Venezia","og_url":"https:\/\/www.termevenezia.it\/fr\/points-dinteret\/","og_site_name":"Terme Venezia","article_modified_time":"2024-01-30T07:17:52+00:00","og_image":[{"width":2000,"height":1333,"url":"https:\/\/www.termevenezia.it\/wp-content\/uploads\/2024\/01\/collieuganei-terme-venezia.jpg","type":"image\/jpeg"}],"twitter_card":"summary_large_image","schema":{"@context":"https:\/\/schema.org","@graph":[{"@type":"WebPage","@id":"https:\/\/www.termevenezia.it\/fr\/points-dinteret\/","url":"https:\/\/www.termevenezia.it\/fr\/points-dinteret\/","name":"Points d'int\u00e9r\u00eat - Terme Venezia","isPartOf":{"@id":"https:\/\/www.termevenezia.it\/fr\/#website"},"primaryImageOfPage":{"@id":"https:\/\/www.termevenezia.it\/fr\/points-dinteret\/#primaryimage"},"image":{"@id":"https:\/\/www.termevenezia.it\/fr\/points-dinteret\/#primaryimage"},"thumbnailUrl":"https:\/\/www.termevenezia.it\/wp-content\/uploads\/2024\/01\/collieuganei-terme-venezia.jpg","datePublished":"2024-01-30T07:17:51+00:00","dateModified":"2024-01-30T07:17:52+00:00","breadcrumb":{"@id":"https:\/\/www.termevenezia.it\/fr\/points-dinteret\/#breadcrumb"},"inLanguage":"fr-FR","potentialAction":[{"@type":"ReadAction","target":["https:\/\/www.termevenezia.it\/fr\/points-dinteret\/"]}]},{"@type":"ImageObject","inLanguage":"fr-FR","@id":"https:\/\/www.termevenezia.it\/fr\/points-dinteret\/#primaryimage","url":"https:\/\/www.termevenezia.it\/wp-content\/uploads\/2024\/01\/collieuganei-terme-venezia.jpg","contentUrl":"https:\/\/www.termevenezia.it\/wp-content\/uploads\/2024\/01\/collieuganei-terme-venezia.jpg","width":2000,"height":1333},{"@type":"BreadcrumbList","@id":"https:\/\/www.termevenezia.it\/fr\/points-dinteret\/#breadcrumb","itemListElement":[{"@type":"ListItem","position":1,"name":"","item":"https:\/\/www.termevenezia.it\/fr\/"},{"@type":"ListItem","position":2,"name":"Points d&rsquo;int\u00e9r\u00eat"}]},{"@type":"WebSite","@id":"https:\/\/www.termevenezia.it\/fr\/#website","url":"https:\/\/www.termevenezia.it\/fr\/","name":"Terme Venezia","description":"","potentialAction":[{"@type":"SearchAction","target":{"@type":"EntryPoint","urlTemplate":"https:\/\/www.termevenezia.it\/fr\/?s={search_term_string}"},"query-input":{"@type":"PropertyValueSpecification","valueRequired":true,"valueName":"search_term_string"}}],"inLanguage":"fr-FR"}]}},"coauthors":[],"author_meta":{"author_link":"https:\/\/www.termevenezia.it\/fr\/author\/marco-vescovi\/","display_name":"marco.vescovi"},"relative_dates":{"created":"Publi\u00e9 2 ans il y a","modified":"Mis \u00e0 jour 2 ans il y a"},"absolute_dates":{"created":"Publi\u00e9 le janvier 30, 2024","modified":"Mise \u00e0 jour le janvier 30, 2024"},"absolute_dates_time":{"created":"Publi\u00e9 le janvier 30, 2024 8:17 am","modified":"Mise \u00e0 jour le janvier 30, 2024 8:17 am"},"featured_img_caption":"","featured_img":"https:\/\/www.termevenezia.it\/wp-content\/uploads\/2024\/01\/collieuganei-terme-venezia-1568x1045.jpg","series_order":"","_links":{"self":[{"href":"https:\/\/www.termevenezia.it\/fr\/wp-json\/wp\/v2\/pages\/11777","targetHints":{"allow":["GET"]}}],"collection":[{"href":"https:\/\/www.termevenezia.it\/fr\/wp-json\/wp\/v2\/pages"}],"about":[{"href":"https:\/\/www.termevenezia.it\/fr\/wp-json\/wp\/v2\/types\/page"}],"author":[{"embeddable":true,"href":"https:\/\/www.termevenezia.it\/fr\/wp-json\/wp\/v2\/users\/9"}],"replies":[{"embeddable":true,"href":"https:\/\/www.termevenezia.it\/fr\/wp-json\/wp\/v2\/comments?post=11777"}],"version-history":[{"count":3,"href":"https:\/\/www.termevenezia.it\/fr\/wp-json\/wp\/v2\/pages\/11777\/revisions"}],"predecessor-version":[{"id":11780,"href":"https:\/\/www.termevenezia.it\/fr\/wp-json\/wp\/v2\/pages\/11777\/revisions\/11780"}],"wp:featuredmedia":[{"embeddable":true,"href":"https:\/\/www.termevenezia.it\/fr\/wp-json\/wp\/v2\/media\/11745"}],"wp:attachment":[{"href":"https:\/\/www.termevenezia.it\/fr\/wp-json\/wp\/v2\/media?parent=11777"}],"curies":[{"name":"wp","href":"https:\/\/api.w.org\/{rel}","templated":true}]}}