{"id":3100,"date":"2021-08-27T13:14:14","date_gmt":"2021-08-27T11:14:14","guid":{"rendered":"https:\/\/www.termevenezia.it\/?page_id=3100"},"modified":"2021-11-25T11:04:53","modified_gmt":"2021-11-25T10:04:53","slug":"aquagym-et-salle-fitness","status":"publish","type":"page","link":"https:\/\/www.termevenezia.it\/fr\/aquagym-et-salle-fitness\/","title":{"rendered":"Acquagym et Salle fitness"},"content":{"rendered":"<div  class=\"grids-section grids-is-advanced\" style=\"--_gs-gap-desktop:0px 0px;--_gs-m-desktop:0 0 0 0;--_gs-p-desktop:0 0 0 0;--_gs-bg-desktop:transparent none;--_gs-bg-xp-desktop:0px;--_gs-zi-desktop:auto;--_gs-d-desktop:block;--_gs-mw-desktop:calc(100% - 0 - 0);--_gs-gap-tablet:0px 0px;--_gs-m-tablet:0 0 0 0;--_gs-p-tablet:0 0 0 0;--_gs-bg-tablet:transparent none;--_gs-bg-xp-tablet:0px;--_gs-zi-tablet:auto;--_gs-d-tablet:block;--_gs-mw-tablet:calc(100% - 0 - 0);--_gs-gap-mobile:0px 0px;--_gs-m-mobile:0 0 0 0;--_gs-p-mobile:0 0 0 0;--_gs-bg-mobile:transparent none;--_gs-bg-xp-mobile:0px;--_gs-zi-mobile:auto;--_gs-d-mobile:block;--_gs-mw-mobile:calc(100% - 0 - 0);--_gs-columns:12;--_gs-rows:6\"><div class=\"grids-s-w_i\">\n<div class=\"grids-area text-align-left-mobile\" style=\"--_ga-column:3\/11;--_ga-row:1\/2;--_ga-m-desktop:20px 0 0 0;--_ga-p-desktop:0 0 0 0;--_ga-bg-desktop:transparent none;--_ga-zi-desktop:auto;--_ga-d-desktop:flex;--_ga-mw-desktop:calc(100% - 0 - 0);--_ga-m-tablet:20px 0 0 0;--_ga-p-tablet:0 0 0 0;--_ga-bg-tablet:transparent none;--_ga-zi-tablet:auto;--_ga-d-tablet:flex;--_ga-mw-tablet:calc(100% - 0 - 0);--_ga-m-mobile:20px 0 0 0;--_ga-p-mobile:0 0 0 0;--_ga-bg-mobile:transparent none;--_ga-zi-mobile:auto;--_ga-d-mobile:flex;--_ga-mw-mobile:calc(100% - 0 - 0)\">\n\n<p class=\"has-text-align-center\">L&rsquo;H\u00f4tel Terme Venezia offre les services id\u00e9aux pour prendre soin de votre corps et de votre esprit.<\/p>\n\n<\/div>\n<\/div><\/div>\n\n<div  class=\"grids-section grids-is-advanced alignfull\" style=\"--_gs-gap-desktop:0px 0px;--_gs-m-desktop:0 0 0 0;--_gs-p-desktop:0 0 0 0;--_gs-bg-desktop:transparent none;--_gs-bg-xp-desktop:0px;--_gs-zi-desktop:auto;--_gs-d-desktop:block;--_gs-mw-desktop:calc(100% - 0 - 0);--_gs-gap-tablet:0px 0px;--_gs-m-tablet:0 0 0 0;--_gs-p-tablet:0 0 0 0;--_gs-bg-tablet:transparent none;--_gs-bg-xp-tablet:0px;--_gs-zi-tablet:auto;--_gs-d-tablet:block;--_gs-mw-tablet:calc(100% - 0 - 0);--_gs-gap-mobile:0px 0px;--_gs-m-mobile:0 0 0 0;--_gs-p-mobile:20px 0 0 0;--_gs-bg-mobile:transparent none;--_gs-bg-xp-mobile:0px;--_gs-zi-mobile:auto;--_gs-d-mobile:block;--_gs-mw-mobile:calc(100% - 0 - 0);--_gs-columns:12;--_gs-rows:6\"><div class=\"grids-s-w_i\">\n<div class=\"grids-area\" style=\"--_ga-column:9\/12;--_ga-row:1\/7;--_ga-va:center;--_ga-m-desktop:0 0 0 0;--_ga-p-desktop:0 0 0 0;--_ga-bg-desktop:transparent none;--_ga-zi-desktop:auto;--_ga-d-desktop:flex;--_ga-mw-desktop:calc(100% - 0 - 0);--_ga-m-tablet:0 0 0 0;--_ga-p-tablet:0 0 0 0;--_ga-bg-tablet:transparent none;--_ga-zi-tablet:auto;--_ga-d-tablet:flex;--_ga-mw-tablet:calc(100% - 0 - 0);--_ga-m-mobile:0 0 0 0;--_ga-p-mobile:0 0 0 0;--_ga-bg-mobile:transparent none;--_ga-zi-mobile:auto;--_ga-d-mobile:flex;--_ga-mw-mobile:calc(100% - 0 - 0)\">\n\n<h2 class=\"wp-block-heading\">Aquagym<\/h2>\n\n\n\n<h3 class=\"wp-block-heading\">Rester en forme en s\u2019amusant<\/h3>\n\n\n\n<p>Abano Terme est le Spa le plus important d&rsquo;Europe. <\/p>\n\n\n\n<hr class=\"wp-block-separator is-style-default\"\/>\n\n\n\n<p>Pour profiter pleinement des bienfaits de l&rsquo;eau thermale, nous vous mettons \u00e0 votre disposition tous les apr\u00e8s-midi des des <strong>cours gratuits d&rsquo;Aquagym<\/strong>&nbsp;pour rester en forme en \u00e9coutant de la musique.<\/p>\n\n<\/div>\n\n<div class=\"grids-area\" style=\"--_ga-column:2\/8;--_ga-row:1\/7;--_ga-va:center;--_ga-m-desktop:0 0 0 0;--_ga-p-desktop:0 0 0 0;--_ga-bg-desktop:transparent none;--_ga-zi-desktop:auto;--_ga-d-desktop:flex;--_ga-mw-desktop:calc(100% - 0 - 0);--_ga-m-tablet:0 0 0 0;--_ga-p-tablet:0 0 0 0;--_ga-bg-tablet:transparent none;--_ga-zi-tablet:auto;--_ga-d-tablet:flex;--_ga-mw-tablet:calc(100% - 0 - 0);--_ga-m-mobile:0 0 0 0;--_ga-p-mobile:0 0 0 0;--_ga-bg-mobile:transparent none;--_ga-zi-mobile:auto;--_ga-d-mobile:flex;--_ga-mw-mobile:calc(100% - 0 - 0)\">\n\n<figure class=\"wp-block-image size-large border-rounded\"><img style=\"background-color: #778f9a;\" decoding=\"async\" width=\"1024\" height=\"683\" src=\"https:\/\/www.termevenezia.it\/wp-content\/uploads\/2021\/08\/piscina-esterna-hotel-venezia-abano_03-1-1024x683.jpg\" alt=\"\" class=\"wp-image-3007\" srcset=\"https:\/\/www.termevenezia.it\/wp-content\/uploads\/2021\/08\/piscina-esterna-hotel-venezia-abano_03-1-1024x683.jpg 1024w, https:\/\/www.termevenezia.it\/wp-content\/uploads\/2021\/08\/piscina-esterna-hotel-venezia-abano_03-1-300x200.jpg 300w, https:\/\/www.termevenezia.it\/wp-content\/uploads\/2021\/08\/piscina-esterna-hotel-venezia-abano_03-1-768x512.jpg 768w, https:\/\/www.termevenezia.it\/wp-content\/uploads\/2021\/08\/piscina-esterna-hotel-venezia-abano_03-1-1536x1024.jpg 1536w, https:\/\/www.termevenezia.it\/wp-content\/uploads\/2021\/08\/piscina-esterna-hotel-venezia-abano_03-1-1568x1045.jpg 1568w, https:\/\/www.termevenezia.it\/wp-content\/uploads\/2021\/08\/piscina-esterna-hotel-venezia-abano_03-1.jpg 1800w\" sizes=\"(max-width: 1024px) 100vw, 1024px\" \/><\/figure>\n\n<\/div>\n<\/div><\/div>\n\n<div  class=\"grids-section grids-is-advanced alignfull\" style=\"--_gs-gap-desktop:0px 0px;--_gs-m-desktop:0 0 0 0;--_gs-p-desktop:0 0 0 0;--_gs-bg-desktop:transparent none;--_gs-bg-xp-desktop:0px;--_gs-zi-desktop:auto;--_gs-d-desktop:block;--_gs-mw-desktop:calc(100% - 0 - 0);--_gs-gap-tablet:0px 0px;--_gs-m-tablet:0 0 0 0;--_gs-p-tablet:0 0 0 0;--_gs-bg-tablet:transparent none;--_gs-bg-xp-tablet:0px;--_gs-zi-tablet:auto;--_gs-d-tablet:block;--_gs-mw-tablet:calc(100% - 0 - 0);--_gs-gap-mobile:0px 0px;--_gs-m-mobile:0 0 0 0;--_gs-p-mobile:20px 0 0 0;--_gs-bg-mobile:transparent none;--_gs-bg-xp-mobile:0px;--_gs-zi-mobile:auto;--_gs-d-mobile:block;--_gs-mw-mobile:calc(100% - 0 - 0);--_gs-columns:12;--_gs-rows:6\"><div class=\"grids-s-w_i\">\n<div class=\"grids-area\" style=\"--_ga-column:2\/5;--_ga-row:1\/7;--_ga-va:center;--_ga-m-desktop:0 0 0 0;--_ga-p-desktop:0 0 0 0;--_ga-bg-desktop:transparent none;--_ga-zi-desktop:auto;--_ga-d-desktop:flex;--_ga-mw-desktop:calc(100% - 0 - 0);--_ga-m-tablet:0 0 0 0;--_ga-p-tablet:0 0 0 0;--_ga-bg-tablet:transparent none;--_ga-zi-tablet:auto;--_ga-d-tablet:flex;--_ga-mw-tablet:calc(100% - 0 - 0);--_ga-m-mobile:0 0 0 0;--_ga-p-mobile:0 0 0 0;--_ga-bg-mobile:transparent none;--_ga-zi-mobile:auto;--_ga-d-mobile:flex;--_ga-mw-mobile:calc(100% - 0 - 0)\">\n\n<h2 class=\"wp-block-heading\">Salle fitness<\/h2>\n\n\n\n<h3 class=\"wp-block-heading\">Prenez soin de votre corps<\/h3>\n\n\n\n<hr class=\"wp-block-separator is-style-default\"\/>\n\n\n\n<p>\u00c0 l&rsquo;h\u00f4tel Terme Venezia, vous pourrez utiliser gratuitement notre&nbsp;<strong>salle de sport<\/strong>, qui se trouve dans le Spa Venezia, \u00e9quip\u00e9e de tous les appareils pour l\u2019activit\u00e9 physique.<\/p>\n\n<\/div>\n\n<div class=\"grids-area\" style=\"--_ga-column:6\/12;--_ga-row:1\/7;--_ga-va:center;--_ga-m-desktop:0 0 0 0;--_ga-p-desktop:0 0 0 0;--_ga-bg-desktop:transparent none;--_ga-zi-desktop:auto;--_ga-d-desktop:flex;--_ga-mw-desktop:calc(100% - 0 - 0);--_ga-m-tablet:0 0 0 0;--_ga-p-tablet:0 0 0 0;--_ga-bg-tablet:transparent none;--_ga-zi-tablet:auto;--_ga-d-tablet:flex;--_ga-mw-tablet:calc(100% - 0 - 0);--_ga-m-mobile:0 0 0 0;--_ga-p-mobile:0 0 0 0;--_ga-bg-mobile:transparent none;--_ga-zi-mobile:auto;--_ga-d-mobile:flex;--_ga-mw-mobile:calc(100% - 0 - 0)\">\n\n    <div class=\"custom-gallery-wrapper\">\n                <img decoding=\"async\" class=\"enable-fullscreen\" src=\"https:\/\/www.termevenezia.it\/wp-content\/themes\/jampaa\/assets\/images\/fullscreen.png\" onclick=\"showHideFotorama('custom-gallery_1', 0);\" \/>\n                \n            <div class=\"gallery-wrapper-image-single gallery-wrapper-image-0 gallery-wrapper-image-image\">\n                                    <figure class=\"full-width gallery-wrapper-image\" onclick=\"showHideFotorama('custom-gallery_1', 0);\" style=\"background-color: #a5a6a5;\">\n                        <img decoding=\"async\" class=\"gallery-wrapper-image-small\" src=\"https:\/\/www.termevenezia.it\/wp-content\/uploads\/2021\/08\/fitness-hotel-venezia-abano_02.jpg\">\n                    <\/figure>\n                                                <\/div>\n                    \n            <div class=\"gallery-wrapper-image-single gallery-wrapper-image-1 gallery-wrapper-image-image\">\n                                    <figure class=\"full-width gallery-wrapper-image\" onclick=\"showHideFotorama('custom-gallery_1', 1);\" style=\"background-color: #a09a94;\">\n                        <img decoding=\"async\" class=\"gallery-wrapper-image-small\" src=\"https:\/\/www.termevenezia.it\/wp-content\/uploads\/2021\/08\/fitness-hotel-venezia-abano_03.jpg\">\n                    <\/figure>\n                                                <\/div>\n                    \n            <div class=\"gallery-wrapper-image-single gallery-wrapper-image-2 gallery-wrapper-image-image\">\n                                    <figure class=\"full-width gallery-wrapper-image\" onclick=\"showHideFotorama('custom-gallery_1', 2);\" style=\"background-color: #c2beac;\">\n                        <img decoding=\"async\" class=\"gallery-wrapper-image-small\" src=\"https:\/\/www.termevenezia.it\/wp-content\/uploads\/2021\/08\/sala-fitness-hotel-venezia-abano_01.jpg\">\n                    <\/figure>\n                                                <\/div>\n                        <\/div>\n\n    <div style=\"width:1px;height:1px;position:absolute;\" name=\"fotorama\" id=\"custom-gallery_1\" class=\"fotorama\" data-width=\"100%\" data-loop=\"true\" data-nav=\"thumbs\"  data-allowfullscreen=\"true\" >\n                            <img decoding=\"async\" src=\"https:\/\/www.termevenezia.it\/wp-content\/uploads\/2021\/08\/fitness-hotel-venezia-abano_02.jpg\" class=\"attachment-full skip-lazy\" data-caption=\"1\" \/>\n                                <img decoding=\"async\" src=\"https:\/\/www.termevenezia.it\/wp-content\/uploads\/2021\/08\/fitness-hotel-venezia-abano_03.jpg\" class=\"attachment-full skip-lazy\" data-caption=\"2\" \/>\n                                <img decoding=\"async\" src=\"https:\/\/www.termevenezia.it\/wp-content\/uploads\/2021\/08\/sala-fitness-hotel-venezia-abano_01.jpg\" class=\"attachment-full skip-lazy\" data-caption=\"3\" \/>\n                        <\/div>\n\n\n\n<\/div>\n<\/div><\/div>","protected":false},"excerpt":{"rendered":"","protected":false},"author":1,"featured_media":3103,"parent":0,"menu_order":0,"comment_status":"closed","ping_status":"closed","template":"","meta":{"_acf_changed":false,"advgb_blocks_editor_width":"","advgb_blocks_columns_visual_guide":"","footnotes":""},"class_list":["post-3100","page","type-page","status-publish","has-post-thumbnail","hentry","entry"],"acf":[],"yoast_head":"<!-- This site is optimized with the Yoast SEO plugin v25.7 - https:\/\/yoast.com\/wordpress\/plugins\/seo\/ -->\n<title>Acquagym et Salle fitness - Terme Venezia<\/title>\n<meta name=\"description\" content=\"L&#039;H\u00f4tel Terme Venezia offre des services comme l&#039;aquagym et la salle de sport pour prendre soin de votre corps et de votre esprit.\" \/>\n<meta name=\"robots\" content=\"index, follow, max-snippet:-1, max-image-preview:large, max-video-preview:-1\" \/>\n<link rel=\"canonical\" href=\"https:\/\/www.termevenezia.it\/fr\/aquagym-et-salle-fitness\/\" \/>\n<meta property=\"og:locale\" content=\"fr_FR\" \/>\n<meta property=\"og:type\" content=\"article\" \/>\n<meta property=\"og:title\" content=\"Acquagym et Salle fitness - Terme Venezia\" \/>\n<meta property=\"og:description\" content=\"L&#039;H\u00f4tel Terme Venezia offre des services comme l&#039;aquagym et la salle de sport pour prendre soin de votre corps et de votre esprit.\" \/>\n<meta property=\"og:url\" content=\"https:\/\/www.termevenezia.it\/fr\/aquagym-et-salle-fitness\/\" \/>\n<meta property=\"og:site_name\" content=\"Terme Venezia\" \/>\n<meta property=\"article:modified_time\" content=\"2021-11-25T10:04:53+00:00\" \/>\n<meta property=\"og:image\" content=\"https:\/\/www.termevenezia.it\/wp-content\/uploads\/2021\/08\/slide-fitness-hotel-venezia-terme.jpg\" \/>\n\t<meta property=\"og:image:width\" content=\"2000\" \/>\n\t<meta property=\"og:image:height\" content=\"714\" \/>\n\t<meta property=\"og:image:type\" content=\"image\/jpeg\" \/>\n<meta name=\"twitter:card\" content=\"summary_large_image\" \/>\n<meta name=\"twitter:label1\" content=\"Dur\u00e9e de lecture estim\u00e9e\" \/>\n\t<meta name=\"twitter:data1\" content=\"1 minute\" \/>\n<script type=\"application\/ld+json\" class=\"yoast-schema-graph\">{\"@context\":\"https:\/\/schema.org\",\"@graph\":[{\"@type\":\"WebPage\",\"@id\":\"https:\/\/www.termevenezia.it\/fr\/aquagym-et-salle-fitness\/\",\"url\":\"https:\/\/www.termevenezia.it\/fr\/aquagym-et-salle-fitness\/\",\"name\":\"Acquagym et Salle fitness - Terme Venezia\",\"isPartOf\":{\"@id\":\"https:\/\/www.termevenezia.it\/fr\/#website\"},\"primaryImageOfPage\":{\"@id\":\"https:\/\/www.termevenezia.it\/fr\/aquagym-et-salle-fitness\/#primaryimage\"},\"image\":{\"@id\":\"https:\/\/www.termevenezia.it\/fr\/aquagym-et-salle-fitness\/#primaryimage\"},\"thumbnailUrl\":\"https:\/\/www.termevenezia.it\/wp-content\/uploads\/2021\/08\/slide-fitness-hotel-venezia-terme.jpg\",\"datePublished\":\"2021-08-27T11:14:14+00:00\",\"dateModified\":\"2021-11-25T10:04:53+00:00\",\"description\":\"L'H\u00f4tel Terme Venezia offre des services comme l'aquagym et la salle de sport pour prendre soin de votre corps et de votre esprit.\",\"breadcrumb\":{\"@id\":\"https:\/\/www.termevenezia.it\/fr\/aquagym-et-salle-fitness\/#breadcrumb\"},\"inLanguage\":\"fr-FR\",\"potentialAction\":[{\"@type\":\"ReadAction\",\"target\":[\"https:\/\/www.termevenezia.it\/fr\/aquagym-et-salle-fitness\/\"]}]},{\"@type\":\"ImageObject\",\"inLanguage\":\"fr-FR\",\"@id\":\"https:\/\/www.termevenezia.it\/fr\/aquagym-et-salle-fitness\/#primaryimage\",\"url\":\"https:\/\/www.termevenezia.it\/wp-content\/uploads\/2021\/08\/slide-fitness-hotel-venezia-terme.jpg\",\"contentUrl\":\"https:\/\/www.termevenezia.it\/wp-content\/uploads\/2021\/08\/slide-fitness-hotel-venezia-terme.jpg\",\"width\":2000,\"height\":714},{\"@type\":\"BreadcrumbList\",\"@id\":\"https:\/\/www.termevenezia.it\/fr\/aquagym-et-salle-fitness\/#breadcrumb\",\"itemListElement\":[{\"@type\":\"ListItem\",\"position\":1,\"name\":\"\",\"item\":\"https:\/\/www.termevenezia.it\/fr\/\"},{\"@type\":\"ListItem\",\"position\":2,\"name\":\"Acquagym et Salle fitness\"}]},{\"@type\":\"WebSite\",\"@id\":\"https:\/\/www.termevenezia.it\/fr\/#website\",\"url\":\"https:\/\/www.termevenezia.it\/fr\/\",\"name\":\"Terme Venezia\",\"description\":\"\",\"potentialAction\":[{\"@type\":\"SearchAction\",\"target\":{\"@type\":\"EntryPoint\",\"urlTemplate\":\"https:\/\/www.termevenezia.it\/fr\/?s={search_term_string}\"},\"query-input\":{\"@type\":\"PropertyValueSpecification\",\"valueRequired\":true,\"valueName\":\"search_term_string\"}}],\"inLanguage\":\"fr-FR\"}]}<\/script>\n<!-- \/ Yoast SEO plugin. -->","yoast_head_json":{"title":"Acquagym et Salle fitness - Terme Venezia","description":"L'H\u00f4tel Terme Venezia offre des services comme l'aquagym et la salle de sport pour prendre soin de votre corps et de votre esprit.","robots":{"index":"index","follow":"follow","max-snippet":"max-snippet:-1","max-image-preview":"max-image-preview:large","max-video-preview":"max-video-preview:-1"},"canonical":"https:\/\/www.termevenezia.it\/fr\/aquagym-et-salle-fitness\/","og_locale":"fr_FR","og_type":"article","og_title":"Acquagym et Salle fitness - Terme Venezia","og_description":"L'H\u00f4tel Terme Venezia offre des services comme l'aquagym et la salle de sport pour prendre soin de votre corps et de votre esprit.","og_url":"https:\/\/www.termevenezia.it\/fr\/aquagym-et-salle-fitness\/","og_site_name":"Terme Venezia","article_modified_time":"2021-11-25T10:04:53+00:00","og_image":[{"width":2000,"height":714,"url":"https:\/\/www.termevenezia.it\/wp-content\/uploads\/2021\/08\/slide-fitness-hotel-venezia-terme.jpg","type":"image\/jpeg"}],"twitter_card":"summary_large_image","twitter_misc":{"Dur\u00e9e de lecture estim\u00e9e":"1 minute"},"schema":{"@context":"https:\/\/schema.org","@graph":[{"@type":"WebPage","@id":"https:\/\/www.termevenezia.it\/fr\/aquagym-et-salle-fitness\/","url":"https:\/\/www.termevenezia.it\/fr\/aquagym-et-salle-fitness\/","name":"Acquagym et Salle fitness - Terme Venezia","isPartOf":{"@id":"https:\/\/www.termevenezia.it\/fr\/#website"},"primaryImageOfPage":{"@id":"https:\/\/www.termevenezia.it\/fr\/aquagym-et-salle-fitness\/#primaryimage"},"image":{"@id":"https:\/\/www.termevenezia.it\/fr\/aquagym-et-salle-fitness\/#primaryimage"},"thumbnailUrl":"https:\/\/www.termevenezia.it\/wp-content\/uploads\/2021\/08\/slide-fitness-hotel-venezia-terme.jpg","datePublished":"2021-08-27T11:14:14+00:00","dateModified":"2021-11-25T10:04:53+00:00","description":"L'H\u00f4tel Terme Venezia offre des services comme l'aquagym et la salle de sport pour prendre soin de votre corps et de votre esprit.","breadcrumb":{"@id":"https:\/\/www.termevenezia.it\/fr\/aquagym-et-salle-fitness\/#breadcrumb"},"inLanguage":"fr-FR","potentialAction":[{"@type":"ReadAction","target":["https:\/\/www.termevenezia.it\/fr\/aquagym-et-salle-fitness\/"]}]},{"@type":"ImageObject","inLanguage":"fr-FR","@id":"https:\/\/www.termevenezia.it\/fr\/aquagym-et-salle-fitness\/#primaryimage","url":"https:\/\/www.termevenezia.it\/wp-content\/uploads\/2021\/08\/slide-fitness-hotel-venezia-terme.jpg","contentUrl":"https:\/\/www.termevenezia.it\/wp-content\/uploads\/2021\/08\/slide-fitness-hotel-venezia-terme.jpg","width":2000,"height":714},{"@type":"BreadcrumbList","@id":"https:\/\/www.termevenezia.it\/fr\/aquagym-et-salle-fitness\/#breadcrumb","itemListElement":[{"@type":"ListItem","position":1,"name":"","item":"https:\/\/www.termevenezia.it\/fr\/"},{"@type":"ListItem","position":2,"name":"Acquagym et Salle fitness"}]},{"@type":"WebSite","@id":"https:\/\/www.termevenezia.it\/fr\/#website","url":"https:\/\/www.termevenezia.it\/fr\/","name":"Terme Venezia","description":"","potentialAction":[{"@type":"SearchAction","target":{"@type":"EntryPoint","urlTemplate":"https:\/\/www.termevenezia.it\/fr\/?s={search_term_string}"},"query-input":{"@type":"PropertyValueSpecification","valueRequired":true,"valueName":"search_term_string"}}],"inLanguage":"fr-FR"}]}},"coauthors":[],"author_meta":{"author_link":"https:\/\/www.termevenezia.it\/fr\/author\/t3mr4-v84ka0\/","display_name":"t3mr4-v84ka0"},"relative_dates":{"created":"Publi\u00e9 5 ans il y a","modified":"Mis \u00e0 jour 4 ans il y a"},"absolute_dates":{"created":"Publi\u00e9 le ao\u00fbt 27, 2021","modified":"Mise \u00e0 jour le novembre 25, 2021"},"absolute_dates_time":{"created":"Publi\u00e9 le ao\u00fbt 27, 2021 1:14 pm","modified":"Mise \u00e0 jour le novembre 25, 2021 11:04 am"},"featured_img_caption":"","featured_img":"https:\/\/www.termevenezia.it\/wp-content\/uploads\/2021\/08\/slide-fitness-hotel-venezia-terme-1568x560.jpg","series_order":"","_links":{"self":[{"href":"https:\/\/www.termevenezia.it\/fr\/wp-json\/wp\/v2\/pages\/3100","targetHints":{"allow":["GET"]}}],"collection":[{"href":"https:\/\/www.termevenezia.it\/fr\/wp-json\/wp\/v2\/pages"}],"about":[{"href":"https:\/\/www.termevenezia.it\/fr\/wp-json\/wp\/v2\/types\/page"}],"author":[{"embeddable":true,"href":"https:\/\/www.termevenezia.it\/fr\/wp-json\/wp\/v2\/users\/1"}],"replies":[{"embeddable":true,"href":"https:\/\/www.termevenezia.it\/fr\/wp-json\/wp\/v2\/comments?post=3100"}],"version-history":[{"count":7,"href":"https:\/\/www.termevenezia.it\/fr\/wp-json\/wp\/v2\/pages\/3100\/revisions"}],"predecessor-version":[{"id":8605,"href":"https:\/\/www.termevenezia.it\/fr\/wp-json\/wp\/v2\/pages\/3100\/revisions\/8605"}],"wp:featuredmedia":[{"embeddable":true,"href":"https:\/\/www.termevenezia.it\/fr\/wp-json\/wp\/v2\/media\/3103"}],"wp:attachment":[{"href":"https:\/\/www.termevenezia.it\/fr\/wp-json\/wp\/v2\/media?parent=3100"}],"curies":[{"name":"wp","href":"https:\/\/api.w.org\/{rel}","templated":true}]}}