{"id":3270,"date":"2021-08-31T10:03:12","date_gmt":"2021-08-31T08:03:12","guid":{"rendered":"https:\/\/www.termevenezia.it\/?page_id=3270"},"modified":"2021-10-06T11:50:33","modified_gmt":"2021-10-06T09:50:33","slug":"donnees-societaires","status":"publish","type":"page","link":"https:\/\/www.termevenezia.it\/fr\/donnees-societaires\/","title":{"rendered":"DONN\u00c9ES SOCI\u00c9TAIRES"},"content":{"rendered":"<div  class=\"grids-section grids-is-advanced\" style=\"--_gs-gap-desktop:0px 0px;--_gs-m-desktop:0 0 0 0;--_gs-p-desktop:0 0 0 0;--_gs-bg-desktop:transparent none;--_gs-bg-xp-desktop:0px;--_gs-zi-desktop:auto;--_gs-d-desktop:block;--_gs-mw-desktop:calc(100% - 0 - 0);--_gs-gap-tablet:0px 0px;--_gs-m-tablet:0 0 0 0;--_gs-p-tablet:0 0 0 0;--_gs-bg-tablet:transparent none;--_gs-bg-xp-tablet:0px;--_gs-zi-tablet:auto;--_gs-d-tablet:block;--_gs-mw-tablet:calc(100% - 0 - 0);--_gs-gap-mobile:0px 0px;--_gs-m-mobile:0 0 0 0;--_gs-p-mobile:0 0 0 0;--_gs-bg-mobile:transparent none;--_gs-bg-xp-mobile:0px;--_gs-zi-mobile:auto;--_gs-d-mobile:block;--_gs-mw-mobile:calc(100% - 0 - 0);--_gs-columns:12;--_gs-rows:6\"><div class=\"grids-s-w_i\">\n<div class=\"grids-area\" style=\"--_ga-column:2\/12;--_ga-row:1\/2;--_ga-m-desktop:0 0 0 0;--_ga-p-desktop:0 0 0 0;--_ga-bg-desktop:transparent none;--_ga-zi-desktop:auto;--_ga-d-desktop:flex;--_ga-mw-desktop:calc(100% - 0 - 0);--_ga-m-tablet:0 0 0 0;--_ga-p-tablet:0 0 0 0;--_ga-bg-tablet:transparent none;--_ga-zi-tablet:auto;--_ga-d-tablet:flex;--_ga-mw-tablet:calc(100% - 0 - 0);--_ga-m-mobile:0 0 0 0;--_ga-p-mobile:0 0 0 0;--_ga-bg-mobile:transparent none;--_ga-zi-mobile:auto;--_ga-d-mobile:flex;--_ga-mw-mobile:calc(100% - 0 - 0)\">\n\n<p id=\"block-fbd66b04-1557-40b0-a4d3-b6b60be2b3e4\">Hotel Venezia Srl &#8211; HOTEL TERME VENEZIA<br>Via Valerio Flacco, 42 &#8211; 35031 Abano Terme (PD)<\/p>\n\n\n\n<p id=\"block-561f6f5d-9ef5-4316-be71-e7bd998faaa0\">Tel: +39 049 866 9800<br>E-Mail: venezia@termevenezia.it<br>PEC:  amministrazione@pec.termevenezia.it   <\/p>\n\n\n\n<p id=\"block-c39dde6c-0b4f-47c5-a619-b38fc4a83d9d\">Capitale Sociale: \u20ac 100.000,00 i.v.<\/p>\n\n\n\n<p id=\"block-05ccea75-1d38-4911-a60f-0b7ebc90f2ec\">Partita IVA: 04320360284<\/p>\n\n\n\n<p id=\"block-3ac6a984-257a-4021-83c0-32edfcff73df\">Ufficio del Registro delle Imprese: <\/p>\n\n\n\n<p id=\"block-86444faa-d566-4a34-a2dd-0881db861c88\">R.E.A.: 04320360284<\/p>\n\n<\/div>\n<\/div><\/div>","protected":false},"excerpt":{"rendered":"","protected":false},"author":1,"featured_media":3272,"parent":0,"menu_order":0,"comment_status":"closed","ping_status":"closed","template":"","meta":{"_acf_changed":false,"advgb_blocks_editor_width":"","advgb_blocks_columns_visual_guide":"","footnotes":""},"class_list":["post-3270","page","type-page","status-publish","has-post-thumbnail","hentry","entry"],"acf":[],"yoast_head":"<!-- This site is optimized with the Yoast SEO plugin v25.7 - https:\/\/yoast.com\/wordpress\/plugins\/seo\/ -->\n<title>DONN\u00c9ES SOCI\u00c9TAIRES - Terme Venezia<\/title>\n<meta name=\"description\" content=\"Donn\u00e9es soci\u00e9taires de l&#039;Hotel Terme Venezia, Abano Terme (PD).\" \/>\n<meta name=\"robots\" content=\"index, follow, max-snippet:-1, max-image-preview:large, max-video-preview:-1\" \/>\n<link rel=\"canonical\" href=\"https:\/\/www.termevenezia.it\/fr\/donnees-societaires\/\" \/>\n<meta property=\"og:locale\" content=\"fr_FR\" \/>\n<meta property=\"og:type\" content=\"article\" \/>\n<meta property=\"og:title\" content=\"DONN\u00c9ES SOCI\u00c9TAIRES - Terme Venezia\" \/>\n<meta property=\"og:description\" content=\"Donn\u00e9es soci\u00e9taires de l&#039;Hotel Terme Venezia, Abano Terme (PD).\" \/>\n<meta property=\"og:url\" content=\"https:\/\/www.termevenezia.it\/fr\/donnees-societaires\/\" \/>\n<meta property=\"og:site_name\" content=\"Terme Venezia\" \/>\n<meta property=\"article:modified_time\" content=\"2021-10-06T09:50:33+00:00\" \/>\n<meta property=\"og:image\" content=\"https:\/\/www.termevenezia.it\/wp-content\/uploads\/2021\/08\/slide-spa-venezia-terme.jpg\" \/>\n\t<meta property=\"og:image:width\" content=\"2000\" \/>\n\t<meta property=\"og:image:height\" content=\"714\" \/>\n\t<meta property=\"og:image:type\" content=\"image\/jpeg\" \/>\n<meta name=\"twitter:card\" content=\"summary_large_image\" \/>\n<meta name=\"twitter:label1\" content=\"Dur\u00e9e de lecture estim\u00e9e\" \/>\n\t<meta name=\"twitter:data1\" content=\"1 minute\" \/>\n<script type=\"application\/ld+json\" class=\"yoast-schema-graph\">{\"@context\":\"https:\/\/schema.org\",\"@graph\":[{\"@type\":\"WebPage\",\"@id\":\"https:\/\/www.termevenezia.it\/fr\/donnees-societaires\/\",\"url\":\"https:\/\/www.termevenezia.it\/fr\/donnees-societaires\/\",\"name\":\"DONN\u00c9ES SOCI\u00c9TAIRES - Terme Venezia\",\"isPartOf\":{\"@id\":\"https:\/\/www.termevenezia.it\/fr\/#website\"},\"primaryImageOfPage\":{\"@id\":\"https:\/\/www.termevenezia.it\/fr\/donnees-societaires\/#primaryimage\"},\"image\":{\"@id\":\"https:\/\/www.termevenezia.it\/fr\/donnees-societaires\/#primaryimage\"},\"thumbnailUrl\":\"https:\/\/www.termevenezia.it\/wp-content\/uploads\/2021\/08\/slide-spa-venezia-terme.jpg\",\"datePublished\":\"2021-08-31T08:03:12+00:00\",\"dateModified\":\"2021-10-06T09:50:33+00:00\",\"description\":\"Donn\u00e9es soci\u00e9taires de l'Hotel Terme Venezia, Abano Terme (PD).\",\"breadcrumb\":{\"@id\":\"https:\/\/www.termevenezia.it\/fr\/donnees-societaires\/#breadcrumb\"},\"inLanguage\":\"fr-FR\",\"potentialAction\":[{\"@type\":\"ReadAction\",\"target\":[\"https:\/\/www.termevenezia.it\/fr\/donnees-societaires\/\"]}]},{\"@type\":\"ImageObject\",\"inLanguage\":\"fr-FR\",\"@id\":\"https:\/\/www.termevenezia.it\/fr\/donnees-societaires\/#primaryimage\",\"url\":\"https:\/\/www.termevenezia.it\/wp-content\/uploads\/2021\/08\/slide-spa-venezia-terme.jpg\",\"contentUrl\":\"https:\/\/www.termevenezia.it\/wp-content\/uploads\/2021\/08\/slide-spa-venezia-terme.jpg\",\"width\":2000,\"height\":714},{\"@type\":\"BreadcrumbList\",\"@id\":\"https:\/\/www.termevenezia.it\/fr\/donnees-societaires\/#breadcrumb\",\"itemListElement\":[{\"@type\":\"ListItem\",\"position\":1,\"name\":\"\",\"item\":\"https:\/\/www.termevenezia.it\/fr\/\"},{\"@type\":\"ListItem\",\"position\":2,\"name\":\"DONN\u00c9ES SOCI\u00c9TAIRES\"}]},{\"@type\":\"WebSite\",\"@id\":\"https:\/\/www.termevenezia.it\/fr\/#website\",\"url\":\"https:\/\/www.termevenezia.it\/fr\/\",\"name\":\"Terme Venezia\",\"description\":\"\",\"potentialAction\":[{\"@type\":\"SearchAction\",\"target\":{\"@type\":\"EntryPoint\",\"urlTemplate\":\"https:\/\/www.termevenezia.it\/fr\/?s={search_term_string}\"},\"query-input\":{\"@type\":\"PropertyValueSpecification\",\"valueRequired\":true,\"valueName\":\"search_term_string\"}}],\"inLanguage\":\"fr-FR\"}]}<\/script>\n<!-- \/ Yoast SEO plugin. -->","yoast_head_json":{"title":"DONN\u00c9ES SOCI\u00c9TAIRES - Terme Venezia","description":"Donn\u00e9es soci\u00e9taires de l'Hotel Terme Venezia, Abano Terme (PD).","robots":{"index":"index","follow":"follow","max-snippet":"max-snippet:-1","max-image-preview":"max-image-preview:large","max-video-preview":"max-video-preview:-1"},"canonical":"https:\/\/www.termevenezia.it\/fr\/donnees-societaires\/","og_locale":"fr_FR","og_type":"article","og_title":"DONN\u00c9ES SOCI\u00c9TAIRES - Terme Venezia","og_description":"Donn\u00e9es soci\u00e9taires de l'Hotel Terme Venezia, Abano Terme (PD).","og_url":"https:\/\/www.termevenezia.it\/fr\/donnees-societaires\/","og_site_name":"Terme Venezia","article_modified_time":"2021-10-06T09:50:33+00:00","og_image":[{"width":2000,"height":714,"url":"https:\/\/www.termevenezia.it\/wp-content\/uploads\/2021\/08\/slide-spa-venezia-terme.jpg","type":"image\/jpeg"}],"twitter_card":"summary_large_image","twitter_misc":{"Dur\u00e9e de lecture estim\u00e9e":"1 minute"},"schema":{"@context":"https:\/\/schema.org","@graph":[{"@type":"WebPage","@id":"https:\/\/www.termevenezia.it\/fr\/donnees-societaires\/","url":"https:\/\/www.termevenezia.it\/fr\/donnees-societaires\/","name":"DONN\u00c9ES SOCI\u00c9TAIRES - Terme Venezia","isPartOf":{"@id":"https:\/\/www.termevenezia.it\/fr\/#website"},"primaryImageOfPage":{"@id":"https:\/\/www.termevenezia.it\/fr\/donnees-societaires\/#primaryimage"},"image":{"@id":"https:\/\/www.termevenezia.it\/fr\/donnees-societaires\/#primaryimage"},"thumbnailUrl":"https:\/\/www.termevenezia.it\/wp-content\/uploads\/2021\/08\/slide-spa-venezia-terme.jpg","datePublished":"2021-08-31T08:03:12+00:00","dateModified":"2021-10-06T09:50:33+00:00","description":"Donn\u00e9es soci\u00e9taires de l'Hotel Terme Venezia, Abano Terme (PD).","breadcrumb":{"@id":"https:\/\/www.termevenezia.it\/fr\/donnees-societaires\/#breadcrumb"},"inLanguage":"fr-FR","potentialAction":[{"@type":"ReadAction","target":["https:\/\/www.termevenezia.it\/fr\/donnees-societaires\/"]}]},{"@type":"ImageObject","inLanguage":"fr-FR","@id":"https:\/\/www.termevenezia.it\/fr\/donnees-societaires\/#primaryimage","url":"https:\/\/www.termevenezia.it\/wp-content\/uploads\/2021\/08\/slide-spa-venezia-terme.jpg","contentUrl":"https:\/\/www.termevenezia.it\/wp-content\/uploads\/2021\/08\/slide-spa-venezia-terme.jpg","width":2000,"height":714},{"@type":"BreadcrumbList","@id":"https:\/\/www.termevenezia.it\/fr\/donnees-societaires\/#breadcrumb","itemListElement":[{"@type":"ListItem","position":1,"name":"","item":"https:\/\/www.termevenezia.it\/fr\/"},{"@type":"ListItem","position":2,"name":"DONN\u00c9ES SOCI\u00c9TAIRES"}]},{"@type":"WebSite","@id":"https:\/\/www.termevenezia.it\/fr\/#website","url":"https:\/\/www.termevenezia.it\/fr\/","name":"Terme Venezia","description":"","potentialAction":[{"@type":"SearchAction","target":{"@type":"EntryPoint","urlTemplate":"https:\/\/www.termevenezia.it\/fr\/?s={search_term_string}"},"query-input":{"@type":"PropertyValueSpecification","valueRequired":true,"valueName":"search_term_string"}}],"inLanguage":"fr-FR"}]}},"coauthors":[],"author_meta":{"author_link":"https:\/\/www.termevenezia.it\/fr\/author\/t3mr4-v84ka0\/","display_name":"t3mr4-v84ka0"},"relative_dates":{"created":"Publi\u00e9 5 ans il y a","modified":"Mis \u00e0 jour 5 ans il y a"},"absolute_dates":{"created":"Publi\u00e9 le ao\u00fbt 31, 2021","modified":"Mise \u00e0 jour le octobre 6, 2021"},"absolute_dates_time":{"created":"Publi\u00e9 le ao\u00fbt 31, 2021 10:03 am","modified":"Mise \u00e0 jour le octobre 6, 2021 11:50 am"},"featured_img_caption":"","featured_img":"https:\/\/www.termevenezia.it\/wp-content\/uploads\/2021\/08\/slide-spa-venezia-terme-1568x560.jpg","series_order":"","_links":{"self":[{"href":"https:\/\/www.termevenezia.it\/fr\/wp-json\/wp\/v2\/pages\/3270","targetHints":{"allow":["GET"]}}],"collection":[{"href":"https:\/\/www.termevenezia.it\/fr\/wp-json\/wp\/v2\/pages"}],"about":[{"href":"https:\/\/www.termevenezia.it\/fr\/wp-json\/wp\/v2\/types\/page"}],"author":[{"embeddable":true,"href":"https:\/\/www.termevenezia.it\/fr\/wp-json\/wp\/v2\/users\/1"}],"replies":[{"embeddable":true,"href":"https:\/\/www.termevenezia.it\/fr\/wp-json\/wp\/v2\/comments?post=3270"}],"version-history":[{"count":3,"href":"https:\/\/www.termevenezia.it\/fr\/wp-json\/wp\/v2\/pages\/3270\/revisions"}],"predecessor-version":[{"id":7110,"href":"https:\/\/www.termevenezia.it\/fr\/wp-json\/wp\/v2\/pages\/3270\/revisions\/7110"}],"wp:featuredmedia":[{"embeddable":true,"href":"https:\/\/www.termevenezia.it\/fr\/wp-json\/wp\/v2\/media\/3272"}],"wp:attachment":[{"href":"https:\/\/www.termevenezia.it\/fr\/wp-json\/wp\/v2\/media?parent=3270"}],"curies":[{"name":"wp","href":"https:\/\/api.w.org\/{rel}","templated":true}]}}