{"id":5387,"date":"2021-09-17T10:30:53","date_gmt":"2021-09-17T08:30:53","guid":{"rendered":"https:\/\/www.termevenezia.it\/?page_id=5387"},"modified":"2021-10-06T11:50:39","modified_gmt":"2021-10-06T09:50:39","slug":"paquets-thermaux","status":"publish","type":"page","link":"https:\/\/www.termevenezia.it\/fr\/paquets-thermaux\/","title":{"rendered":"Paquets thermaux"},"content":{"rendered":"<div  class=\"grids-section grids-is-advanced\" style=\"--_gs-gap-desktop:0px 0px;--_gs-m-desktop:0 0 0 0;--_gs-p-desktop:0 0 0 0;--_gs-bg-desktop:transparent none;--_gs-bg-xp-desktop:0px;--_gs-zi-desktop:auto;--_gs-d-desktop:block;--_gs-mw-desktop:calc(100% - 0 - 0);--_gs-gap-tablet:0px 0px;--_gs-m-tablet:0 0 0 0;--_gs-p-tablet:0 0 0 0;--_gs-bg-tablet:transparent none;--_gs-bg-xp-tablet:0px;--_gs-zi-tablet:auto;--_gs-d-tablet:block;--_gs-mw-tablet:calc(100% - 0 - 0);--_gs-gap-mobile:0px 0px;--_gs-m-mobile:0 0 0 0;--_gs-p-mobile:0 0 0 0;--_gs-bg-mobile:transparent none;--_gs-bg-xp-mobile:0px;--_gs-zi-mobile:auto;--_gs-d-mobile:block;--_gs-mw-mobile:calc(100% - 0 - 0);--_gs-columns:12;--_gs-rows:6\"><div class=\"grids-s-w_i\">\n<div class=\"grids-area\" style=\"--_ga-column:4\/11;--_ga-row:1\/2;--_ga-m-desktop:0 0 0 0;--_ga-p-desktop:0 0 0 0;--_ga-bg-desktop:transparent none;--_ga-zi-desktop:auto;--_ga-d-desktop:flex;--_ga-mw-desktop:calc(100% - 0 - 0);--_ga-m-tablet:0 0 0 0;--_ga-p-tablet:0 0 0 0;--_ga-bg-tablet:transparent none;--_ga-zi-tablet:auto;--_ga-d-tablet:flex;--_ga-mw-tablet:calc(100% - 0 - 0);--_ga-m-mobile:0 0 0 0;--_ga-p-mobile:0 0 0 0;--_ga-bg-mobile:transparent none;--_ga-zi-mobile:auto;--_ga-d-mobile:flex;--_ga-mw-mobile:calc(100% - 0 - 0)\">\n\n<p class=\"has-text-align-center\">Fermez les yeux et imaginez de profiter pleinement des <strong>moments de d\u00e9tente et de bien-\u00eatre<\/strong> des Thermes d\u2019Abano.<\/p>\n\n\n\n<p class=\"has-text-align-center\">De nombreux paquets et itin\u00e9raires thermaux con\u00e7us pour vous offrir un <strong>s\u00e9jour inoubliable<\/strong>.<\/p>\n\n<\/div>\n<\/div><\/div>\n\n<div  class=\"grids-section grids-is-advanced alignfull\" style=\"--_gs-gap-desktop:0px 0px;--_gs-m-desktop:0 0 0 0;--_gs-p-desktop:0 0 0 0;--_gs-bg-desktop:transparent none;--_gs-bg-xp-desktop:0px;--_gs-zi-desktop:auto;--_gs-d-desktop:block;--_gs-mw-desktop:calc(100% - 0 - 0);--_gs-gap-tablet:0px 0px;--_gs-m-tablet:0 0 0 0;--_gs-p-tablet:0 0 0 0;--_gs-bg-tablet:transparent none;--_gs-bg-xp-tablet:0px;--_gs-zi-tablet:auto;--_gs-d-tablet:block;--_gs-mw-tablet:calc(100% - 0 - 0);--_gs-gap-mobile:0px 0px;--_gs-m-mobile:0 0 0 0;--_gs-p-mobile:0 0 0 0;--_gs-bg-mobile:transparent none;--_gs-bg-xp-mobile:0px;--_gs-zi-mobile:auto;--_gs-d-mobile:block;--_gs-mw-mobile:calc(100% - 0 - 0);--_gs-columns:12;--_gs-rows:6\"><div class=\"grids-s-w_i\">\n<div class=\"grids-area\" style=\"--_ga-column:2\/12;--_ga-row:1\/7;--_ga-m-desktop:0 0 0 0;--_ga-p-desktop:0 0 0 0;--_ga-bg-desktop:transparent none;--_ga-zi-desktop:auto;--_ga-d-desktop:flex;--_ga-mw-desktop:calc(100% - 0 - 0);--_ga-m-tablet:0 0 0 0;--_ga-p-tablet:0 0 0 0;--_ga-bg-tablet:transparent none;--_ga-zi-tablet:auto;--_ga-d-tablet:flex;--_ga-mw-tablet:calc(100% - 0 - 0);--_ga-m-mobile:0 0 0 0;--_ga-p-mobile:0 0 0 0;--_ga-bg-mobile:transparent none;--_ga-zi-mobile:auto;--_ga-d-mobile:flex;--_ga-mw-mobile:calc(100% - 0 - 0)\">\n\n<div class=\"offers-list-container\" style=\"--offers-list-container-columns: 3\">\n\t\n\t\t\t<div class=\"offers-list-container-single offers-list-container-single-lead\">\n\t\t\t<div class=\"offers-list-container-single-message\">\n\t\t\t\tRemise Fidelity\t\t\t<\/div>\n\t\t\t<div class=\"offers-list-container-single-lead-image\">\n\t\t\t\t\t\t\t\t<figure class=\"full-width\" style=\"background-color: #444b4c;\">\n\t\t\t\t\t<img decoding=\"async\" src=\"https:\/\/www.termevenezia.it\/wp-content\/uploads\/2021\/06\/Terme_Venezia_Riccardo_Panzarini.jpg\" alt=\"\" title=\"Terme_Venezia_Riccardo_Panzarini\" width=\"349\" height=\"594\" \/>\n\t\t\t\t<\/figure>\n\t\t\t<\/div>\n\t\t\t<div class=\"offers-list-container-single-lead-content\">\n\t\t\t\t<h3>OFFRE CLUB TERME VENEZIA<\/h3>\n\n\t\t\t\t<p>Faire partie de la famille <strong>Terme Venezia<\/strong> est toujours avantageux. Pour les offres sp\u00e9ciales et bien d&rsquo;autres choses encore !<\/p>\n\n\t\t\t\t<div class=\"newsletter-block\">\n\t\t\t\t\t<form id=\"newsletterForm\">\n    <div class=\"news-cont-1\">\n        <label for=\"email\" class=\"label-email\">Email:<\/label>\n        <input type=\"email\" name=\"email\" id=\"email\" class=\"input-email\" required \/>\n        <button type=\"submit\">S'abonner<\/button>\n    <\/div>\n    \n    <div class=\"news-cont-2\">\n        <input type=\"checkbox\" id=\"privacy\" required>\n        <span id=\"psnewsShort\"><\/span><br\/>\n        <input type=\"text\" value=\"fr\" name=\"language\" id=\"language\" hidden>\n    <\/div>\n<\/form>\n\n<h1 id=\"result\"><\/h1>\n<script src=\"https:\/\/code.jquery.com\/jquery-3.6.0.min.js\"><\/script>\n<script>\n    jQuery(document).ready(function ($) {\n    $(\"#newsletterForm\").on(\"submit\", function (e) {\n        e.preventDefault();\n\n        if (!$(\"#privacy\").is(\":checked\")) {\n            alert(\"Devi accettare la Privacy Policy per proseguire.\");\n            return false;\n        }\n\n        $.ajax({\n            url: \"\/qualitando\/subscribe.php\",\n            type: \"POST\",\n            data: $(this).serialize(),\n            success: function (result) {\n                $(\"#result\").html(\"Iscrizione avvenuta con successo\");\n            },\n            error: function (xhr, status, error) {\n                $(\"#result\").html(\"Errore durante l'iscrizione\");\n            }\n        });\n\n        return false;\n    });\n});\n\n<\/script>\n\n\t\t\n\t\t\t\t<\/div>\n\n\t\t\t\t<div class=\"offers-list-container-single-features\">\n\t\t\t\t\t\t\n\t\t\t\t\t\t<span class=\"feature-box feature-box-text\">\n\t\t\t\t\t\t\tD\u00c9BLOQUEZ LES OFFRES MAINTENANT\t\t\t\t\t\t<\/span>\n\t\t\t\t\t\t\t\t\t\t\t\t\t\t\t\t<ul class=\"offers-list-container-single-features-evidence\">\n\t\t\t\t\t\t\t\t\t\t\t\t\t\t\t<li>\n\t\t\t\t\t\t\t\t\t<span class=\"material-icons\">wifi<\/span>\n\t\t\t\t\t\t\t\t<\/li>\n\t\t\t\t\t\t\t\t\t\t\t\t\t\t\t<li>\n\t\t\t\t\t\t\t\t\t<span class=\"material-icons\">ac_unit<\/span>\n\t\t\t\t\t\t\t\t<\/li>\n\t\t\t\t\t\t\t\t\t\t\t\t\t\t\t<li>\n\t\t\t\t\t\t\t\t\t<span class=\"material-icons\">personal_video<\/span>\n\t\t\t\t\t\t\t\t<\/li>\n\t\t\t\t\t\t\t\t\t\t\t\t\t<\/ul>\n\t\t\t\t\t\t\t\t\t<\/div>\n\t\t\t\t<hr>\n\t\t\t\t<div class=\"offers-list-container-single-lead-content-blurred\">\n\t\t\t\t\t<p><b>Compris dans le prix<\/b>: Spa, area thermale, <span class=\"blurred\">sauna finlandaise, bain turc, cascade de glace, douches emotionnelles, nouveaux espaces de d\u00e9tente.<\/span><\/p>\n\t\t\t\t<\/div>\n\t\t\t\t<a class=\"btn offers-list-container-single-button\">Les offres sont bloqu\u00e9es<\/a>\n\t\t\t<\/div>\n\t\t<\/div>\n\t\n\n\t\n\t<\/div>\n\n\n<!-- Pop-up mobile -->\n<script>\n\tjQuery(document).ready(function($) {\n\t\tif (window.innerWidth <= 450) {\n\t\t\t$('.offers-list-container-single-short-description').on('click', function() {\n\t\t\t\t\/\/ Seleziona entrambi i div\n\t\t\t\tvar $mobileExcerpt = $(this).parent().find('.mobile-excerpt');\n\t\t\t\tvar $desktopExcerpt = $(this).parent().find('.desktop-excerpt');\n\n\t\t\t\t\/\/ Se l'elemento cliccato \u00e8 quello mobile, nascondilo e mostra quello desktop, e viceversa\n\t\t\t\tif ($(this).hasClass('mobile-excerpt')) {\n\t\t\t\t\t$mobileExcerpt.hide();\n\t\t\t\t\t$desktopExcerpt.show();\n\t\t\t\t} else if ($(this).hasClass('desktop-excerpt')) {\n\t\t\t\t\t$desktopExcerpt.hide();\n\t\t\t\t\t$mobileExcerpt.show();\n\t\t\t\t}\n\n\t\t\t\t\/\/ Gestisce anche la visualizzazione delle azioni mobili e l'anteprima dei servizi se necessario\n\t\t\t\tvar $mobileAction = $(this).parent().find('.mobile-action');\n\t\t\t\t$mobileAction.toggle();\n\n\t\t\t\tvar $servicesPreview = $(this).parent().find('.offers-list-container-single-services-preview');\n\t\t\t\t$servicesPreview.slideToggle();\n\t\t\t});\n\t\t}\n\t});\n<\/script>\t\n<!-- Pop-up mobile -->\n\n\n\n\n<\/div>\n<\/div><\/div>","protected":false},"excerpt":{"rendered":"","protected":false},"author":1,"featured_media":3621,"parent":0,"menu_order":0,"comment_status":"closed","ping_status":"closed","template":"","meta":{"_acf_changed":false,"advgb_blocks_editor_width":"","advgb_blocks_columns_visual_guide":"","footnotes":""},"class_list":["post-5387","page","type-page","status-publish","has-post-thumbnail","hentry","entry"],"acf":[],"yoast_head":"<!-- This site is optimized with the Yoast SEO plugin v25.7 - https:\/\/yoast.com\/wordpress\/plugins\/seo\/ -->\n<title>Paquets thermaux - Terme Venezia<\/title>\n<meta name=\"description\" content=\"Paquets thermaux: exp\u00e9riences de d\u00e9tente au Spa et aux Thermes d\u2019Abano.\" \/>\n<meta name=\"robots\" content=\"index, follow, max-snippet:-1, max-image-preview:large, max-video-preview:-1\" \/>\n<link rel=\"canonical\" href=\"https:\/\/www.termevenezia.it\/fr\/paquets-thermaux\/\" \/>\n<meta property=\"og:locale\" content=\"fr_FR\" \/>\n<meta property=\"og:type\" content=\"article\" \/>\n<meta property=\"og:title\" content=\"Paquets thermaux - Terme Venezia\" \/>\n<meta property=\"og:description\" content=\"Paquets thermaux: exp\u00e9riences de d\u00e9tente au Spa et aux Thermes d\u2019Abano.\" \/>\n<meta property=\"og:url\" content=\"https:\/\/www.termevenezia.it\/fr\/paquets-thermaux\/\" \/>\n<meta property=\"og:site_name\" content=\"Terme Venezia\" \/>\n<meta property=\"article:modified_time\" content=\"2021-10-06T09:50:39+00:00\" \/>\n<meta property=\"og:image\" content=\"https:\/\/www.termevenezia.it\/wp-content\/uploads\/2021\/08\/slide-pacchetti-termali-terme-venezia.jpg\" \/>\n\t<meta property=\"og:image:width\" content=\"2000\" \/>\n\t<meta property=\"og:image:height\" content=\"714\" \/>\n\t<meta property=\"og:image:type\" content=\"image\/jpeg\" \/>\n<meta name=\"twitter:card\" content=\"summary_large_image\" \/>\n<meta name=\"twitter:label1\" content=\"Dur\u00e9e de lecture estim\u00e9e\" \/>\n\t<meta name=\"twitter:data1\" content=\"1 minute\" \/>\n<script type=\"application\/ld+json\" class=\"yoast-schema-graph\">{\"@context\":\"https:\/\/schema.org\",\"@graph\":[{\"@type\":\"WebPage\",\"@id\":\"https:\/\/www.termevenezia.it\/fr\/paquets-thermaux\/\",\"url\":\"https:\/\/www.termevenezia.it\/fr\/paquets-thermaux\/\",\"name\":\"Paquets thermaux - Terme Venezia\",\"isPartOf\":{\"@id\":\"https:\/\/www.termevenezia.it\/fr\/#website\"},\"primaryImageOfPage\":{\"@id\":\"https:\/\/www.termevenezia.it\/fr\/paquets-thermaux\/#primaryimage\"},\"image\":{\"@id\":\"https:\/\/www.termevenezia.it\/fr\/paquets-thermaux\/#primaryimage\"},\"thumbnailUrl\":\"https:\/\/www.termevenezia.it\/wp-content\/uploads\/2021\/08\/slide-pacchetti-termali-terme-venezia.jpg\",\"datePublished\":\"2021-09-17T08:30:53+00:00\",\"dateModified\":\"2021-10-06T09:50:39+00:00\",\"description\":\"Paquets thermaux: exp\u00e9riences de d\u00e9tente au Spa et aux Thermes d\u2019Abano.\",\"breadcrumb\":{\"@id\":\"https:\/\/www.termevenezia.it\/fr\/paquets-thermaux\/#breadcrumb\"},\"inLanguage\":\"fr-FR\",\"potentialAction\":[{\"@type\":\"ReadAction\",\"target\":[\"https:\/\/www.termevenezia.it\/fr\/paquets-thermaux\/\"]}]},{\"@type\":\"ImageObject\",\"inLanguage\":\"fr-FR\",\"@id\":\"https:\/\/www.termevenezia.it\/fr\/paquets-thermaux\/#primaryimage\",\"url\":\"https:\/\/www.termevenezia.it\/wp-content\/uploads\/2021\/08\/slide-pacchetti-termali-terme-venezia.jpg\",\"contentUrl\":\"https:\/\/www.termevenezia.it\/wp-content\/uploads\/2021\/08\/slide-pacchetti-termali-terme-venezia.jpg\",\"width\":2000,\"height\":714},{\"@type\":\"BreadcrumbList\",\"@id\":\"https:\/\/www.termevenezia.it\/fr\/paquets-thermaux\/#breadcrumb\",\"itemListElement\":[{\"@type\":\"ListItem\",\"position\":1,\"name\":\"\",\"item\":\"https:\/\/www.termevenezia.it\/fr\/\"},{\"@type\":\"ListItem\",\"position\":2,\"name\":\"Paquets thermaux\"}]},{\"@type\":\"WebSite\",\"@id\":\"https:\/\/www.termevenezia.it\/fr\/#website\",\"url\":\"https:\/\/www.termevenezia.it\/fr\/\",\"name\":\"Terme Venezia\",\"description\":\"\",\"potentialAction\":[{\"@type\":\"SearchAction\",\"target\":{\"@type\":\"EntryPoint\",\"urlTemplate\":\"https:\/\/www.termevenezia.it\/fr\/?s={search_term_string}\"},\"query-input\":{\"@type\":\"PropertyValueSpecification\",\"valueRequired\":true,\"valueName\":\"search_term_string\"}}],\"inLanguage\":\"fr-FR\"}]}<\/script>\n<!-- \/ Yoast SEO plugin. -->","yoast_head_json":{"title":"Paquets thermaux - Terme Venezia","description":"Paquets thermaux: exp\u00e9riences de d\u00e9tente au Spa et aux Thermes d\u2019Abano.","robots":{"index":"index","follow":"follow","max-snippet":"max-snippet:-1","max-image-preview":"max-image-preview:large","max-video-preview":"max-video-preview:-1"},"canonical":"https:\/\/www.termevenezia.it\/fr\/paquets-thermaux\/","og_locale":"fr_FR","og_type":"article","og_title":"Paquets thermaux - Terme Venezia","og_description":"Paquets thermaux: exp\u00e9riences de d\u00e9tente au Spa et aux Thermes d\u2019Abano.","og_url":"https:\/\/www.termevenezia.it\/fr\/paquets-thermaux\/","og_site_name":"Terme Venezia","article_modified_time":"2021-10-06T09:50:39+00:00","og_image":[{"width":2000,"height":714,"url":"https:\/\/www.termevenezia.it\/wp-content\/uploads\/2021\/08\/slide-pacchetti-termali-terme-venezia.jpg","type":"image\/jpeg"}],"twitter_card":"summary_large_image","twitter_misc":{"Dur\u00e9e de lecture estim\u00e9e":"1 minute"},"schema":{"@context":"https:\/\/schema.org","@graph":[{"@type":"WebPage","@id":"https:\/\/www.termevenezia.it\/fr\/paquets-thermaux\/","url":"https:\/\/www.termevenezia.it\/fr\/paquets-thermaux\/","name":"Paquets thermaux - Terme Venezia","isPartOf":{"@id":"https:\/\/www.termevenezia.it\/fr\/#website"},"primaryImageOfPage":{"@id":"https:\/\/www.termevenezia.it\/fr\/paquets-thermaux\/#primaryimage"},"image":{"@id":"https:\/\/www.termevenezia.it\/fr\/paquets-thermaux\/#primaryimage"},"thumbnailUrl":"https:\/\/www.termevenezia.it\/wp-content\/uploads\/2021\/08\/slide-pacchetti-termali-terme-venezia.jpg","datePublished":"2021-09-17T08:30:53+00:00","dateModified":"2021-10-06T09:50:39+00:00","description":"Paquets thermaux: exp\u00e9riences de d\u00e9tente au Spa et aux Thermes d\u2019Abano.","breadcrumb":{"@id":"https:\/\/www.termevenezia.it\/fr\/paquets-thermaux\/#breadcrumb"},"inLanguage":"fr-FR","potentialAction":[{"@type":"ReadAction","target":["https:\/\/www.termevenezia.it\/fr\/paquets-thermaux\/"]}]},{"@type":"ImageObject","inLanguage":"fr-FR","@id":"https:\/\/www.termevenezia.it\/fr\/paquets-thermaux\/#primaryimage","url":"https:\/\/www.termevenezia.it\/wp-content\/uploads\/2021\/08\/slide-pacchetti-termali-terme-venezia.jpg","contentUrl":"https:\/\/www.termevenezia.it\/wp-content\/uploads\/2021\/08\/slide-pacchetti-termali-terme-venezia.jpg","width":2000,"height":714},{"@type":"BreadcrumbList","@id":"https:\/\/www.termevenezia.it\/fr\/paquets-thermaux\/#breadcrumb","itemListElement":[{"@type":"ListItem","position":1,"name":"","item":"https:\/\/www.termevenezia.it\/fr\/"},{"@type":"ListItem","position":2,"name":"Paquets thermaux"}]},{"@type":"WebSite","@id":"https:\/\/www.termevenezia.it\/fr\/#website","url":"https:\/\/www.termevenezia.it\/fr\/","name":"Terme Venezia","description":"","potentialAction":[{"@type":"SearchAction","target":{"@type":"EntryPoint","urlTemplate":"https:\/\/www.termevenezia.it\/fr\/?s={search_term_string}"},"query-input":{"@type":"PropertyValueSpecification","valueRequired":true,"valueName":"search_term_string"}}],"inLanguage":"fr-FR"}]}},"coauthors":[],"author_meta":{"author_link":"https:\/\/www.termevenezia.it\/fr\/author\/t3mr4-v84ka0\/","display_name":"t3mr4-v84ka0"},"relative_dates":{"created":"Publi\u00e9 5 ans il y a","modified":"Mis \u00e0 jour 5 ans il y a"},"absolute_dates":{"created":"Publi\u00e9 le septembre 17, 2021","modified":"Mise \u00e0 jour le octobre 6, 2021"},"absolute_dates_time":{"created":"Publi\u00e9 le septembre 17, 2021 10:30 am","modified":"Mise \u00e0 jour le octobre 6, 2021 11:50 am"},"featured_img_caption":"","featured_img":"https:\/\/www.termevenezia.it\/wp-content\/uploads\/2021\/08\/slide-pacchetti-termali-terme-venezia-1568x560.jpg","series_order":"","_links":{"self":[{"href":"https:\/\/www.termevenezia.it\/fr\/wp-json\/wp\/v2\/pages\/5387","targetHints":{"allow":["GET"]}}],"collection":[{"href":"https:\/\/www.termevenezia.it\/fr\/wp-json\/wp\/v2\/pages"}],"about":[{"href":"https:\/\/www.termevenezia.it\/fr\/wp-json\/wp\/v2\/types\/page"}],"author":[{"embeddable":true,"href":"https:\/\/www.termevenezia.it\/fr\/wp-json\/wp\/v2\/users\/1"}],"replies":[{"embeddable":true,"href":"https:\/\/www.termevenezia.it\/fr\/wp-json\/wp\/v2\/comments?post=5387"}],"version-history":[{"count":2,"href":"https:\/\/www.termevenezia.it\/fr\/wp-json\/wp\/v2\/pages\/5387\/revisions"}],"predecessor-version":[{"id":5389,"href":"https:\/\/www.termevenezia.it\/fr\/wp-json\/wp\/v2\/pages\/5387\/revisions\/5389"}],"wp:featuredmedia":[{"embeddable":true,"href":"https:\/\/www.termevenezia.it\/fr\/wp-json\/wp\/v2\/media\/3621"}],"wp:attachment":[{"href":"https:\/\/www.termevenezia.it\/fr\/wp-json\/wp\/v2\/media?parent=5387"}],"curies":[{"name":"wp","href":"https:\/\/api.w.org\/{rel}","templated":true}]}}