{"id":7102,"date":"2021-09-29T12:37:58","date_gmt":"2021-09-29T10:37:58","guid":{"rendered":"https:\/\/www.termevenezia.it\/?page_id=7102"},"modified":"2024-08-14T15:50:55","modified_gmt":"2024-08-14T13:50:55","slug":"commentaires","status":"publish","type":"page","link":"https:\/\/www.termevenezia.it\/fr\/commentaires\/","title":{"rendered":"Commentaires"},"content":{"rendered":"<div  class=\"grids-section grids-is-advanced alignfull\" style=\"--_gs-gap-desktop:0px 0px;--_gs-m-desktop:0 0 0 0;--_gs-p-desktop:0 0 0 0;--_gs-bg-desktop:transparent none;--_gs-bg-xp-desktop:0px;--_gs-zi-desktop:auto;--_gs-d-desktop:block;--_gs-mw-desktop:calc(100% - 0 - 0);--_gs-gap-tablet:0px 0px;--_gs-m-tablet:0 0 0 0;--_gs-p-tablet:0 0 0 0;--_gs-bg-tablet:transparent none;--_gs-bg-xp-tablet:0px;--_gs-zi-tablet:auto;--_gs-d-tablet:block;--_gs-mw-tablet:calc(100% - 0 - 0);--_gs-gap-mobile:0px 0px;--_gs-m-mobile:0 0 0 0;--_gs-p-mobile:0 0 0 0;--_gs-bg-mobile:transparent none;--_gs-bg-xp-mobile:0px;--_gs-zi-mobile:auto;--_gs-d-mobile:block;--_gs-mw-mobile:calc(100% - 0 - 0);--_gs-columns:12;--_gs-rows:6\"><div class=\"grids-s-w_i\">\n<div class=\"grids-area\" style=\"--_ga-column:2\/12;--_ga-row:1\/2;--_ga-m-desktop:0 0 0 0;--_ga-p-desktop:0 0 0 0;--_ga-bg-desktop:transparent none;--_ga-zi-desktop:auto;--_ga-d-desktop:flex;--_ga-mw-desktop:calc(100% - 0 - 0);--_ga-m-tablet:0 0 0 0;--_ga-p-tablet:0 0 0 0;--_ga-bg-tablet:transparent none;--_ga-zi-tablet:auto;--_ga-d-tablet:flex;--_ga-mw-tablet:calc(100% - 0 - 0);--_ga-m-mobile:0 0 0 0;--_ga-p-mobile:0 0 0 0;--_ga-bg-mobile:transparent none;--_ga-zi-mobile:auto;--_ga-d-mobile:flex;--_ga-mw-mobile:calc(100% - 0 - 0)\">\n\n<h1 class=\"wp-block-heading\">Commentaires de nos invit\u00e9s<\/h1>\n\n<\/div>\n\n<div class=\"grids-area\" style=\"--_ga-column:2\/12;--_ga-row:2\/3;--_ga-m-desktop:0 0 0 0;--_ga-p-desktop:0 0 0 0;--_ga-bg-desktop:transparent none;--_ga-zi-desktop:auto;--_ga-d-desktop:flex;--_ga-mw-desktop:calc(100% - 0 - 0);--_ga-m-tablet:0 0 0 0;--_ga-p-tablet:0 0 0 0;--_ga-bg-tablet:transparent none;--_ga-zi-tablet:auto;--_ga-d-tablet:flex;--_ga-mw-tablet:calc(100% - 0 - 0);--_ga-m-mobile:0 0 0 0;--_ga-p-mobile:0 0 0 0;--_ga-bg-mobile:transparent none;--_ga-zi-mobile:auto;--_ga-d-mobile:flex;--_ga-mw-mobile:calc(100% - 0 - 0)\">\n\n<!-- Reviews -->\n<!--\t\t\t\t\t\t<div id=\"cntStats\">\n\t\t\t\t\t\t\t<div class=\"text-center\"><img decoding=\"async\" src=\"\/recensioniCA\/img\/spinner.gif\" alt=\"Chargement...\"><\/div>\n\t\t\t\t\t\t<\/div>\n\t\t\t\t\t\t<div id=\"cntReviews\"><\/div>\n\t\t\t\t\t\t<div class=\"row\">\n\t\t\t\t\t\t\t<div class=\"col-md-12 text-center\">\n\t\t\t\t\t\t\t\t<button id=\"caId_getMoreReviews\" class=\"btn-gold\" style=\"display:none\">Chargez plus...<\/button>\n\t\t\t\t\t\t\t<\/div>\n\t\t\t\t\t\t<\/div>-->\n\t\t\t\t\t\t<!-- END Reviews -->\n\n\n<div id=\"reviewCollection\" class=\"row\">\r\n    <span class=\"loading\">\r\n        <i class=\"fas fa-spinner fa-pulse\"><\/i>    \r\n        Loading...\r\n    <\/span>\r\n<\/div>\r\n\r\n\r\n<!-- QUALITANDO REVIEW -->\r\n<script type=\"text\/javascript\">\r\n    var qualitandoLang = 'fr';\r\n    jQuery(document).ready(function () {\r\n        \/\/ URL dello script PHP che recupera le recensioni\r\n        var url = \"\/wp-content\/themes\/jampaa\/template-parts\/content\/updateReviews.php\";  \/\/ Percorso file di aggiornamento recensioni\r\n\r\n        jQuery.getJSON(url, function (data) {\r\n            if (Array.isArray(data.comments)) {\r\n\r\n                var filteredReviews = data.comments.filter(function(review) {\r\n                    return review.comment.translation.sourceLanguage === qualitandoLang;\r\n                });\r\n\r\n                var reviewsHTML=\"\";\r\n                    \r\n                \/\/ Prendi solo le prime 10 recensioni\r\n                var firstTenReviews = filteredReviews.slice(0, 10);\r\n                \r\n                \/\/ Itera sulle prime 10 recensioni\r\n                firstTenReviews.forEach(function(review) {\r\n                    \/\/ Logica per creare l'HTML delle recensioni\r\n                    \r\n                    var formattedDate = new Date(review.date);\r\n                    var day = formattedDate.getDate();\r\n                    var month = formattedDate.toLocaleString('default', { month: 'long' });\r\n                    var year = formattedDate.getFullYear();\r\n                    var formattedDateString = day + ' ' + month + ' ' + year;\r\n\r\n                    var reviewHtml = \"<div style='vertical-align:top'>\";\r\n                    reviewHtml += \"<i style='color: #88D16F; font-size:14px; margin-right:3px' class='fa fa-quote-left'><\/i>\";\r\n                    reviewHtml += \"<span class='b300 no-margin testoRev'>\" + review.comment.text + '<\/span>';\r\n                    reviewHtml += \"<i style='color: #88D16F;font-size:14px' class='fa fa-quote-right'><\/i>\";\r\n                    reviewHtml += \"<div style='color: #b64d2b;' class='txt_18  bold-600  marginB5 paddingT5 testoAut'> autore: \"  + review.author + \"<\/div> <span class='bold-600' style='background: #5cb85c;color: #fff;padding:2px 5px; margin-right:5px; font-style:normal'>\" + review.score + \"% <\/span> <em>- reviewed on \" + formattedDateString + \"<\/em><\/div>\";\r\n\t\t\t\t    reviewHtml += \"<\/div><br><br>\";\r\n                    reviewHtml += '<\/div>';\r\n                    \r\n                    \/\/ Aggiungi la recensione alla variabile #reviewsHTML\r\n                    reviewsHTML+=reviewHtml;\r\n                });\r\n                jQuery(\"#reviewCollection\").html(reviewsHTML);\r\n            } else {\r\n                console.error(\"Formato dati non valido\");\r\n                jQuery(\"#reviewCollection\").html('<p>Errore nel formato dei dati delle recensioni.<\/p>');\r\n            }\r\n        }).fail(function(jqxhr, textStatus, error) {\r\n            console.error(\"Request Failed: \" + textStatus + \", \" + error);\r\n            jQuery(\"#reviewCollection\").html('<p>Errore nel recupero delle recensioni fuori function.<\/p>');\r\n        });\r\n    });\r\n<\/script>\n\n<\/div>\n<\/div><\/div>","protected":false},"excerpt":{"rendered":"","protected":false},"author":1,"featured_media":3746,"parent":0,"menu_order":0,"comment_status":"closed","ping_status":"closed","template":"","meta":{"_acf_changed":false,"advgb_blocks_editor_width":"","advgb_blocks_columns_visual_guide":"","footnotes":""},"class_list":["post-7102","page","type-page","status-publish","has-post-thumbnail","hentry","entry"],"acf":[],"yoast_head":"<!-- This site is optimized with the Yoast SEO plugin v25.7 - https:\/\/yoast.com\/wordpress\/plugins\/seo\/ -->\n<title>Commentaires - Terme Venezia<\/title>\n<meta name=\"robots\" content=\"index, follow, max-snippet:-1, max-image-preview:large, max-video-preview:-1\" \/>\n<link rel=\"canonical\" href=\"https:\/\/www.termevenezia.it\/fr\/commentaires\/\" \/>\n<meta property=\"og:locale\" content=\"fr_FR\" \/>\n<meta property=\"og:type\" content=\"article\" \/>\n<meta property=\"og:title\" content=\"Commentaires - Terme Venezia\" \/>\n<meta property=\"og:url\" content=\"https:\/\/www.termevenezia.it\/fr\/commentaires\/\" \/>\n<meta property=\"og:site_name\" content=\"Terme Venezia\" \/>\n<meta property=\"article:modified_time\" content=\"2024-08-14T13:50:55+00:00\" \/>\n<meta property=\"og:image\" content=\"https:\/\/www.termevenezia.it\/wp-content\/uploads\/2021\/09\/slide-recensioni-hotel-venezia-terme.jpg\" \/>\n\t<meta property=\"og:image:width\" content=\"2000\" \/>\n\t<meta property=\"og:image:height\" content=\"714\" \/>\n\t<meta property=\"og:image:type\" content=\"image\/jpeg\" \/>\n<meta name=\"twitter:card\" content=\"summary_large_image\" \/>\n<meta name=\"twitter:label1\" content=\"Dur\u00e9e de lecture estim\u00e9e\" \/>\n\t<meta name=\"twitter:data1\" content=\"1 minute\" \/>\n<script type=\"application\/ld+json\" class=\"yoast-schema-graph\">{\"@context\":\"https:\/\/schema.org\",\"@graph\":[{\"@type\":\"WebPage\",\"@id\":\"https:\/\/www.termevenezia.it\/fr\/commentaires\/\",\"url\":\"https:\/\/www.termevenezia.it\/fr\/commentaires\/\",\"name\":\"Commentaires - Terme Venezia\",\"isPartOf\":{\"@id\":\"https:\/\/www.termevenezia.it\/fr\/#website\"},\"primaryImageOfPage\":{\"@id\":\"https:\/\/www.termevenezia.it\/fr\/commentaires\/#primaryimage\"},\"image\":{\"@id\":\"https:\/\/www.termevenezia.it\/fr\/commentaires\/#primaryimage\"},\"thumbnailUrl\":\"https:\/\/www.termevenezia.it\/wp-content\/uploads\/2021\/09\/slide-recensioni-hotel-venezia-terme.jpg\",\"datePublished\":\"2021-09-29T10:37:58+00:00\",\"dateModified\":\"2024-08-14T13:50:55+00:00\",\"breadcrumb\":{\"@id\":\"https:\/\/www.termevenezia.it\/fr\/commentaires\/#breadcrumb\"},\"inLanguage\":\"fr-FR\",\"potentialAction\":[{\"@type\":\"ReadAction\",\"target\":[\"https:\/\/www.termevenezia.it\/fr\/commentaires\/\"]}]},{\"@type\":\"ImageObject\",\"inLanguage\":\"fr-FR\",\"@id\":\"https:\/\/www.termevenezia.it\/fr\/commentaires\/#primaryimage\",\"url\":\"https:\/\/www.termevenezia.it\/wp-content\/uploads\/2021\/09\/slide-recensioni-hotel-venezia-terme.jpg\",\"contentUrl\":\"https:\/\/www.termevenezia.it\/wp-content\/uploads\/2021\/09\/slide-recensioni-hotel-venezia-terme.jpg\",\"width\":2000,\"height\":714},{\"@type\":\"BreadcrumbList\",\"@id\":\"https:\/\/www.termevenezia.it\/fr\/commentaires\/#breadcrumb\",\"itemListElement\":[{\"@type\":\"ListItem\",\"position\":1,\"name\":\"\",\"item\":\"https:\/\/www.termevenezia.it\/fr\/\"},{\"@type\":\"ListItem\",\"position\":2,\"name\":\"Commentaires\"}]},{\"@type\":\"WebSite\",\"@id\":\"https:\/\/www.termevenezia.it\/fr\/#website\",\"url\":\"https:\/\/www.termevenezia.it\/fr\/\",\"name\":\"Terme Venezia\",\"description\":\"\",\"potentialAction\":[{\"@type\":\"SearchAction\",\"target\":{\"@type\":\"EntryPoint\",\"urlTemplate\":\"https:\/\/www.termevenezia.it\/fr\/?s={search_term_string}\"},\"query-input\":{\"@type\":\"PropertyValueSpecification\",\"valueRequired\":true,\"valueName\":\"search_term_string\"}}],\"inLanguage\":\"fr-FR\"}]}<\/script>\n<!-- \/ Yoast SEO plugin. -->","yoast_head_json":{"title":"Commentaires - Terme Venezia","robots":{"index":"index","follow":"follow","max-snippet":"max-snippet:-1","max-image-preview":"max-image-preview:large","max-video-preview":"max-video-preview:-1"},"canonical":"https:\/\/www.termevenezia.it\/fr\/commentaires\/","og_locale":"fr_FR","og_type":"article","og_title":"Commentaires - Terme Venezia","og_url":"https:\/\/www.termevenezia.it\/fr\/commentaires\/","og_site_name":"Terme Venezia","article_modified_time":"2024-08-14T13:50:55+00:00","og_image":[{"width":2000,"height":714,"url":"https:\/\/www.termevenezia.it\/wp-content\/uploads\/2021\/09\/slide-recensioni-hotel-venezia-terme.jpg","type":"image\/jpeg"}],"twitter_card":"summary_large_image","twitter_misc":{"Dur\u00e9e de lecture estim\u00e9e":"1 minute"},"schema":{"@context":"https:\/\/schema.org","@graph":[{"@type":"WebPage","@id":"https:\/\/www.termevenezia.it\/fr\/commentaires\/","url":"https:\/\/www.termevenezia.it\/fr\/commentaires\/","name":"Commentaires - Terme Venezia","isPartOf":{"@id":"https:\/\/www.termevenezia.it\/fr\/#website"},"primaryImageOfPage":{"@id":"https:\/\/www.termevenezia.it\/fr\/commentaires\/#primaryimage"},"image":{"@id":"https:\/\/www.termevenezia.it\/fr\/commentaires\/#primaryimage"},"thumbnailUrl":"https:\/\/www.termevenezia.it\/wp-content\/uploads\/2021\/09\/slide-recensioni-hotel-venezia-terme.jpg","datePublished":"2021-09-29T10:37:58+00:00","dateModified":"2024-08-14T13:50:55+00:00","breadcrumb":{"@id":"https:\/\/www.termevenezia.it\/fr\/commentaires\/#breadcrumb"},"inLanguage":"fr-FR","potentialAction":[{"@type":"ReadAction","target":["https:\/\/www.termevenezia.it\/fr\/commentaires\/"]}]},{"@type":"ImageObject","inLanguage":"fr-FR","@id":"https:\/\/www.termevenezia.it\/fr\/commentaires\/#primaryimage","url":"https:\/\/www.termevenezia.it\/wp-content\/uploads\/2021\/09\/slide-recensioni-hotel-venezia-terme.jpg","contentUrl":"https:\/\/www.termevenezia.it\/wp-content\/uploads\/2021\/09\/slide-recensioni-hotel-venezia-terme.jpg","width":2000,"height":714},{"@type":"BreadcrumbList","@id":"https:\/\/www.termevenezia.it\/fr\/commentaires\/#breadcrumb","itemListElement":[{"@type":"ListItem","position":1,"name":"","item":"https:\/\/www.termevenezia.it\/fr\/"},{"@type":"ListItem","position":2,"name":"Commentaires"}]},{"@type":"WebSite","@id":"https:\/\/www.termevenezia.it\/fr\/#website","url":"https:\/\/www.termevenezia.it\/fr\/","name":"Terme Venezia","description":"","potentialAction":[{"@type":"SearchAction","target":{"@type":"EntryPoint","urlTemplate":"https:\/\/www.termevenezia.it\/fr\/?s={search_term_string}"},"query-input":{"@type":"PropertyValueSpecification","valueRequired":true,"valueName":"search_term_string"}}],"inLanguage":"fr-FR"}]}},"coauthors":[],"author_meta":{"author_link":"https:\/\/www.termevenezia.it\/fr\/author\/t3mr4-v84ka0\/","display_name":"t3mr4-v84ka0"},"relative_dates":{"created":"Publi\u00e9 5 ans il y a","modified":"Mis \u00e0 jour 2 ans il y a"},"absolute_dates":{"created":"Publi\u00e9 le septembre 29, 2021","modified":"Mise \u00e0 jour le ao\u00fbt 14, 2024"},"absolute_dates_time":{"created":"Publi\u00e9 le septembre 29, 2021 12:37 pm","modified":"Mise \u00e0 jour le ao\u00fbt 14, 2024 3:50 pm"},"featured_img_caption":"","featured_img":"https:\/\/www.termevenezia.it\/wp-content\/uploads\/2021\/09\/slide-recensioni-hotel-venezia-terme-1568x560.jpg","series_order":"","_links":{"self":[{"href":"https:\/\/www.termevenezia.it\/fr\/wp-json\/wp\/v2\/pages\/7102","targetHints":{"allow":["GET"]}}],"collection":[{"href":"https:\/\/www.termevenezia.it\/fr\/wp-json\/wp\/v2\/pages"}],"about":[{"href":"https:\/\/www.termevenezia.it\/fr\/wp-json\/wp\/v2\/types\/page"}],"author":[{"embeddable":true,"href":"https:\/\/www.termevenezia.it\/fr\/wp-json\/wp\/v2\/users\/1"}],"replies":[{"embeddable":true,"href":"https:\/\/www.termevenezia.it\/fr\/wp-json\/wp\/v2\/comments?post=7102"}],"version-history":[{"count":2,"href":"https:\/\/www.termevenezia.it\/fr\/wp-json\/wp\/v2\/pages\/7102\/revisions"}],"predecessor-version":[{"id":13078,"href":"https:\/\/www.termevenezia.it\/fr\/wp-json\/wp\/v2\/pages\/7102\/revisions\/13078"}],"wp:featuredmedia":[{"embeddable":true,"href":"https:\/\/www.termevenezia.it\/fr\/wp-json\/wp\/v2\/media\/3746"}],"wp:attachment":[{"href":"https:\/\/www.termevenezia.it\/fr\/wp-json\/wp\/v2\/media?parent=7102"}],"curies":[{"name":"wp","href":"https:\/\/api.w.org\/{rel}","templated":true}]}}