{"id":748,"date":"2021-08-06T11:40:37","date_gmt":"2021-08-06T09:40:37","guid":{"rendered":"https:\/\/www.termevenezia.it\/?page_id=748"},"modified":"2024-04-18T17:43:33","modified_gmt":"2024-04-18T15:43:33","slug":"bambini","status":"publish","type":"page","link":"https:\/\/www.termevenezia.it\/it\/bambini\/","title":{"rendered":"Alle Terme di Abano con bambini e famiglia"},"content":{"rendered":"<div  class=\"grids-section grids-is-advanced\" style=\"--_gs-gap-desktop:0px 0px;--_gs-m-desktop:0 0 0 0;--_gs-p-desktop:0 0 0 0;--_gs-bg-desktop:transparent none;--_gs-bg-xp-desktop:0px;--_gs-zi-desktop:auto;--_gs-d-desktop:block;--_gs-mw-desktop:calc(100% - 0 - 0);--_gs-gap-tablet:0px 0px;--_gs-m-tablet:0 0 0 0;--_gs-p-tablet:0 0 0 0;--_gs-bg-tablet:transparent none;--_gs-bg-xp-tablet:0px;--_gs-zi-tablet:auto;--_gs-d-tablet:block;--_gs-mw-tablet:calc(100% - 0 - 0);--_gs-gap-mobile:0px 0px;--_gs-m-mobile:0 0 0 0;--_gs-p-mobile:0 0 0 0;--_gs-bg-mobile:transparent none;--_gs-bg-xp-mobile:0px;--_gs-zi-mobile:auto;--_gs-d-mobile:block;--_gs-mw-mobile:calc(100% - 0 - 0);--_gs-columns:12;--_gs-rows:6\"><div class=\"grids-s-w_i\">\n<div class=\"grids-area text-align-left-mobile\" style=\"--_ga-column:3\/11;--_ga-row:1\/2;--_ga-m-desktop:20px 0 0 0;--_ga-p-desktop:0 0 0 0;--_ga-bg-desktop:transparent none;--_ga-zi-desktop:auto;--_ga-d-desktop:flex;--_ga-mw-desktop:calc(100% - 0 - 0);--_ga-m-tablet:20px 0 0 0;--_ga-p-tablet:0 0 0 0;--_ga-bg-tablet:transparent none;--_ga-zi-tablet:auto;--_ga-d-tablet:flex;--_ga-mw-tablet:calc(100% - 0 - 0);--_ga-m-mobile:20px 0 20px 0;--_ga-p-mobile:0 0 0 0;--_ga-bg-mobile:transparent none;--_ga-zi-mobile:auto;--_ga-d-mobile:flex;--_ga-mw-mobile:calc(100% - 0 - 0)\">\n\n<p class=\"has-text-align-center\">I bambini sono i benvenuti all\u2019Hotel Terme Venezia. Abbiamo tutto ci\u00f2 che serve per farli divertire e lasciare a te solo la preoccupazione di rilassarti e goderti un soggiorno senza pensieri.<\/p>\n\n<\/div>\n<\/div><\/div>\n\n<div  class=\"grids-section grids-is-advanced alignfull\" style=\"--_gs-gap-desktop:0px 0px;--_gs-m-desktop:0 0 0 0;--_gs-p-desktop:0 0 0 0;--_gs-bg-desktop:transparent none;--_gs-bg-xp-desktop:0px;--_gs-zi-desktop:auto;--_gs-d-desktop:block;--_gs-mw-desktop:calc(100% - 0 - 0);--_gs-gap-tablet:0px 0px;--_gs-m-tablet:0 0 0 0;--_gs-p-tablet:0 0 0 0;--_gs-bg-tablet:transparent none;--_gs-bg-xp-tablet:0px;--_gs-zi-tablet:auto;--_gs-d-tablet:block;--_gs-mw-tablet:calc(100% - 0 - 0);--_gs-gap-mobile:0px 0px;--_gs-m-mobile:20px 0 20px 0;--_gs-p-mobile:0 0 0 0;--_gs-bg-mobile:transparent none;--_gs-bg-xp-mobile:0px;--_gs-zi-mobile:auto;--_gs-d-mobile:block;--_gs-mw-mobile:calc(100% - 0 - 0);--_gs-columns:12;--_gs-rows:6\"><div class=\"grids-s-w_i\">\n<div class=\"grids-area\" style=\"--_ga-column:2\/5;--_ga-row:1\/7;--_ga-va:center;--_ga-m-desktop:0 0 0 0;--_ga-p-desktop:0 0 0 0;--_ga-bg-desktop:transparent none;--_ga-zi-desktop:auto;--_ga-d-desktop:flex;--_ga-mw-desktop:calc(100% - 0 - 0);--_ga-m-tablet:0 0 0 0;--_ga-p-tablet:0 0 0 0;--_ga-bg-tablet:transparent none;--_ga-zi-tablet:auto;--_ga-d-tablet:flex;--_ga-mw-tablet:calc(100% - 0 - 0);--_ga-m-mobile:0 0 0 0;--_ga-p-mobile:0 0 0 0;--_ga-bg-mobile:transparent none;--_ga-zi-mobile:auto;--_ga-d-mobile:flex;--_ga-mw-mobile:calc(100% - 0 - 0)\">\n\n<h2 class=\"wp-block-heading\">Camere per famiglie<\/h2>\n\n\n\n<hr class=\"wp-block-separator has-css-opacity is-style-default\"\/>\n\n\n\n<p>Per il pernottamento disponiamo di <a href=\"\/it\/camere\/\" target=\"_blank\" rel=\"noreferrer noopener\">camere<\/a> con <strong>terzo letto<\/strong> o <strong>quadruple <\/strong>gi\u00e0 predisposte con <strong>lettini o culle<\/strong>. Per esigenze particolari, puoi prenotare due <strong>camere comunicanti<\/strong>: i bambini saranno pi\u00f9 indipendenti e tu potrai concederti un po\u2019 di intimit\u00e0.<\/p>\n\n\n\n<\/div>\n\n<div class=\"grids-area\" style=\"--_ga-column:6\/12;--_ga-row:1\/7;--_ga-va:center;--_ga-m-desktop:0 0 0 0;--_ga-p-desktop:0 0 0 0;--_ga-bg-desktop:transparent none;--_ga-zi-desktop:auto;--_ga-d-desktop:flex;--_ga-mw-desktop:calc(100% - 0 - 0);--_ga-m-tablet:0 0 0 0;--_ga-p-tablet:0 0 0 0;--_ga-bg-tablet:transparent none;--_ga-zi-tablet:auto;--_ga-d-tablet:flex;--_ga-mw-tablet:calc(100% - 0 - 0);--_ga-m-mobile:0 0 0 0;--_ga-p-mobile:0 0 0 0;--_ga-bg-mobile:transparent none;--_ga-zi-mobile:auto;--_ga-d-mobile:flex;--_ga-mw-mobile:calc(100% - 0 - 0)\">\n\n<figure class=\"wp-block-image size-large border-rounded\"><img style=\"background-color: #958373;\" decoding=\"async\" width=\"1024\" height=\"662\" src=\"https:\/\/www.termevenezia.it\/wp-content\/uploads\/2021\/08\/camera-comfort-hotel-venezia-abano_04-1024x662.jpg\" alt=\"\" class=\"wp-image-3371\" srcset=\"https:\/\/www.termevenezia.it\/wp-content\/uploads\/2021\/08\/camera-comfort-hotel-venezia-abano_04-1024x662.jpg 1024w, https:\/\/www.termevenezia.it\/wp-content\/uploads\/2021\/08\/camera-comfort-hotel-venezia-abano_04-300x194.jpg 300w, https:\/\/www.termevenezia.it\/wp-content\/uploads\/2021\/08\/camera-comfort-hotel-venezia-abano_04-768x497.jpg 768w, https:\/\/www.termevenezia.it\/wp-content\/uploads\/2021\/08\/camera-comfort-hotel-venezia-abano_04.jpg 1200w\" sizes=\"(max-width: 1024px) 100vw, 1024px\" \/><\/figure>\n\n<\/div>\n<\/div><\/div>\n\n<div  class=\"grids-section grids-is-advanced\" style=\"--_gs-gap-desktop:0px 0px;--_gs-m-desktop:0 0 0 0;--_gs-p-desktop:0 0 0 0;--_gs-bg-desktop:transparent none;--_gs-bg-xp-desktop:0px;--_gs-zi-desktop:auto;--_gs-d-desktop:block;--_gs-mw-desktop:calc(100% - 0 - 0);--_gs-gap-tablet:0px 0px;--_gs-m-tablet:0 0 0 0;--_gs-p-tablet:0 0 0 0;--_gs-bg-tablet:transparent none;--_gs-bg-xp-tablet:0px;--_gs-zi-tablet:auto;--_gs-d-tablet:block;--_gs-mw-tablet:calc(100% - 0 - 0);--_gs-gap-mobile:0px 0px;--_gs-m-mobile:20px 0 20px 0;--_gs-p-mobile:0 0 0 0;--_gs-bg-mobile:transparent none;--_gs-bg-xp-mobile:0px;--_gs-zi-mobile:auto;--_gs-d-mobile:block;--_gs-mw-mobile:calc(100% - 0 - 0);--_gs-columns:12;--_gs-rows:6\"><div class=\"grids-s-w_i\">\n<div class=\"grids-area\" style=\"--_ga-column:2\/12;--_ga-row:1\/2;--_ga-m-desktop:0 0 0 0;--_ga-p-desktop:0 0 0 0;--_ga-bg-desktop:transparent none;--_ga-zi-desktop:auto;--_ga-d-desktop:flex;--_ga-mw-desktop:calc(100% - 0 - 0);--_ga-m-tablet:0 0 0 0;--_ga-p-tablet:0 0 0 0;--_ga-bg-tablet:transparent none;--_ga-zi-tablet:auto;--_ga-d-tablet:flex;--_ga-mw-tablet:calc(100% - 0 - 0);--_ga-m-mobile:0 0 0 0;--_ga-p-mobile:0 0 0 0;--_ga-bg-mobile:transparent none;--_ga-zi-mobile:auto;--_ga-d-mobile:flex;--_ga-mw-mobile:calc(100% - 0 - 0)\"><\/div>\n<\/div><\/div>\n\n<div  class=\"grids-section grids-is-advanced alignfull\" style=\"--_gs-gap-desktop:0px 0px;--_gs-m-desktop:0 0 0 0;--_gs-p-desktop:0 0 0 0;--_gs-bg-desktop:transparent none;--_gs-bg-xp-desktop:0px;--_gs-zi-desktop:auto;--_gs-d-desktop:block;--_gs-mw-desktop:calc(100% - 0 - 0);--_gs-gap-tablet:0px 0px;--_gs-m-tablet:0 0 0 0;--_gs-p-tablet:0 0 0 0;--_gs-bg-tablet:transparent none;--_gs-bg-xp-tablet:0px;--_gs-zi-tablet:auto;--_gs-d-tablet:block;--_gs-mw-tablet:calc(100% - 0 - 0);--_gs-gap-mobile:0px 0px;--_gs-m-mobile:20px 0 20px 0;--_gs-p-mobile:0 0 0 0;--_gs-bg-mobile:transparent none;--_gs-bg-xp-mobile:0px;--_gs-zi-mobile:auto;--_gs-d-mobile:block;--_gs-mw-mobile:calc(100% - 0 - 0);--_gs-columns:12;--_gs-rows:6\"><div class=\"grids-s-w_i\">\n<div class=\"grids-area\" style=\"--_ga-column:9\/12;--_ga-row:1\/7;--_ga-va:center;--_ga-m-desktop:0 0 0 0;--_ga-p-desktop:0 0 0 0;--_ga-bg-desktop:transparent none;--_ga-zi-desktop:auto;--_ga-d-desktop:flex;--_ga-mw-desktop:calc(100% - 0 - 0);--_ga-m-tablet:0 0 0 0;--_ga-p-tablet:0 0 0 0;--_ga-bg-tablet:transparent none;--_ga-zi-tablet:auto;--_ga-d-tablet:flex;--_ga-mw-tablet:calc(100% - 0 - 0);--_ga-m-mobile:0 0 0 0;--_ga-p-mobile:0 0 0 0;--_ga-bg-mobile:transparent none;--_ga-zi-mobile:auto;--_ga-d-mobile:flex;--_ga-mw-mobile:calc(100% - 0 - 0)\">\n\n<h2 class=\"wp-block-heading\">Piatti pensati per i pi\u00f9 piccoli<\/h2>\n\n\n\n<hr class=\"wp-block-separator has-css-opacity is-style-default\"\/>\n\n\n\n<p>Su richiesta gli Chef del<a href=\"\/it\/ristorazione\/\" target=\"_blank\" rel=\"noreferrer noopener\"> ristorante Rialto<\/a> realizzeranno <strong>piatti<\/strong> <strong>e ricette <\/strong>per incontrare le esigenze anche dei vostri bambini. <\/p>\n\n\n\n<p>Il nostro Staff \u00e8 a tua disposizione.<\/p>\n\n\n\n<\/div>\n\n<div class=\"grids-area\" style=\"--_ga-column:2\/8;--_ga-row:1\/7;--_ga-va:center;--_ga-m-desktop:0 0 0 0;--_ga-p-desktop:0 0 0 0;--_ga-bg-desktop:transparent none;--_ga-zi-desktop:auto;--_ga-d-desktop:flex;--_ga-mw-desktop:calc(100% - 0 - 0);--_ga-m-tablet:0 0 0 0;--_ga-p-tablet:0 0 0 0;--_ga-bg-tablet:transparent none;--_ga-zi-tablet:auto;--_ga-d-tablet:flex;--_ga-mw-tablet:calc(100% - 0 - 0);--_ga-m-mobile:0 0 0 0;--_ga-p-mobile:0 0 0 0;--_ga-bg-mobile:transparent none;--_ga-zi-mobile:auto;--_ga-d-mobile:flex;--_ga-mw-mobile:calc(100% - 0 - 0)\">\n\n<figure class=\"wp-block-image size-large border-rounded\"><img style=\"background-color: #919491;\" decoding=\"async\" width=\"1024\" height=\"683\" src=\"https:\/\/www.termevenezia.it\/wp-content\/uploads\/2021\/08\/bistrot-terme-venezia_02-1024x683.jpg\" alt=\"bistrot ristorante terme venezia\" class=\"wp-image-1424\" srcset=\"https:\/\/www.termevenezia.it\/wp-content\/uploads\/2021\/08\/bistrot-terme-venezia_02-1024x683.jpg 1024w, https:\/\/www.termevenezia.it\/wp-content\/uploads\/2021\/08\/bistrot-terme-venezia_02-300x200.jpg 300w, https:\/\/www.termevenezia.it\/wp-content\/uploads\/2021\/08\/bistrot-terme-venezia_02-768x512.jpg 768w, https:\/\/www.termevenezia.it\/wp-content\/uploads\/2021\/08\/bistrot-terme-venezia_02-1536x1024.jpg 1536w, https:\/\/www.termevenezia.it\/wp-content\/uploads\/2021\/08\/bistrot-terme-venezia_02-1568x1045.jpg 1568w, https:\/\/www.termevenezia.it\/wp-content\/uploads\/2021\/08\/bistrot-terme-venezia_02.jpg 1800w\" sizes=\"(max-width: 1024px) 100vw, 1024px\" \/><\/figure>\n\n<\/div>\n<\/div><\/div>","protected":false},"excerpt":{"rendered":"","protected":false},"author":1,"featured_media":1010,"parent":0,"menu_order":0,"comment_status":"closed","ping_status":"closed","template":"","meta":{"_acf_changed":false,"advgb_blocks_editor_width":"","advgb_blocks_columns_visual_guide":"","footnotes":""},"class_list":["post-748","page","type-page","status-publish","has-post-thumbnail","hentry","entry"],"acf":[],"yoast_head":"<!-- This site is optimized with the Yoast SEO plugin v25.7 - https:\/\/yoast.com\/wordpress\/plugins\/seo\/ -->\n<title>Alle Terme di Abano con bambini e famiglia - Terme Venezia<\/title>\n<meta name=\"description\" content=\"Hotel Terme Venezia \u00e8 anche per i pi\u00f9 piccoli: abbiamo tutto ci\u00f2 che serve per farli divertire e farti goderti un soggiorno senza pensieri.\" \/>\n<meta name=\"robots\" content=\"index, follow, max-snippet:-1, max-image-preview:large, max-video-preview:-1\" \/>\n<link rel=\"canonical\" href=\"https:\/\/www.termevenezia.it\/it\/bambini\/\" \/>\n<meta property=\"og:locale\" content=\"it_IT\" \/>\n<meta property=\"og:type\" content=\"article\" \/>\n<meta property=\"og:title\" content=\"Alle Terme di Abano con bambini e famiglia - Terme Venezia\" \/>\n<meta property=\"og:description\" content=\"Hotel Terme Venezia \u00e8 anche per i pi\u00f9 piccoli: abbiamo tutto ci\u00f2 che serve per farli divertire e farti goderti un soggiorno senza pensieri.\" \/>\n<meta property=\"og:url\" content=\"https:\/\/www.termevenezia.it\/it\/bambini\/\" \/>\n<meta property=\"og:site_name\" content=\"Terme Venezia\" \/>\n<meta property=\"article:modified_time\" content=\"2024-04-18T15:43:33+00:00\" \/>\n<meta property=\"og:image\" content=\"https:\/\/www.termevenezia.it\/wp-content\/uploads\/2021\/08\/slide-piscine-hotel-terme-venezia.jpg\" \/>\n\t<meta property=\"og:image:width\" content=\"2000\" \/>\n\t<meta property=\"og:image:height\" content=\"714\" \/>\n\t<meta property=\"og:image:type\" content=\"image\/jpeg\" \/>\n<meta name=\"twitter:card\" content=\"summary_large_image\" \/>\n<meta name=\"twitter:label1\" content=\"Tempo di lettura stimato\" \/>\n\t<meta name=\"twitter:data1\" content=\"2 minuti\" \/>\n<script type=\"application\/ld+json\" class=\"yoast-schema-graph\">{\"@context\":\"https:\/\/schema.org\",\"@graph\":[{\"@type\":\"WebPage\",\"@id\":\"https:\/\/www.termevenezia.it\/it\/bambini\/\",\"url\":\"https:\/\/www.termevenezia.it\/it\/bambini\/\",\"name\":\"Alle Terme di Abano con bambini e famiglia - Terme Venezia\",\"isPartOf\":{\"@id\":\"https:\/\/www.termevenezia.it\/it\/#website\"},\"primaryImageOfPage\":{\"@id\":\"https:\/\/www.termevenezia.it\/it\/bambini\/#primaryimage\"},\"image\":{\"@id\":\"https:\/\/www.termevenezia.it\/it\/bambini\/#primaryimage\"},\"thumbnailUrl\":\"https:\/\/www.termevenezia.it\/wp-content\/uploads\/2021\/08\/slide-piscine-hotel-terme-venezia.jpg\",\"datePublished\":\"2021-08-06T09:40:37+00:00\",\"dateModified\":\"2024-04-18T15:43:33+00:00\",\"description\":\"Hotel Terme Venezia \u00e8 anche per i pi\u00f9 piccoli: abbiamo tutto ci\u00f2 che serve per farli divertire e farti goderti un soggiorno senza pensieri.\",\"breadcrumb\":{\"@id\":\"https:\/\/www.termevenezia.it\/it\/bambini\/#breadcrumb\"},\"inLanguage\":\"it-IT\",\"potentialAction\":[{\"@type\":\"ReadAction\",\"target\":[\"https:\/\/www.termevenezia.it\/it\/bambini\/\"]}]},{\"@type\":\"ImageObject\",\"inLanguage\":\"it-IT\",\"@id\":\"https:\/\/www.termevenezia.it\/it\/bambini\/#primaryimage\",\"url\":\"https:\/\/www.termevenezia.it\/wp-content\/uploads\/2021\/08\/slide-piscine-hotel-terme-venezia.jpg\",\"contentUrl\":\"https:\/\/www.termevenezia.it\/wp-content\/uploads\/2021\/08\/slide-piscine-hotel-terme-venezia.jpg\",\"width\":2000,\"height\":714},{\"@type\":\"BreadcrumbList\",\"@id\":\"https:\/\/www.termevenezia.it\/it\/bambini\/#breadcrumb\",\"itemListElement\":[{\"@type\":\"ListItem\",\"position\":1,\"name\":\"\",\"item\":\"https:\/\/www.termevenezia.it\/it\/\"},{\"@type\":\"ListItem\",\"position\":2,\"name\":\"Alle Terme di Abano con bambini e famiglia\"}]},{\"@type\":\"WebSite\",\"@id\":\"https:\/\/www.termevenezia.it\/it\/#website\",\"url\":\"https:\/\/www.termevenezia.it\/it\/\",\"name\":\"Terme Venezia\",\"description\":\"\",\"potentialAction\":[{\"@type\":\"SearchAction\",\"target\":{\"@type\":\"EntryPoint\",\"urlTemplate\":\"https:\/\/www.termevenezia.it\/it\/?s={search_term_string}\"},\"query-input\":{\"@type\":\"PropertyValueSpecification\",\"valueRequired\":true,\"valueName\":\"search_term_string\"}}],\"inLanguage\":\"it-IT\"}]}<\/script>\n<!-- \/ Yoast SEO plugin. -->","yoast_head_json":{"title":"Alle Terme di Abano con bambini e famiglia - Terme Venezia","description":"Hotel Terme Venezia \u00e8 anche per i pi\u00f9 piccoli: abbiamo tutto ci\u00f2 che serve per farli divertire e farti goderti un soggiorno senza pensieri.","robots":{"index":"index","follow":"follow","max-snippet":"max-snippet:-1","max-image-preview":"max-image-preview:large","max-video-preview":"max-video-preview:-1"},"canonical":"https:\/\/www.termevenezia.it\/it\/bambini\/","og_locale":"it_IT","og_type":"article","og_title":"Alle Terme di Abano con bambini e famiglia - Terme Venezia","og_description":"Hotel Terme Venezia \u00e8 anche per i pi\u00f9 piccoli: abbiamo tutto ci\u00f2 che serve per farli divertire e farti goderti un soggiorno senza pensieri.","og_url":"https:\/\/www.termevenezia.it\/it\/bambini\/","og_site_name":"Terme Venezia","article_modified_time":"2024-04-18T15:43:33+00:00","og_image":[{"width":2000,"height":714,"url":"https:\/\/www.termevenezia.it\/wp-content\/uploads\/2021\/08\/slide-piscine-hotel-terme-venezia.jpg","type":"image\/jpeg"}],"twitter_card":"summary_large_image","twitter_misc":{"Tempo di lettura stimato":"2 minuti"},"schema":{"@context":"https:\/\/schema.org","@graph":[{"@type":"WebPage","@id":"https:\/\/www.termevenezia.it\/it\/bambini\/","url":"https:\/\/www.termevenezia.it\/it\/bambini\/","name":"Alle Terme di Abano con bambini e famiglia - Terme Venezia","isPartOf":{"@id":"https:\/\/www.termevenezia.it\/it\/#website"},"primaryImageOfPage":{"@id":"https:\/\/www.termevenezia.it\/it\/bambini\/#primaryimage"},"image":{"@id":"https:\/\/www.termevenezia.it\/it\/bambini\/#primaryimage"},"thumbnailUrl":"https:\/\/www.termevenezia.it\/wp-content\/uploads\/2021\/08\/slide-piscine-hotel-terme-venezia.jpg","datePublished":"2021-08-06T09:40:37+00:00","dateModified":"2024-04-18T15:43:33+00:00","description":"Hotel Terme Venezia \u00e8 anche per i pi\u00f9 piccoli: abbiamo tutto ci\u00f2 che serve per farli divertire e farti goderti un soggiorno senza pensieri.","breadcrumb":{"@id":"https:\/\/www.termevenezia.it\/it\/bambini\/#breadcrumb"},"inLanguage":"it-IT","potentialAction":[{"@type":"ReadAction","target":["https:\/\/www.termevenezia.it\/it\/bambini\/"]}]},{"@type":"ImageObject","inLanguage":"it-IT","@id":"https:\/\/www.termevenezia.it\/it\/bambini\/#primaryimage","url":"https:\/\/www.termevenezia.it\/wp-content\/uploads\/2021\/08\/slide-piscine-hotel-terme-venezia.jpg","contentUrl":"https:\/\/www.termevenezia.it\/wp-content\/uploads\/2021\/08\/slide-piscine-hotel-terme-venezia.jpg","width":2000,"height":714},{"@type":"BreadcrumbList","@id":"https:\/\/www.termevenezia.it\/it\/bambini\/#breadcrumb","itemListElement":[{"@type":"ListItem","position":1,"name":"","item":"https:\/\/www.termevenezia.it\/it\/"},{"@type":"ListItem","position":2,"name":"Alle Terme di Abano con bambini e famiglia"}]},{"@type":"WebSite","@id":"https:\/\/www.termevenezia.it\/it\/#website","url":"https:\/\/www.termevenezia.it\/it\/","name":"Terme Venezia","description":"","potentialAction":[{"@type":"SearchAction","target":{"@type":"EntryPoint","urlTemplate":"https:\/\/www.termevenezia.it\/it\/?s={search_term_string}"},"query-input":{"@type":"PropertyValueSpecification","valueRequired":true,"valueName":"search_term_string"}}],"inLanguage":"it-IT"}]}},"coauthors":[],"author_meta":{"author_link":"https:\/\/www.termevenezia.it\/it\/author\/t3mr4-v84ka0\/","display_name":"t3mr4-v84ka0"},"relative_dates":{"created":"Pubblicato 5 anni fa","modified":"Aggiornato 2 anni fa"},"absolute_dates":{"created":"Pubblicato il Agosto 6, 2021","modified":"Aggiornato il Aprile 18, 2024"},"absolute_dates_time":{"created":"Pubblicato il Agosto 6, 2021 11:40 am","modified":"Aggiornato il Aprile 18, 2024 5:43 pm"},"featured_img_caption":"","featured_img":"https:\/\/www.termevenezia.it\/wp-content\/uploads\/2021\/08\/slide-piscine-hotel-terme-venezia-1568x560.jpg","series_order":"","_links":{"self":[{"href":"https:\/\/www.termevenezia.it\/it\/wp-json\/wp\/v2\/pages\/748","targetHints":{"allow":["GET"]}}],"collection":[{"href":"https:\/\/www.termevenezia.it\/it\/wp-json\/wp\/v2\/pages"}],"about":[{"href":"https:\/\/www.termevenezia.it\/it\/wp-json\/wp\/v2\/types\/page"}],"author":[{"embeddable":true,"href":"https:\/\/www.termevenezia.it\/it\/wp-json\/wp\/v2\/users\/1"}],"replies":[{"embeddable":true,"href":"https:\/\/www.termevenezia.it\/it\/wp-json\/wp\/v2\/comments?post=748"}],"version-history":[{"count":38,"href":"https:\/\/www.termevenezia.it\/it\/wp-json\/wp\/v2\/pages\/748\/revisions"}],"predecessor-version":[{"id":12260,"href":"https:\/\/www.termevenezia.it\/it\/wp-json\/wp\/v2\/pages\/748\/revisions\/12260"}],"wp:featuredmedia":[{"embeddable":true,"href":"https:\/\/www.termevenezia.it\/it\/wp-json\/wp\/v2\/media\/1010"}],"wp:attachment":[{"href":"https:\/\/www.termevenezia.it\/it\/wp-json\/wp\/v2\/media?parent=748"}],"curies":[{"name":"wp","href":"https:\/\/api.w.org\/{rel}","templated":true}]}}